{"id":3,"date":"2020-01-10T20:27:36","date_gmt":"2020-01-10T20:27:36","guid":{"rendered":"http:\/\/caychroaz.com\/?page_id=3"},"modified":"2026-02-16T22:21:40","modified_gmt":"2026-02-16T22:21:40","slug":"privacy-policy","status":"publish","type":"page","link":"https:\/\/www.picturava.shop\/da\/privacy-policy\/","title":{"rendered":"Privatlivspolitik"},"content":{"rendered":"<p>Denne privatlivspolitik er udarbejdet for bedre at kunne betjene dem, der er bekymrede for, hvordan deres 'personligt identificerbare oplysninger' (PII) bruges online. PII, som beskrevet i amerikansk lovgivning om beskyttelse af personlige oplysninger og informationssikkerhed, er oplysninger, der kan bruges alene eller sammen med andre oplysninger til at identificere, kontakte eller lokalisere en enkelt person eller til at identificere en person i en sammenh\u00e6ng. L\u00e6s venligst vores privatlivspolitik omhyggeligt for at f\u00e5 en klar forst\u00e5else af, hvordan vi indsamler, bruger, beskytter eller p\u00e5 anden m\u00e5de h\u00e5ndterer dine personligt identificerbare oplysninger i overensstemmelse med vores hjemmeside.<\/p>\n\n\n\n<p><strong>Hvilke personlige oplysninger indsamler vi fra de mennesker, der bes\u00f8ger vores blog, hjemmeside eller app?<\/strong><\/p>\n\n\n\n<p>N\u00e5r du bestiller eller registrerer dig p\u00e5 vores websted, kan du blive bedt om at indtaste dit navn, din e-mailadresse, din postadresse, dit telefonnummer eller andre oplysninger for at hj\u00e6lpe dig med din oplevelse.<\/p>\n\n\n\n<p><strong>Hvorn\u00e5r indsamler vi oplysninger?<\/strong><\/p>\n\n\n\n<p>Vi indsamler oplysninger fra dig, n\u00e5r du registrerer dig p\u00e5 vores websted, afgiver en ordre, abonnerer p\u00e5 et nyhedsbrev eller indtaster oplysninger p\u00e5 vores websted.<\/p>\n\n\n\n<p><strong>Hvordan bruger vi dine oplysninger?<\/strong><\/p>\n\n\n\n<p>Vi kan bruge de oplysninger, vi indsamler fra dig, n\u00e5r du registrerer dig, foretager et k\u00f8b, tilmelder dig vores nyhedsbrev, svarer p\u00e5 en unders\u00f8gelse eller markedsf\u00f8ringskommunikation, surfer p\u00e5 webstedet eller bruger visse andre funktioner p\u00e5 webstedet p\u00e5 f\u00f8lgende m\u00e5der:<\/p>\n\n\n\n<pre class=\"wp-block-code\"><code>  - For at personligg\u00f8re din oplevelse og give os mulighed for at levere den type indhold og produkttilbud, som du er mest interesseret i.\n  - At forbedre vores hjemmeside for bedre at kunne betjene dig.\n  - For at give os mulighed for at yde dig bedre service ved at svare p\u00e5 dine kundeserviceanmodninger.\n  - For hurtigt at kunne behandle dine transaktioner.\n  - Til at sende periodiske e-mails om din ordre eller andre produkter og tjenester.<\/code><\/pre>\n\n\n\n<p><strong>Hvordan beskytter vi dine oplysninger?<\/strong><\/p>\n\n\n\n<p>Vores hjemmeside bliver regelm\u00e6ssigt scannet for sikkerhedshuller og kendte s\u00e5rbarheder for at g\u00f8re dit bes\u00f8g p\u00e5 vores hjemmeside s\u00e5 sikkert som muligt.<\/p>\n\n\n\n<p><strong>Vi bruger regelm\u00e6ssig malware-scanning.<\/strong><\/p>\n\n\n\n<p>Dine personlige oplysninger befinder sig bag sikrede netv\u00e6rk og er kun tilg\u00e6ngelige for et begr\u00e6nset antal personer, der har s\u00e6rlige adgangsrettigheder til s\u00e5danne systemer og er forpligtet til at holde oplysningerne fortrolige. Desuden er alle f\u00f8lsomme oplysninger\/kreditoplysninger, du giver, krypteret via SSL-teknologi (Secure Socket Layer).<\/p>\n\n\n\n<p>Vi implementerer en r\u00e6kke sikkerhedsforanstaltninger, n\u00e5r en bruger afgiver en ordre, indtaster, indsender eller f\u00e5r adgang til sine oplysninger for at opretholde sikkerheden for dine personlige oplysninger.<\/p>\n\n\n\n<p>Alle transaktioner behandles via en gateway-udbyder og gemmes eller behandles ikke p\u00e5 vores servere.<\/p>\n\n\n\n<p><strong>Bruger vi 'cookies'?<\/strong><\/p>\n\n\n\n<p>Ja, det g\u00f8r jeg. Cookies er sm\u00e5 filer, som et websted eller dets tjenesteudbyder overf\u00f8rer til din computers harddisk via din webbrowser (hvis du tillader det), og som g\u00f8r det muligt for webstedets eller tjenesteudbyderens systemer at genkende din browser og indhente og huske visse oplysninger. Vi bruger f.eks. cookies til at hj\u00e6lpe os med at huske og behandle varerne i din indk\u00f8bskurv. De bruges ogs\u00e5 til at hj\u00e6lpe os med at forst\u00e5 dine pr\u00e6ferencer baseret p\u00e5 tidligere eller nuv\u00e6rende aktivitet p\u00e5 webstedet, hvilket g\u00f8r det muligt for os at give dig forbedrede tjenester. Vi bruger ogs\u00e5 cookies til at hj\u00e6lpe os med at indsamle samlede data om trafik og interaktion p\u00e5 webstedet, s\u00e5 vi kan tilbyde bedre oplevelser og v\u00e6rkt\u00f8jer p\u00e5 webstedet i fremtiden.<\/p>\n\n\n\n<p>Vi bruger cookies til:<br>\n      - Hj\u00e6lp med at huske og behandle varerne i indk\u00f8bskurven.<br>\n      - Forst\u00e5 og gem brugerens pr\u00e6ferencer til fremtidige bes\u00f8g.<br>\n      - Hold styr p\u00e5 reklamerne.<br>\n      - Indsamle samlede data om trafik og interaktioner p\u00e5 webstedet for at kunne tilbyde bedre oplevelser og v\u00e6rkt\u00f8jer p\u00e5 webstedet i fremtiden. Vi kan ogs\u00e5 bruge betroede tredjepartstjenester, der sporer disse oplysninger p\u00e5 vores vegne.<\/p>\n\n\n\n<p>Du kan v\u00e6lge at f\u00e5 din computer til at advare dig, hver gang der sendes en cookie, eller du kan v\u00e6lge at sl\u00e5 alle cookies fra. Det g\u00f8r du via dine browserindstillinger. Da alle browsere er lidt forskellige, skal du kigge i din browsers hj\u00e6lpemenu for at l\u00e6re den korrekte m\u00e5de at \u00e6ndre dine cookies p\u00e5.<\/p>\n\n\n\n<p>Hvis du sl\u00e5r cookies fra, vil nogle af de funktioner, der g\u00f8r dit websted mere effektivt, muligvis ikke fungere korrekt. Det vil ikke p\u00e5virke brugerens oplevelse, der g\u00f8r dit websted mere effektivt og muligvis ikke fungerer korrekt.<\/p>\n\n\n\n<p>Oplysning fra tredjepart<\/p>\n\n\n\n<p>Vi s\u00e6lger, bytter eller p\u00e5 anden m\u00e5de overf\u00f8rer ikke dine personligt identificerbare oplysninger til eksterne parter.<\/p>\n\n\n\n<p>Links fra tredjeparter<\/p>\n\n\n\n<p>Vi inkluderer eller tilbyder ikke tredjepartsprodukter eller -tjenester p\u00e5 vores hjemmeside.<\/p>\n\n\n\n<p>Google<\/p>\n\n\n\n<p>Googles reklamekrav kan sammenfattes i Googles reklameprincipper. De er indf\u00f8rt for at give brugerne en positiv oplevelse. https:\/\/support.google.com\/adwordspolicy\/answer\/1316548?hl=en <\/p>\n\n\n\n<p>Vi har ikke aktiveret Google AdSense p\u00e5 vores hjemmeside, men det kan vi g\u00f8re i fremtiden.<\/p>\n\n\n\n<p>Californiens lov om beskyttelse af privatlivets fred online<\/p>\n\n\n\n<p>CalOPPA er den f\u00f8rste delstatslov i landet, der kr\u00e6ver, at kommercielle hjemmesider og onlinetjenester skal offentligg\u00f8re en privatlivspolitik. Lovens r\u00e6kkevidde str\u00e6kker sig langt ud over Californien og kr\u00e6ver, at enhver person eller virksomhed i USA (og muligvis i hele verden), som driver hjemmesider, der indsamler personligt identificerbare oplysninger fra forbrugere i Californien, skal offentligg\u00f8re en i\u00f8jnefaldende privatlivspolitik p\u00e5 sin hjemmeside med pr\u00e6cis angivelse af de oplysninger, der indsamles, og de personer eller virksomheder, som de deles med. - Se mere p\u00e5: http:\/\/consumercal.org\/california-online-privacy-protection-act-caloppa\/#sthash.0FdRbT51.dpuf<\/p>\n\n\n\n<p>I henhold til CalOPPA accepterer vi f\u00f8lgende:<br>\nBrugere kan bes\u00f8ge vores side anonymt.<br>\nN\u00e5r denne privatlivspolitik er oprettet, vil vi tilf\u00f8je et link til den p\u00e5 vores hjemmeside eller som minimum p\u00e5 den f\u00f8rste vigtige side, n\u00e5r du g\u00e5r ind p\u00e5 vores hjemmeside.<br>\nLinket til vores privatlivspolitik indeholder ordet \"Privatliv\" og kan nemt findes p\u00e5 den side, der er angivet ovenfor.<\/p>\n\n\n\n<p>Du vil blive underrettet om eventuelle \u00e6ndringer i privatlivspolitikken:<br>\n      - P\u00e5 vores side om privatlivspolitik<br>\nKan \u00e6ndre dine personlige oplysninger:<br>\n      - Ved at sende os en e-mail<br>\n      - Ved at ringe til os<br>\n      - Ved at logge ind p\u00e5 din konto<\/p>\n\n\n\n<p><strong>Hvordan h\u00e5ndterer vores hjemmeside Do Not Track-signaler?<br><\/strong> Vi respekterer Do Not Track-signaler og sporer ikke, planter ikke cookies eller bruger ikke reklamer, n\u00e5r en Do Not Track (DNT)-browsermekanisme er p\u00e5 plads.<\/p>\n\n\n\n<p><strong>Tillader vores hjemmeside adf\u00e6rdssporing fra tredjepart?<br><\/strong> Det er ogs\u00e5 vigtigt at bem\u00e6rke, at vi ikke tillader tredjeparts adf\u00e6rdssporing<\/p>\n\n\n\n<p>COPPA (lov om beskyttelse af b\u00f8rns privatliv p\u00e5 nettet)<\/p>\n\n\n\n<p>N\u00e5r det drejer sig om indsamling af personlige oplysninger fra b\u00f8rn under 13 \u00e5r, giver Children's Online Privacy Protection Act (COPPA) for\u00e6ldrene kontrollen. Federal Trade Commission, USA's forbrugerbeskyttelsesagentur, h\u00e5ndh\u00e6ver COPPA-reglen, som pr\u00e6ciserer, hvad operat\u00f8rer af hjemmesider og onlinetjenester skal g\u00f8re for at beskytte b\u00f8rns privatliv og sikkerhed online.<\/p>\n\n\n\n<p>Vi markedsf\u00f8rer ikke specifikt til b\u00f8rn under 13 \u00e5r.<br>\nLader vi tredjeparter, herunder annoncenetv\u00e6rk eller plug-ins, indsamle PII fra b\u00f8rn under 13 \u00e5r?<\/p>\n\n\n\n<p>Fair informationspraksis<\/p>\n\n\n\n<p>Fair Information Practices Principles udg\u00f8r rygraden i USA's privatlivslovgivning, og de begreber, de omfatter, har spillet en vigtig rolle i udviklingen af databeskyttelseslove over hele verden. At forst\u00e5 Fair Information Practice Principles, og hvordan de skal implementeres, er afg\u00f8rende for at overholde de forskellige love om privatlivets fred, der beskytter personlige oplysninger.<\/p>\n\n\n\n<p>For at v\u00e6re i overensstemmelse med Fair Information Practices vil vi tage f\u00f8lgende forholdsregler, hvis der opst\u00e5r et databrud:<br>\nVi giver dig besked via e-mail<br>\n      - Inden for 1 arbejdsdag<br>\n      - Inden for 1 arbejdsdag<\/p>\n\n\n\n<p>Vi er ogs\u00e5 enige i princippet om individuel klageadgang, som kr\u00e6ver, at enkeltpersoner har ret til juridisk at forf\u00f8lge rettigheder, der kan h\u00e5ndh\u00e6ves, over for dataindsamlere og databehandlere, der ikke overholder loven. Dette princip kr\u00e6ver ikke kun, at enkeltpersoner har rettigheder, der kan h\u00e5ndh\u00e6ves over for databrugere, men ogs\u00e5 at enkeltpersoner har adgang til domstole eller offentlige myndigheder for at unders\u00f8ge og\/eller retsforf\u00f8lge databehandleres manglende overholdelse.<\/p>","protected":false},"excerpt":{"rendered":"<p>This privacy policy has been compiled to better serve those who are concerned with how their \u2018Personally Identifiable Information\u2019 (PII) is being used online. PII, as described in US privacy&#8230;<\/p>","protected":false},"author":1,"featured_media":0,"parent":0,"menu_order":0,"comment_status":"closed","ping_status":"open","template":"","meta":{"footnotes":""},"class_list":["post-3","page","type-page","status-publish"],"_links":{"self":[{"href":"https:\/\/www.picturava.shop\/da\/wp-json\/wp\/v2\/pages\/3","targetHints":{"allow":["GET"]}}],"collection":[{"href":"https:\/\/www.picturava.shop\/da\/wp-json\/wp\/v2\/pages"}],"about":[{"href":"https:\/\/www.picturava.shop\/da\/wp-json\/wp\/v2\/types\/page"}],"author":[{"embeddable":true,"href":"https:\/\/www.picturava.shop\/da\/wp-json\/wp\/v2\/users\/1"}],"replies":[{"embeddable":true,"href":"https:\/\/www.picturava.shop\/da\/wp-json\/wp\/v2\/comments?post=3"}],"version-history":[{"count":1,"href":"https:\/\/www.picturava.shop\/da\/wp-json\/wp\/v2\/pages\/3\/revisions"}],"predecessor-version":[{"id":5446,"href":"https:\/\/www.picturava.shop\/da\/wp-json\/wp\/v2\/pages\/3\/revisions\/5446"}],"wp:attachment":[{"href":"https:\/\/www.picturava.shop\/da\/wp-json\/wp\/v2\/media?parent=3"}],"curies":[{"name":"wp","href":"https:\/\/api.w.org\/{rel}","templated":true}]}}