{"id":4361,"date":"2020-12-25T11:13:57","date_gmt":"2020-12-25T11:13:57","guid":{"rendered":"https:\/\/www.endledtvs.com\/?page_id=4361"},"modified":"2026-02-16T22:21:43","modified_gmt":"2026-02-16T22:21:43","slug":"refund-policy-smma","status":"publish","type":"page","link":"https:\/\/www.picturava.shop\/da\/refund-policy-smma\/","title":{"rendered":"Politik for refusion"},"content":{"rendered":"<p>ENDLED LTD tilbyder en beskeden og letforst\u00e5elig refusionspolitik. Oplysningerne nedenfor er opdelt i tre afsnit - Engangsindsendelse, M\u00e5nedlig SEO-service, Indl\u00e6g, der ikke kan refunderes<\/p>\n\n\n\n<p><strong>ENGANGSINDLEVERING:<\/strong><\/p>\n\n\n\n<p>Hvis du er utilfreds med vores produkter og tjenester, vil vi give dig en fuld \/ delvis refusion for visse \"Refunderbare\" produkter. F\u00f8r du anmoder om refusion, skal du dog sikre dig, at du har gjort f\u00f8lgende:<\/p>\n\n\n\n<ul class=\"wp-block-list\">\n<li>Kontaktet vores helpdesk for at s\u00f8ge hj\u00e6lp til dine problemer \/ for at finde en l\u00f8sning p\u00e5 din utilfredshed.<\/li>\n\n\n\n<li>Indsendt anmodningen om tilbagebetaling inden for 14 dage efter modtagelse af den f\u00f8rste linkrapport.<\/li>\n\n\n\n<li>Angiv en gyldig grund til kravet om tilbagebetaling og din utilfredshed.<\/li>\n\n\n\n<li>Givet en gyldig rapport mod en uautoriseret eller svigagtig opkr\u00e6vning (hvis nogen)<\/li>\n<\/ul>\n\n\n\n<p>Det skal bem\u00e6rkes, at efter k\u00f8b af ENDLED LTD-produkter og -tjenester gives der en meddelelse til dig, der estimerer leveringsdatoen (arbejdsdage) for linkrapporten. Den f\u00f8rn\u00e6vnte dato skal kun betragtes som et sk\u00f8n; Linkrapporten kan blive forsinket p\u00e5 grund af tekniske uheld, stor arbejdsm\u00e6ngde eller andre uforudsete faktorer uden for kontrol.<\/p>\n\n\n\n<p>N\u00e5r du har indsendt en refusionsanmodning til support@picturava.shop, skal du v\u00e6re t\u00e5lmodig, da kundeservicens svartid kan variere fra 24-72 timer. I l\u00f8bet af denne tid vil du enten blive kontaktet af kundeservice for at informere om, at din refusion er blevet igangsat, eller de vil ringe for at indsamle flere oplysninger om refusionssagen, hvis de finder det n\u00f8dvendigt.<\/p>\n\n\n\n<p><strong>M\u00c5NEDLIG SEO-SERVICE:<\/strong><\/p>\n\n\n\n<p><strong>Annullering\u00a0<\/strong>Den m\u00e5nedlige ENDLED LTD-service kan til enhver tid annulleres ved at kontakte kundeservice og informere dem om det samme.<\/p>\n\n\n\n<p>N\u00e5r du har indsendt en afbestillingsanmodning til support@picturava.shop, skal du v\u00e6re t\u00e5lmodig, da svartiden hos kundeservice kan variere fra 24-48 timer. I l\u00f8bet af denne tid vil du enten blive kontaktet af kundeservice for at informere om, at din afbestilling er lykkedes, eller de vil ringe for at indsamle flere oplysninger om afbestillingsbilletten, hvis de finder det n\u00f8dvendigt.<\/p>\n\n\n\n<p><strong>Tilbagebetaling\u00a0<\/strong>- Hvis du er utilfreds med ENDLED LTD's m\u00e5nedlige SEO-kampagne, udsteder vi dig en hel eller delvis refusion af det seneste fakturerede m\u00e5nedlige gebyr, forudsat at du har:<\/p>\n\n\n\n<ul class=\"wp-block-list\">\n<li>Kontaktet vores kundeservice for at s\u00f8ge hj\u00e6lp til dine problemer \/ for at finde en l\u00f8sning p\u00e5 din utilfredshed.<\/li>\n\n\n\n<li>Indsendt anmodningen om tilbagebetaling inden for 14 dage efter modtagelse af den f\u00f8rste linkrapport.<\/li>\n\n\n\n<li>Angiv en gyldig grund til kravet om tilbagebetaling og din utilfredshed.<\/li>\n\n\n\n<li>Givet en gyldig rapport mod en uautoriseret eller svigagtig opkr\u00e6vning (hvis nogen)<\/li>\n<\/ul>\n\n\n\n<p><strong>BEM\u00c6RK:&nbsp;<\/strong>En anmodning om tilbagebetaling af m\u00e5nedlig SEO-service vil kun blive iv\u00e6rksat for den aktuelle m\u00e5neds \u00e5bne projekt; ingen tilbagebetaling vil blive godkendt for den foreg\u00e5ende m\u00e5ned, medmindre det faktiske tilbagebetalingskrav blev indgivet inden for tidsrammen p\u00e5 14 dage f\u00f8r.<\/p>\n\n\n\n<p><strong>IKKE-REFUNDERBARE TILMELDINGER\/UNDTAGELSER:<\/strong><\/p>\n\n\n\n<p>picturava.shop (ogs\u00e5 kendt som ENDLED LTD) kan, men er ikke forpligtet til, at im\u00f8dekomme anmodninger om tilbagebetalingskrav af f\u00f8lgende \u00e5rsager:<\/p>\n\n\n\n<p><strong>MANGLENDE LEVERING AF PRODUKTET&nbsp;<\/strong>- P\u00e5 grund af tekniske \u00e5rsager med e-mailservice eller tredjeparts dataoverf\u00f8rselstjenester modtog du ikke leveringsemailen fra picturava.shop, og tilbagebetalingskrav kan ikke indgives uden korrekt bevis for, at du ikke modtog det endelige produkt. Hvis et s\u00e5dant problem opst\u00e5r, bedes du kontakte kundeservice for at hente dit endelige produkt med f\u00f8lgende beviser:<\/p>\n\n\n\n<ul class=\"wp-block-list\">\n<li>ID for betalingstransaktion<\/li>\n\n\n\n<li>Bestillingsnummer<\/li>\n\n\n\n<li>Et bevis p\u00e5 e-mail-rapport<\/li>\n<\/ul>\n\n\n\n<p><strong>DOWNLOAD PROBLEMER&nbsp;<\/strong>- Hvis du af tekniske \u00e5rsager hos internetudbydere eller tredjeparts datatjenesteudbydere ikke kan downloade de endelige projektrapporter eller eksempeldata, kan du ikke indgive et refusionskrav. picturava.shop anbefaler, at du kontakter kundesupporten, s\u00e5 de kan guide dig gennem de mulige l\u00f8sninger til at downloade den endelige projektrapport. Denne type problemer er normalt p\u00e5 klientsiden, s\u00e5 der er ingen refusion.<\/p>\n\n\n\n<p><strong>UOPRETTELIGE FEJL MED RAPPORTER OG DATA&nbsp;<\/strong>- Produkterne og tjenesterne kontrolleres grundigt af picturava.shop inden den endelige udgivelse, men der kan stadig opst\u00e5 uventede fejl fra tid til anden. I tilf\u00e6lde af s\u00e5danne uheld bedes du sende en supportbillet for at f\u00e5 hj\u00e6lp. Situationen vil blive vurderet, og hvis picturava.shop vurderer, at den er passende, vil der blive iv\u00e6rksat en refusionspolitik.<\/p>\n\n\n\n<p><strong>PRODUKTET ER IKKE SOM BESKREVET&nbsp;<\/strong>- Anmodninger i f\u00f8lgende kategori behandles fra sag til sag og skal godkendes af picturava.shop. For at undg\u00e5 s\u00e5danne krav beder picturava.shop kunderne om at tjekke gratis pr\u00f8ver (videooversigter, demolinks, sk\u00e6rmbilleder, produktpr\u00f8ver osv.) af individuelle produkter \/ tjenester, f\u00f8r de indg\u00e5r en endelig aftale.<\/p>\n\n\n\n<p><strong>Yderligere ikke-returnerbare\/ikke-refunderbare varer\/tjenester:<\/strong><\/p>\n\n\n\n<ol class=\"wp-block-list\">\n<li>Alle typer off-page SEO-kampagner \/ Link Building \/Disavow-pakker \/ Enterprise SEO-pakke, Link Placement-relaterede tjenester.<\/li>\n\n\n\n<li>Digitalt indhold som artikler, blogindhold, pressemeddelelser og tekstforfatning.<\/li>\n\n\n\n<li>Digitale tjenester til indg\u00e5ende markedsf\u00f8ring som e-b\u00f8ger, dokumenter, infografik, video og andet informativt indhold.<\/li>\n\n\n\n<li>Dom\u00e6neregistrering og relaterede udgifter s\u00e5som WHOIS-beskyttelse, private navneservere, dedikerede IP-omkostninger.<\/li>\n\n\n\n<li>Projektbaserede omkostninger til strategiske planer for e-handel og e-markedsf\u00f8ring, sociale medier, udgifter til h\u00e5ndtering af online omd\u00f8mme.<\/li>\n\n\n\n<li>Oprettelsesgebyr for Pay-Per-Click (PPC)-kampagner, administrationsgebyr, brugte Adwords-koder, udgifter til re-targeting og eMarketing-kampagner.<\/li>\n\n\n\n<li>Online Reputation Management, PR, Syndikering af udvalgte nyheder og tjenester til distribution af indhold.<\/li>\n<\/ol>\n\n\n\n<p><strong>BEM\u00c6RK:&nbsp;<\/strong><em>L\u00e6s venligst denne tilbagebetalingspolitik for vores tjeneste omhyggeligt, f\u00f8r du k\u00f8ber vores tjenester eller bruger vores hjemmeside eller en tredjeparts markedsplads, der er relateret til vores firmanavn. P\u00e5 grund af den selvsikkerhed og tillid, vi har til vores arbejdsstil, tilbyder vi en komplet pengene-tilbage-garanti. Refusionspolitikken heri g\u00e6lder kun for kunder, der har k\u00f8bt vores produkter\/tjenester ved hj\u00e6lp af deres oprindelige faktureringsoplysninger, kontakt- og projektoplysninger.<\/em><\/p>\n\n\n\n<p><em>Hvis du er utilfreds med vores tjenester, bedes du kontakte support@picturava.shop for at f\u00e5 hj\u00e6lp. Vi vil fors\u00f8ge at finde ud af og begr\u00e6nse dine grunde til utilfredshed og vil refundere vores grundomkostninger for off-page optimering.<\/em><\/p>\n\n\n\n<p><em>Alle tilbagebetalinger vil blive sendt via den samme betalingsmetode, som kunden har brugt. Det skal bem\u00e6rkes, at pengene-tilbage-garanti aldrig tilbydes for off-page-arbejde (linkbuilding-projekter, promovering p\u00e5 sociale medier, inbound marketing og udvikling af indhold og PPC-kampagner).<\/em><\/p>\n\n\n\n<p><strong>Annullering af kontrakt<\/strong><\/p>\n\n\n\n<p>Hvis du abonnerer p\u00e5 ENDLED LTD-produkter og -tjenester, oph\u00f8rer kontrakten, n\u00e5r alt, hvad der er specificeret i kontrakten, er opfyldt. Kontrakten kan ogs\u00e5 slutte f\u00f8r tid, hvis der er brud p\u00e5 kontrakten, og begge parter beslutter at annullere den. Kontrakten kan ogs\u00e5 oph\u00f8re efter gensidig aftale mellem begge parter, eller hvis det bliver vanskeligt at opfylde forpligtelserne i kontrakten p\u00e5 grund af menneskeskabte katastrofer (krig, opt\u00f8jer, terrorhandlinger osv.) eller naturkatastrofer (som orkaner, jordsk\u00e6lv, oversv\u00f8mmelser osv.). Annulleringen af kontrakten, der opst\u00e5r, skal dog ikke p\u00e5virke eller skade de rettigheder, der er p\u00e5l\u00f8bet af de andre bekymrede parter med hensyn til annulleringen eller forts\u00e6ttelsen af nogen af de bestemmelser, der udtrykkeligt er n\u00e6vnt for overlevende eller implicit overlevende annullering.  Enhver kontrakt kan opsiges med 30 dages varsel efter de f\u00f8rste 30 dage af kontraktens l\u00f8betid.<\/p>\n\n\n\n<p>Aflysninger kan foretages ved at kontakte support@picturava.shop Ved aflysning vil din konto blive slettet permanent. ENDLED LTD er ikke juridisk forpligtet til at betjene alle; det kan v\u00e6lge at betjene en klient efter eget sk\u00f8n.<\/p>","protected":false},"excerpt":{"rendered":"<p>ENDLED LTD offers a modest and easy to comprehend refund policy. The information hereafter is split into three sections \u2013 One Time Submission, Monthly SEO Service, Non-Refundable Entries ONE TIME&#8230;<\/p>","protected":false},"author":1,"featured_media":0,"parent":0,"menu_order":0,"comment_status":"closed","ping_status":"closed","template":"","meta":{"footnotes":""},"class_list":["post-4361","page","type-page","status-publish"],"_links":{"self":[{"href":"https:\/\/www.picturava.shop\/da\/wp-json\/wp\/v2\/pages\/4361","targetHints":{"allow":["GET"]}}],"collection":[{"href":"https:\/\/www.picturava.shop\/da\/wp-json\/wp\/v2\/pages"}],"about":[{"href":"https:\/\/www.picturava.shop\/da\/wp-json\/wp\/v2\/types\/page"}],"author":[{"embeddable":true,"href":"https:\/\/www.picturava.shop\/da\/wp-json\/wp\/v2\/users\/1"}],"replies":[{"embeddable":true,"href":"https:\/\/www.picturava.shop\/da\/wp-json\/wp\/v2\/comments?post=4361"}],"version-history":[{"count":9,"href":"https:\/\/www.picturava.shop\/da\/wp-json\/wp\/v2\/pages\/4361\/revisions"}],"predecessor-version":[{"id":7724,"href":"https:\/\/www.picturava.shop\/da\/wp-json\/wp\/v2\/pages\/4361\/revisions\/7724"}],"wp:attachment":[{"href":"https:\/\/www.picturava.shop\/da\/wp-json\/wp\/v2\/media?parent=4361"}],"curies":[{"name":"wp","href":"https:\/\/api.w.org\/{rel}","templated":true}]}}