{"id":6395,"date":"2023-12-22T05:02:44","date_gmt":"2023-12-22T05:02:44","guid":{"rendered":"https:\/\/www.pictureify.shop\/?post_type=product&#038;p=6395"},"modified":"2024-01-24T20:56:41","modified_gmt":"2024-01-24T20:56:41","slug":"3-month-supports","status":"publish","type":"product","link":"https:\/\/www.picturava.shop\/da\/vare\/3-month-supports\/","title":{"rendered":"S\u00d8GEMASKINEOPTIMERING (SEO)"},"content":{"rendered":"<div id=\"fws_65b17930b376c\" data-column-margin=\"default\" data-midnight=\"dark\" class=\"wpb_row vc_row-fluid vc_row standard_section\" style=\"padding-top: 0px;padding-bottom: 0px\">\n<div class=\"row-bg-wrap\" data-bg-animation=\"none\" data-bg-overlay=\"false\">\n<div class=\"inner-wrap\">\n<div class=\"row-bg\"><\/div>\n<\/div>\n<div class=\"row-bg-overlay\"><\/div>\n<\/div>\n<div class=\"row_col_wrap_12 col span_12 dark left\">\n<div class=\"vc_col-sm-12 wpb_column column_container vc_column_container col no-extra-padding inherit_tablet inherit_phone\" data-t-w-inherits=\"default\" data-bg-cover=\"\" data-padding-pos=\"all\" data-has-bg-color=\"false\" data-bg-color=\"\" data-bg-opacity=\"1\" data-hover-bg=\"\" data-hover-bg-opacity=\"1\" data-animation=\"\" data-delay=\"0\">\n<div class=\"vc_column-inner\">\n<div class=\"column-bg-overlay-wrap\" data-bg-animation=\"none\">\n<div class=\"column-bg-overlay\"><\/div>\n<\/div>\n<div class=\"wpb_wrapper\">\n<div class=\"nectar-split-heading\" data-animation-type=\"default\" data-animation-delay=\"0\" data-custom-font-size=\"false\">\n<div class=\"heading-line\">\n<div><strong>Forbedr din tilstedev\u00e6relse p\u00e5 de sociale medier med social media marketing services<\/strong> <\/div>\n<\/div>\n<div class=\"heading-line\">\n<div>&nbsp; <\/div>\n<\/div>\n<div class=\"heading-line\">\n<div>Er du p\u00e5 udkig efter en effektiv m\u00e5de at \u00f8ge din virksomheds brand awareness, antallet af nye kunder og trafikken p\u00e5 dit website? S\u00e5 b\u00f8r du v\u00e6re p\u00e5 de sociale medier! Tjek vores service til markedsf\u00f8ring p\u00e5 sociale medier, og opbyg en st\u00e6rk tilstedev\u00e6relse p\u00e5 de sociale medier. <\/div>\n<\/div>\n<div class=\"heading-line\">\n<div>Vi er et marketingbureau for sociale medier, der hj\u00e6lper sm\u00e5 virksomheder med at udvikle deres brandbevidsthed og f\u00e5 et antal nye kunder ved at opbygge gode relationer gennem engagement og ogs\u00e5 f\u00e5 webstedstrafik gennem \u00f8get webstedseksponering (trafik og konverteringer). <\/div>\n<\/div>\n<div class=\"heading-line\">\n<div>Vores virksomhed giver dem mulighed for at etablere deres brand og online tilstedev\u00e6relse p\u00e5 platforme, hvor deres m\u00e5lgruppe allerede scroller. <\/div>\n<\/div>\n<div class=\"heading-line\">\n<div>&nbsp; <\/div>\n<\/div>\n<div class=\"heading-line\">\n<div><strong>Udvikl brandbevidsthed (f\u00f8lgere)<\/strong> <\/div>\n<\/div>\n<div class=\"heading-line\">\n<div>&nbsp; <\/div>\n<\/div>\n<div class=\"heading-line\">\n<div>Hvis du f\u00e5r flere f\u00f8lgere p\u00e5 sociale netv\u00e6rk, vil det hj\u00e6lpe dig med at \u00f8ge mund-til-mund-metoden og antallet af henvisninger. Vores marketingtjenester til sociale medier hj\u00e6lper dig med at \u00f8ge antallet af f\u00f8lgere blandt relevante personer. Vi s\u00f8rger for, at dine f\u00f8lgere matcher dine typiske kunders demografi, interesser og adf\u00e6rd. <\/div>\n<\/div>\n<div class=\"heading-line\">\n<div>&nbsp; <\/div>\n<\/div>\n<div class=\"heading-line\">\n<div><strong>Opbyg relationer (engagement)<\/strong> <\/div>\n<\/div>\n<div class=\"heading-line\">\n<div>&nbsp; <\/div>\n<\/div>\n<div class=\"heading-line\">\n<div>N\u00e5r du opbygger en st\u00e6rk forbindelse gennem engagement med dit publikum, er de mere tilb\u00f8jelige til at k\u00f8be fra dig. Vi hj\u00e6lper dig med at \u00f8ge engagementet (likes, kommentarer osv.) i dine opslag p\u00e5 de sociale medier. Jo mere engagement du har, jo st\u00e6rkere er din forbindelse med dit publikum. <\/div>\n<\/div>\n<div class=\"heading-line\">\n<div>&nbsp; <\/div>\n<\/div>\n<div class=\"heading-line\">\n<div><strong>\u00d8get eksponering af hjemmesiden (trafik og konverteringer)<\/strong> <\/div>\n<\/div>\n<div class=\"heading-line\">\n<div>&nbsp; <\/div>\n<\/div>\n<div class=\"heading-line\">\n<div>\u00d8get trafik p\u00e5 dit website vil have direkte indflydelse p\u00e5 leads og salg. Det er derfor, denne service bedst kombineres med vores reklametjenester p\u00e5 sociale medier, hvor vi fokuserer p\u00e5 at udvikle reklamekampagner p\u00e5 sociale medier, der skaber store m\u00e6ngder trafik til dit website. For at \u00f8ge konverteringerne kan vi tilf\u00f8je retargeting-annoncer p\u00e5 sociale medier for at holde os foran de seneste bes\u00f8gende p\u00e5 websitet. <\/div>\n<\/div>\n<\/div>\n<\/div>\n<\/div>\n<\/div>\n<\/div>\n<\/div>\n<div id=\"fws_65b17930b3f88\" data-column-margin=\"default\" data-midnight=\"light\" data-top-percent=\"10%\" data-bottom-percent=\"10%\" class=\"wpb_row vc_row-fluid vc_row full-width-section  vc_row-o-equal-height vc_row-flex  vc_row-o-content-top parallax_section\" style=\"padding-top: calc(100vw * 0.10);padding-bottom: calc(100vw * 0.10)\">\n<div class=\"row-bg-wrap\" data-bg-animation=\"none\" data-bg-overlay=\"true\">\n<div class=\"inner-wrap using-image\">\n<div class=\"row-bg using-image using-bg-color\" data-parallax-speed=\"fast\" style=\"background-image: url(https:\/\/source.unsplash.com\/collection\/190727\/daily);background-position: center center;background-color: #1e1e1e\"><\/div>\n<\/div>\n<div class=\"row-bg-overlay\" style=\"background: #0069ff;background: linear-gradient(45deg,#0069ff 0%,#ff3a6f 100%)\"><\/div>\n<\/div>\n<div class=\"row_col_wrap_12 col span_12 light left\">\n<div class=\"vc_col-sm-6 wpb_column column_container vc_column_container col has-animation no-extra-padding inherit_tablet inherit_phone\" data-t-w-inherits=\"default\" data-bg-cover=\"\" data-padding-pos=\"all\" data-has-bg-color=\"false\" data-bg-color=\"\" data-bg-opacity=\"1\" data-hover-bg=\"\" data-hover-bg-opacity=\"1\" data-animation=\"fade-in-from-bottom\" data-delay=\"0\">\n<div class=\"vc_column-inner\">\n<div class=\"column-bg-overlay-wrap\" data-bg-animation=\"none\">\n<div class=\"column-bg-overlay\"><\/div>\n<\/div>\n<div class=\"wpb_wrapper\">\n<h2 style=\"font-size: 88px;line-height: 97px;text-align: left;font-family:Roboto;font-weight:700;font-style:normal\" class=\"vc_custom_heading\">Vi tilbyder fantastiske tjenester<\/h2>\n<\/p>\n<\/div>\n<\/div>\n<\/div>\n<div class=\"vc_col-sm-6 wpb_column column_container vc_column_container col no-extra-padding inherit_tablet inherit_phone\" data-t-w-inherits=\"default\" data-bg-cover=\"\" data-padding-pos=\"all\" data-has-bg-color=\"false\" data-bg-color=\"\" data-bg-opacity=\"1\" data-hover-bg=\"\" data-hover-bg-opacity=\"1\" data-animation=\"\" data-delay=\"0\">\n<div class=\"vc_column-inner\">\n<div class=\"column-bg-overlay-wrap\" data-bg-animation=\"none\">\n<div class=\"column-bg-overlay\"><\/div>\n<\/div>\n<div class=\"wpb_wrapper\">\n<div id=\"fws_65b17930b496b\" data-midnight=\"\" data-column-margin=\"default\" class=\"wpb_row vc_row-fluid vc_row inner_row standard_section\" style=\"padding-top: 0px;padding-bottom: 0px\">\n<div class=\"row-bg-wrap\">\n<div class=\"row-bg\"><\/div>\n<\/div>\n<div class=\"row_col_wrap_12_inner col span_12  left\">\n<div class=\"vc_col-sm-6 wpb_column column_container vc_column_container col child_column has-animation no-extra-padding inherit_tablet inherit_phone\" data-t-w-inherits=\"default\" data-bg-cover=\"\" data-padding-pos=\"all\" data-has-bg-color=\"false\" data-bg-color=\"\" data-bg-opacity=\"1\" data-hover-bg=\"\" data-hover-bg-opacity=\"1\" data-animation=\"fade-in\" data-delay=\"0\">\n<div class=\"vc_column-inner\">\n<div class=\"column-bg-overlay-wrap\" data-bg-animation=\"none\">\n<div class=\"column-bg-overlay\"><\/div>\n<\/div>\n<div class=\"wpb_wrapper\">\n<div class=\"nectar_icon_wrap\" data-style=\"default\" data-draw=\"\" data-border-thickness=\"2px\" data-padding=\"0px\" data-color=\"white\" style=\"margin-top: 20px\">\n<div class=\"nectar_icon\"><i style=\"font-size: 50px;line-height: 50px;height: 50px;width: 50px\" class=\"iconsmind-Diamond\"><\/i><\/div>\n<\/div>\n<div class=\"wpb_text_column wpb_content_element  wpb_animate_when_almost_visible wpb_fadeInUp fadeInUp vc_custom_1627332613043\">\n<div class=\"wpb_wrapper\">\n<h4>PAY-PER-CLICK-ANNONCERING (PPC)<\/h4>\n<\/p>\n<\/div>\n<\/div>\n<p style=\"text-align: left\" class=\"vc_custom_heading wpb_animate_when_almost_visible wpb_fadeInUp fadeInUp vc_custom_1627332583674\">PPC-annoncer er betalte reklamer, der vises \u00f8verst i s\u00f8geresultaterne.<\/p>\n<div class=\"nectar_icon_wrap\" data-style=\"default\" data-draw=\"\" data-border-thickness=\"2px\" data-padding=\"0px\" data-color=\"white\" style=\"margin-top: 30px\">\n<div class=\"nectar_icon\"><i style=\"font-size: 50px;line-height: 50px;height: 50px;width: 50px\" class=\"iconsmind-Helicopter\"><\/i><\/div>\n<\/div>\n<div class=\"wpb_text_column wpb_content_element  wpb_animate_when_almost_visible wpb_fadeInUp fadeInUp vc_custom_1627332757436\">\n<div class=\"wpb_wrapper\">\n<h4>5-DAGES PENGENE-TILBAGE-GARANTI<\/h4>\n<\/p>\n<\/div>\n<\/div>\n<p style=\"text-align: left\" class=\"vc_custom_heading wpb_animate_when_almost_visible wpb_fadeInUp fadeInUp vc_custom_1627332730461\">Hvis du f\u00f8ler, at vores tjenester ikke passer til dig, giver vi dig alle pengene tilbage.<\/p>\n<\/p>\n<\/div>\n<\/div>\n<\/div>\n<div class=\"vc_col-sm-6 wpb_column column_container vc_column_container col child_column has-animation no-extra-padding inherit_tablet inherit_phone\" data-t-w-inherits=\"default\" data-bg-cover=\"\" data-padding-pos=\"all\" data-has-bg-color=\"false\" data-bg-color=\"\" data-bg-opacity=\"1\" data-hover-bg=\"\" data-hover-bg-opacity=\"1\" data-animation=\"fade-in\" data-delay=\"0\">\n<div class=\"vc_column-inner\">\n<div class=\"column-bg-overlay-wrap\" data-bg-animation=\"none\">\n<div class=\"column-bg-overlay\"><\/div>\n<\/div>\n<div class=\"wpb_wrapper\">\n<div class=\"nectar_icon_wrap\" data-style=\"default\" data-draw=\"\" data-border-thickness=\"2px\" data-padding=\"0px\" data-color=\"white\" style=\"margin-top: 20px\">\n<div class=\"nectar_icon\"><i style=\"font-size: 50px;line-height: 50px;height: 50px;width: 50px\" class=\"iconsmind-Gear-2\"><\/i><\/div>\n<\/div>\n<div class=\"wpb_text_column wpb_content_element  wpb_animate_when_almost_visible wpb_fadeInUp fadeInUp vc_custom_1627332664119\">\n<div class=\"wpb_wrapper\">\n<h4>S\u00d8GEMASKINEOPTIMERING (SEO)<\/h4>\n<\/p>\n<\/div>\n<\/div>\n<p style=\"text-align: left\" class=\"vc_custom_heading wpb_animate_when_almost_visible wpb_fadeInUp fadeInUp vc_custom_1627332637890\">SEO er processen med at \u00f8ge din hjemmesides placering i s\u00f8geresultaterne.<\/p>\n<div class=\"nectar_icon_wrap\" data-style=\"default\" data-draw=\"\" data-border-thickness=\"2px\" data-padding=\"0px\" data-color=\"white\" style=\"margin-top: 30px\">\n<div class=\"nectar_icon\"><i style=\"font-size: 50px;line-height: 50px;height: 50px;width: 50px\" class=\"iconsmind-Life-Jacket\"><\/i><\/div>\n<\/div>\n<div class=\"wpb_text_column wpb_content_element  wpb_animate_when_almost_visible wpb_fadeInUp fadeInUp vc_custom_1627332709205\">\n<div class=\"wpb_wrapper\">\n<h4>SIKKER OG TRYG BETALING<\/h4>\n<\/p>\n<\/div>\n<\/div>\n<p style=\"text-align: left\" class=\"vc_custom_heading wpb_animate_when_almost_visible wpb_fadeInUp fadeInUp vc_custom_1627332686445\">Sikre betalinger - Ingen komplicerede faktureringsprocesser p\u00e5kr\u00e6vet.<\/p>\n<\/p>\n<\/div>\n<\/div>\n<\/div>\n<\/div>\n<\/div>\n<\/div>\n<\/div>\n<\/div>\n<\/div>\n<\/div>\n<div id=\"fws_65b17930b65f6\" data-column-margin=\"default\" data-midnight=\"light\" data-top-percent=\"10%\" data-bottom-percent=\"10%\" class=\"wpb_row vc_row-fluid vc_row full-width-section standard_section\" style=\"padding-top: calc(100vw * 0.10);padding-bottom: calc(100vw * 0.10)\">\n<div class=\"row-bg-wrap\" data-bg-animation=\"none\" data-bg-overlay=\"true\">\n<div class=\"inner-wrap using-image\">\n<div class=\"row-bg using-image\" style=\"background-image: url(https:\/\/source.unsplash.com\/collection\/217569\/daily);background-position: center center\"><\/div>\n<\/div>\n<div class=\"row-bg-overlay\" style=\"background-color:#2b4bff\"><\/div>\n<\/div>\n<div class=\"row_col_wrap_12 col span_12 light left\">\n<div class=\"vc_col-sm-12 wpb_column column_container vc_column_container col no-extra-padding inherit_tablet inherit_phone\" data-t-w-inherits=\"default\" data-bg-cover=\"\" data-padding-pos=\"all\" data-has-bg-color=\"false\" data-bg-color=\"\" data-bg-opacity=\"1\" data-hover-bg=\"\" data-hover-bg-opacity=\"1\" data-animation=\"\" data-delay=\"0\">\n<div class=\"vc_column-inner\">\n<div class=\"column-bg-overlay-wrap\" data-bg-animation=\"none\">\n<div class=\"column-bg-overlay\"><\/div>\n<\/div>\n<div class=\"wpb_wrapper\">\n<div id=\"fws_65b17930b6b81\" data-midnight=\"\" data-column-margin=\"default\" class=\"wpb_row vc_row-fluid vc_row inner_row standard_section\" style=\"padding-top: 0px;padding-bottom: 0px\">\n<div class=\"row-bg-wrap\">\n<div class=\"row-bg\"><\/div>\n<\/div>\n<div class=\"row_col_wrap_12_inner col span_12  left\">\n<div class=\"vc_col-sm-12 wpb_column column_container vc_column_container col child_column centered-text has-animation no-extra-padding inherit_tablet inherit_phone\" data-t-w-inherits=\"default\" data-bg-cover=\"\" data-padding-pos=\"all\" data-has-bg-color=\"false\" data-bg-color=\"\" data-bg-opacity=\"1\" data-hover-bg=\"\" data-hover-bg-opacity=\"1\" data-animation=\"fade-in-from-bottom\" data-delay=\"0\">\n<div class=\"vc_column-inner\">\n<div class=\"column-bg-overlay-wrap\" data-bg-animation=\"none\">\n<div class=\"column-bg-overlay\"><\/div>\n<\/div>\n<div class=\"wpb_wrapper\">\n<div class=\"wpb_text_column wpb_content_element  wpb_animate_when_almost_visible wpb_fadeIn fadeIn\">\n<div class=\"wpb_wrapper\">\n<h4>Se for at tro<\/h4>\n<\/p>\n<\/div>\n<\/div>\n<h2 style=\"font-size: 48px;text-align: center\" class=\"vc_custom_heading\">Vi har alle funktionerne<\/h2>\n<\/p>\n<\/div>\n<\/div>\n<\/div>\n<\/div>\n<\/div>\n<div id=\"fws_65b17930b744d\" data-midnight=\"\" data-column-margin=\"default\" class=\"wpb_row vc_row-fluid vc_row inner_row standard_section\" style=\"padding-top: 20px;padding-bottom: 0px\">\n<div class=\"row-bg-wrap\">\n<div class=\"row-bg\"><\/div>\n<\/div>\n<div class=\"row_col_wrap_12_inner col span_12  left\">\n<div class=\"vc_col-sm-4 wpb_column column_container vc_column_container col child_column centered-text has-animation padding-3-percent inherit_tablet inherit_phone\" data-t-w-inherits=\"default\" data-bg-cover=\"\" data-padding-pos=\"all\" data-has-bg-color=\"false\" data-bg-color=\"\" data-bg-opacity=\"1\" data-hover-bg=\"\" data-hover-bg-opacity=\"1\" data-animation=\"fade-in-from-bottom\" data-delay=\"0\">\n<div class=\"vc_column-inner\">\n<div class=\"column-bg-overlay-wrap\" data-bg-animation=\"none\">\n<div class=\"column-bg-overlay\"><\/div>\n<\/div>\n<div class=\"wpb_wrapper\">\n<div class=\"nectar_icon_wrap\" data-style=\"default\" data-draw=\"\" data-border-thickness=\"2px\" data-padding=\"20px\" data-color=\"white\">\n<div class=\"nectar_icon\"><i style=\"font-size: 50px;line-height: 50px;height: 50px;width: 50px\" class=\"iconsmind-Statistic\"><\/i><\/div>\n<\/div>\n<div class=\"wpb_text_column wpb_content_element  wpb_animate_when_almost_visible wpb_fadeInUp fadeInUp\">\n<div class=\"wpb_wrapper\">\n<h4>Udvikling af hjemmesider<\/h4>\n<\/p>\n<\/div>\n<\/div>\n<div class=\"wpb_text_column wpb_content_element  wpb_animate_when_almost_visible wpb_fadeInUp fadeInUp vc_custom_1627332890283\">\n<div class=\"wpb_wrapper\">\n<p>Skabeloner eller specialbyggede sider<\/p>\n<\/p>\n<\/div>\n<\/div>\n<\/div>\n<\/div>\n<\/div>\n<div class=\"vc_col-sm-4 wpb_column column_container vc_column_container col child_column centered-text has-animation padding-3-percent inherit_tablet inherit_phone\" data-t-w-inherits=\"default\" data-bg-cover=\"\" data-padding-pos=\"all\" data-has-bg-color=\"false\" data-bg-color=\"\" data-bg-opacity=\"1\" data-hover-bg=\"\" data-hover-bg-opacity=\"1\" data-animation=\"fade-in-from-bottom\" data-delay=\"0\">\n<div class=\"vc_column-inner\">\n<div class=\"column-bg-overlay-wrap\" data-bg-animation=\"none\">\n<div class=\"column-bg-overlay\"><\/div>\n<\/div>\n<div class=\"wpb_wrapper\">\n<div class=\"nectar_icon_wrap\" data-style=\"default\" data-draw=\"\" data-border-thickness=\"2px\" data-padding=\"20px\" data-color=\"white\">\n<div class=\"nectar_icon\"><i style=\"font-size: 50px;line-height: 50px;height: 50px;width: 50px\" class=\"iconsmind-Pricing\"><\/i><\/div>\n<\/div>\n<div class=\"wpb_text_column wpb_content_element  wpb_animate_when_almost_visible wpb_fadeInUp fadeInUp\">\n<div class=\"wpb_wrapper\">\n<h4>Fuld markedsf\u00f8ringspakke<\/h4>\n<\/p>\n<\/div>\n<\/div>\n<div class=\"wpb_text_column wpb_content_element  wpb_animate_when_almost_visible wpb_fadeInUp fadeInUp vc_custom_1485216419423\">\n<div class=\"wpb_wrapper\">\n<p>Langt langt v\u00e6k, bag ordbjergene, langt fra landene Vokalia og Consonantia, lever de blinde tekster<\/p>\n<\/p>\n<\/div>\n<\/div>\n<\/div>\n<\/div>\n<\/div>\n<div class=\"vc_col-sm-4 wpb_column column_container vc_column_container col child_column centered-text has-animation padding-3-percent inherit_tablet inherit_phone\" data-t-w-inherits=\"default\" data-bg-cover=\"\" data-padding-pos=\"all\" data-has-bg-color=\"false\" data-bg-color=\"\" data-bg-opacity=\"1\" data-hover-bg=\"\" data-hover-bg-opacity=\"1\" data-animation=\"fade-in-from-bottom\" data-delay=\"0\">\n<div class=\"vc_column-inner\">\n<div class=\"column-bg-overlay-wrap\" data-bg-animation=\"none\">\n<div class=\"column-bg-overlay\"><\/div>\n<\/div>\n<div class=\"wpb_wrapper\">\n<div class=\"nectar_icon_wrap\" data-style=\"default\" data-draw=\"\" data-border-thickness=\"2px\" data-padding=\"20px\" data-color=\"white\">\n<div class=\"nectar_icon\"><i style=\"font-size: 50px;line-height: 50px;height: 50px;width: 50px\" class=\"iconsmind-Finger-DragFourSides\"><\/i><\/div>\n<\/div>\n<div class=\"wpb_text_column wpb_content_element  wpb_animate_when_almost_visible wpb_fadeInUp fadeInUp\">\n<div class=\"wpb_wrapper\">\n<h4>S\u00f8gemaskineoptimering (SEO)<\/h4>\n<\/p>\n<\/div>\n<\/div>\n<div class=\"wpb_text_column wpb_content_element  wpb_animate_when_almost_visible wpb_fadeInUp fadeInUp vc_custom_1627333092042\">\n<div class=\"wpb_wrapper\">\n<p>Optimering af din hjemmeside<\/p>\n<\/p>\n<\/div>\n<\/div>\n<\/div>\n<\/div>\n<\/div>\n<\/div>\n<\/div>\n<\/div>\n<\/div>\n<\/div>\n<\/div>\n<\/div>\n<div id=\"fws_65b17930b8bab\" data-column-margin=\"default\" data-midnight=\"dark\" data-top-percent=\"7%\" data-bottom-percent=\"6%\" class=\"wpb_row vc_row-fluid vc_row full-width-content standard_section\" style=\"padding-top: calc(100vw * 0.07);padding-bottom: calc(100vw * 0.06)\">\n<div class=\"row-bg-wrap\" data-bg-animation=\"none\" data-bg-overlay=\"false\">\n<div class=\"inner-wrap\">\n<div class=\"row-bg using-bg-color\" style=\"background-color: #ffffff\"><\/div>\n<\/div>\n<div class=\"row-bg-overlay\"><\/div>\n<\/div>\n<div class=\"row_col_wrap_12 col span_12 dark left\">\n<div class=\"vc_col-sm-12 wpb_column column_container vc_column_container col no-extra-padding inherit_tablet inherit_phone\" data-t-w-inherits=\"default\" data-bg-cover=\"\" data-padding-pos=\"all\" data-has-bg-color=\"false\" data-bg-color=\"\" data-bg-opacity=\"1\" data-hover-bg=\"\" data-hover-bg-opacity=\"1\" data-animation=\"\" data-delay=\"0\">\n<div class=\"vc_column-inner\">\n<div class=\"column-bg-overlay-wrap\" data-bg-animation=\"none\">\n<div class=\"column-bg-overlay\"><\/div>\n<\/div>\n<div class=\"wpb_wrapper\">\n<div class=\"col span_12 testimonial_slider\" data-color=\"accent-color-dark\" data-rating-color=\"accent-color\" data-add-border=\"\" data-autorotate=\"\" data-style=\"multiple_visible\">\n<div class=\"slides\">\n<div class=\"flickity-viewport\">\n<div class=\"flickity-slider\">\n<blockquote>\n<div data-shadow=\"\" class=\"image-icon\">&#8220;<\/div>\n<p>\"PICTUREIFY-teamet er vidunderligt. De har lavet vores hjemmeside og administrerer vores sociale medier. Jeg kan varmt anbefale dem. Vores hjemmeside f\u00e5r bedre placering, end den nogensinde har f\u00e5et, og antallet af visninger p\u00e5 vores Facebook-side er vokset. Jeg ville ikke bruge nogen andre. \" <span class=\"bottom-arrow\"><\/span><\/p>\n<p><span class=\"testimonial-name\">Paul<\/span><span class=\"title\">CEO - OYLIAMO Designer<\/span><\/p>\n<\/blockquote>\n<\/div>\n<\/div>\n<\/div>\n<\/div>\n<\/div>\n<\/div>\n<\/div>\n<\/div>\n<\/div>\n<div id=\"fws_65b17930b94b1\" data-column-margin=\"default\" data-midnight=\"dark\" class=\"wpb_row vc_row-fluid vc_row full-width-section standard_section\" style=\"padding-top: 100px;padding-bottom: 100px\">\n<div class=\"row-bg-wrap\" data-bg-animation=\"none\" data-bg-overlay=\"false\">\n<div class=\"inner-wrap\">\n<div class=\"row-bg using-bg-color\" style=\"background-color: #f7f7f7\"><\/div>\n<\/div>\n<div class=\"row-bg-overlay\"><\/div>\n<\/div>\n<div class=\"row_col_wrap_12 col span_12 dark left\">\n<div class=\"vc_col-sm-12 wpb_column column_container vc_column_container col no-extra-padding inherit_tablet inherit_phone\" data-t-w-inherits=\"default\" data-bg-cover=\"\" data-padding-pos=\"all\" data-has-bg-color=\"false\" data-bg-color=\"\" data-bg-opacity=\"1\" data-hover-bg=\"\" data-hover-bg-opacity=\"1\" data-animation=\"\" data-delay=\"0\">\n<div class=\"vc_column-inner\">\n<div class=\"column-bg-overlay-wrap\" data-bg-animation=\"none\">\n<div class=\"column-bg-overlay\"><\/div>\n<\/div>\n<div class=\"wpb_wrapper\">\n<div class=\"wpb_text_column wpb_content_element\">\n<div class=\"wpb_wrapper\">\n<h2>OFTE STILLEDE SP\u00d8RGSM\u00c5L<\/h2>\n<\/p>\n<\/div>\n<\/div>\n<div class=\"toggles\" data-style=\"minimal\">\n<div class=\"toggle default\" data-inner-wrap=\"true\">\n<h3><a href=\"#\"><i class=\"icon-plus-sign\"><\/i>Jeg bor i Storbritannien eller USA, vil denne digitale markedsf\u00f8ring virke?<\/a><\/h3>\n<div>\n<div class=\"inner-toggle-wrap\">\n<div class=\"wpb_text_column wpb_content_element\">\n<div class=\"wpb_wrapper\">\n<p>Ja, det er det. Vores service er tilg\u00e6ngelig for alle i hele verden.<\/p>\n<\/p>\n<\/div>\n<\/div>\n<\/div>\n<\/div>\n<\/div>\n<div class=\"toggle default\" data-inner-wrap=\"true\">\n<h3><a href=\"#\"><i class=\"icon-plus-sign\"><\/i>Hvilke betalingsmetoder er tilg\u00e6ngelige?<\/a><\/h3>\n<div>\n<div class=\"inner-toggle-wrap\">\n<div class=\"wpb_text_column wpb_content_element\">\n<div class=\"wpb_wrapper\">\n<p>Du kan betale med dit debet- eller kreditkort.<\/p>\n<\/p>\n<\/div>\n<\/div>\n<\/div>\n<\/div>\n<\/div>\n<\/div>\n<\/div>\n<\/div>\n<\/div>\n<\/div>\n<\/div>\n<div id=\"fws_65b17930ba14e\" data-column-margin=\"default\" data-midnight=\"dark\" class=\"wpb_row vc_row-fluid vc_row standard_section\" style=\"padding-top: 0px;padding-bottom: 0px\">\n<div class=\"row-bg-wrap\" data-bg-animation=\"none\" data-bg-overlay=\"false\">\n<div class=\"inner-wrap\">\n<div class=\"row-bg\"><\/div>\n<\/div>\n<div class=\"row-bg-overlay\"><\/div>\n<\/div>\n<div class=\"row_col_wrap_12 col span_12 dark left\">\n<div class=\"vc_col-sm-12 wpb_column column_container vc_column_container col no-extra-padding inherit_tablet inherit_phone\" data-t-w-inherits=\"default\" data-bg-cover=\"\" data-padding-pos=\"all\" data-has-bg-color=\"false\" data-bg-color=\"\" data-bg-opacity=\"1\" data-hover-bg=\"\" data-hover-bg-opacity=\"1\" data-animation=\"\" data-delay=\"0\">\n<div class=\"vc_column-inner\">\n<div class=\"column-bg-overlay-wrap\" data-bg-animation=\"none\">\n<div class=\"column-bg-overlay\"><\/div>\n<\/div>\n<div class=\"wpb_wrapper\">\n<div class=\"img-with-aniamtion-wrap\" data-max-width=\"100%\" data-max-width-mobile=\"default\" data-border-radius=\"none\" data-shadow=\"none\" data-animation=\"fade-in\">\n<div class=\"inner\">\n<div class=\"hover-wrap\" data-hover-animation=\"none\">\n<div class=\"hover-wrap-inner\">\n            <img decoding=\"async\" class=\"img-with-animation skip-lazy\" data-delay=\"0\" height=\"100\" width=\"100\" data-animation=\"fade-in\" src=\"\" alt=\"\" \/>\n          <\/div>\n<\/div>\n<\/div>\n<\/div>\n<\/div>\n<\/div>\n<\/div>\n<\/div>\n<\/div>","protected":false},"excerpt":{"rendered":"<p>Improve Your Social Media Presence With Social Media Marketing Services &nbsp; Are you looking for an effective way to grow your business\u2019 brand awareness, number of new customers, and website&#8230;<\/p>","protected":false},"featured_media":5043,"comment_status":"closed","ping_status":"closed","template":"","meta":[],"product_brand":[],"product_cat":[15],"product_tag":[],"class_list":{"0":"post-6395","1":"product","2":"type-product","3":"status-publish","4":"has-post-thumbnail","6":"product_cat-smma","8":"first","9":"instock","10":"shipping-taxable","11":"purchasable","12":"product-type-simple"},"_links":{"self":[{"href":"https:\/\/www.picturava.shop\/da\/wp-json\/wp\/v2\/product\/6395","targetHints":{"allow":["GET"]}}],"collection":[{"href":"https:\/\/www.picturava.shop\/da\/wp-json\/wp\/v2\/product"}],"about":[{"href":"https:\/\/www.picturava.shop\/da\/wp-json\/wp\/v2\/types\/product"}],"replies":[{"embeddable":true,"href":"https:\/\/www.picturava.shop\/da\/wp-json\/wp\/v2\/comments?post=6395"}],"wp:featuredmedia":[{"embeddable":true,"href":"https:\/\/www.picturava.shop\/da\/wp-json\/wp\/v2\/media\/5043"}],"wp:attachment":[{"href":"https:\/\/www.picturava.shop\/da\/wp-json\/wp\/v2\/media?parent=6395"}],"wp:term":[{"taxonomy":"product_brand","embeddable":true,"href":"https:\/\/www.picturava.shop\/da\/wp-json\/wp\/v2\/product_brand?post=6395"},{"taxonomy":"product_cat","embeddable":true,"href":"https:\/\/www.picturava.shop\/da\/wp-json\/wp\/v2\/product_cat?post=6395"},{"taxonomy":"product_tag","embeddable":true,"href":"https:\/\/www.picturava.shop\/da\/wp-json\/wp\/v2\/product_tag?post=6395"}],"curies":[{"name":"wp","href":"https:\/\/api.w.org\/{rel}","templated":true}]}}