{"id":2767,"date":"2020-05-05T05:48:48","date_gmt":"2020-05-05T05:48:48","guid":{"rendered":"https:\/\/www.endledtvs.com\/?page_id=2767"},"modified":"2026-02-16T22:21:54","modified_gmt":"2026-02-16T22:21:54","slug":"about-us-smma","status":"publish","type":"page","link":"https:\/\/www.picturava.shop\/de_at\/about-us-smma\/","title":{"rendered":"\u00dcber US"},"content":{"rendered":"<h1 class=\"wp-block-heading has-text-align-center\">Wer wir sind<\/h1>\n\n\n\n<p>Wir sind eine Social-Media-Marketing-Agentur, die kleinen Unternehmen hilft, ihre Markenbekanntheit zu entwickeln und eine Reihe neuer Kunden zu gewinnen, indem sie gute Beziehungen durch Engagement aufbaut und auch Website-Verkehr durch Erh\u00f6hung der Website-Exposition (Traffic &amp; Conversions) erh\u00e4lt.<\/p>\n\n\n\n<h4 class=\"wp-block-heading\">Mission<\/h4>\n\n\n\n<p>Unser Unternehmen bietet ihnen die M\u00f6glichkeit, ihre Marke und ihre Online-Pr\u00e4senz auf Plattformen zu etablieren, auf denen ihre Zielgruppe bereits unterwegs ist.<\/p>\n\n\n\n<h4 class=\"wp-block-heading\">Vision<\/h4>\n\n\n\n<p>Die Vergr\u00f6\u00dferung Ihrer Followerschaft in sozialen Netzwerken wird Ihnen helfen, Mundpropaganda und Empfehlungen zu steigern. Unsere Social-Media-Marketingdienste helfen Ihnen, Ihre Followerschaft mit relevanten Personen zu vergr\u00f6\u00dfern. Wir sorgen daf\u00fcr, dass Ihre Follower den demografischen Merkmalen, Interessen und Verhaltensweisen Ihrer typischen Kunden entsprechen.<\/p>\n\n\n\n<p>Wenn Sie durch Engagement eine starke Verbindung zu Ihrem Publikum aufbauen, ist die Wahrscheinlichkeit gr\u00f6\u00dfer, dass es bei Ihnen kauft. Wir helfen Ihnen, das Engagement (Likes, Kommentare usw.) f\u00fcr Ihre Beitr\u00e4ge in den sozialen Medien zu erh\u00f6hen. Je mehr Engagement Sie haben, desto st\u00e4rker ist Ihre Verbindung zu Ihrem Publikum.<\/p>\n\n\n\n<p>Die Steigerung des Besucheraufkommens auf Ihrer Website wirkt sich direkt auf Leads und Verk\u00e4ufe aus. Deshalb l\u00e4sst sich dieser Service am besten mit unseren Social-Media-Werbeservices kombinieren, bei denen wir uns auf die Entwicklung von Social-Media-Werbekampagnen konzentrieren, die hohe Besucherzahlen auf Ihre Website bringen. Um die Konversionsrate zu erh\u00f6hen, k\u00f6nnen wir Retargeting-Werbung in den sozialen Medien hinzuf\u00fcgen, um vor den letzten Besuchern Ihrer Website zu bleiben.<\/p>\n\n\n\n<p><\/p>\n\n\n\n<p><\/p>\n\n\n\n<p>Name der Firma: ENDLED LTD<br>Unternehmensnummer: 13249389<\/p>\n\n\n\n<p><strong>HABEN SIE EINE FRAGE? Kontakt US<\/strong><\/p>\n\n\n\n<p>E-Mail: support@picturava.shop<br>Telefon: +44 22045429904<\/p>\n\n\n\n<p><strong>Unser Standort<\/strong><\/p>\n\n\n\n<p>ADRESSE: 71-75 Shelton Street<br>STADT: London<br>STAAT: London<br>ZIPCODE: WC2H 9JQ<br>LAND: Vereinigtes K\u00f6nigreich<\/p>\n\n\n\n<p><\/p>","protected":false},"excerpt":{"rendered":"<p>Who we are We are a Social media marketing agency that helps small businesses to Develop their Brand Awareness, and get a number of new customers by Building Good Relationships&#8230;<\/p>","protected":false},"author":1,"featured_media":0,"parent":0,"menu_order":0,"comment_status":"closed","ping_status":"closed","template":"","meta":{"footnotes":""},"class_list":["post-2767","page","type-page","status-publish"],"_links":{"self":[{"href":"https:\/\/www.picturava.shop\/de_at\/wp-json\/wp\/v2\/pages\/2767","targetHints":{"allow":["GET"]}}],"collection":[{"href":"https:\/\/www.picturava.shop\/de_at\/wp-json\/wp\/v2\/pages"}],"about":[{"href":"https:\/\/www.picturava.shop\/de_at\/wp-json\/wp\/v2\/types\/page"}],"author":[{"embeddable":true,"href":"https:\/\/www.picturava.shop\/de_at\/wp-json\/wp\/v2\/users\/1"}],"replies":[{"embeddable":true,"href":"https:\/\/www.picturava.shop\/de_at\/wp-json\/wp\/v2\/comments?post=2767"}],"version-history":[{"count":9,"href":"https:\/\/www.picturava.shop\/de_at\/wp-json\/wp\/v2\/pages\/2767\/revisions"}],"predecessor-version":[{"id":7721,"href":"https:\/\/www.picturava.shop\/de_at\/wp-json\/wp\/v2\/pages\/2767\/revisions\/7721"}],"wp:attachment":[{"href":"https:\/\/www.picturava.shop\/de_at\/wp-json\/wp\/v2\/media?parent=2767"}],"curies":[{"name":"wp","href":"https:\/\/api.w.org\/{rel}","templated":true}]}}