{"id":3,"date":"2020-01-10T20:27:36","date_gmt":"2020-01-10T20:27:36","guid":{"rendered":"http:\/\/caychroaz.com\/?page_id=3"},"modified":"2026-02-16T22:21:40","modified_gmt":"2026-02-16T22:21:40","slug":"privacy-policy","status":"publish","type":"page","link":"https:\/\/www.picturava.shop\/de_ch\/privacy-policy\/","title":{"rendered":"Datenschutzbestimmungen"},"content":{"rendered":"<p>Diese Datenschutzrichtlinie wurde zusammengestellt, um denjenigen, die sich Sorgen dar\u00fcber machen, wie ihre \"pers\u00f6nlich identifizierbaren Informationen\" (PII) online verwendet werden, besser zu helfen. PII, wie in den US-Datenschutzgesetzen und der Informationssicherheit beschrieben, sind Informationen, die allein oder zusammen mit anderen Informationen verwendet werden k\u00f6nnen, um eine einzelne Person zu identifizieren, zu kontaktieren oder ausfindig zu machen, oder um eine Person im Kontext zu identifizieren. Bitte lesen Sie unsere Datenschutzrichtlinien sorgf\u00e4ltig durch, um sich ein klares Bild davon zu machen, wie wir Ihre personenbezogenen Daten in \u00dcbereinstimmung mit unserer Website erfassen, verwenden, sch\u00fctzen oder anderweitig behandeln.<\/p>\n\n\n\n<p><strong>Welche pers\u00f6nlichen Daten sammeln wir von den Besuchern unseres Blogs, unserer Website oder unserer App?<\/strong><\/p>\n\n\n\n<p>Bei der Bestellung oder Registrierung auf unserer Website werden Sie gegebenenfalls aufgefordert, Ihren Namen, Ihre E-Mail-Adresse, Ihre Postanschrift, Ihre Telefonnummer oder andere Angaben einzugeben, die Ihnen bei der Nutzung unserer Website helfen.<\/p>\n\n\n\n<p><strong>Wann sammeln wir Informationen?<\/strong><\/p>\n\n\n\n<p>Wir sammeln Informationen von Ihnen, wenn Sie sich auf unserer Website registrieren, eine Bestellung aufgeben, einen Newsletter abonnieren oder Informationen auf unserer Website eingeben.<\/p>\n\n\n\n<p><strong>Wie verwenden wir Ihre Informationen?<\/strong><\/p>\n\n\n\n<p>Wir k\u00f6nnen die Informationen, die wir von Ihnen sammeln, wenn Sie sich registrieren, einen Kauf t\u00e4tigen, sich f\u00fcr unseren Newsletter anmelden, auf eine Umfrage oder Marketingmitteilung antworten, auf der Website surfen oder bestimmte andere Funktionen der Website nutzen, wie folgt verwenden:<\/p>\n\n\n\n<pre class=\"wp-block-code\"><code>  - Um Ihre Erfahrung zu personalisieren und uns zu erm\u00f6glichen, die Art von Inhalten und Produktangeboten zu liefern, an denen Sie am meisten interessiert sind.\n  - Um unsere Website zu verbessern, damit wir Ihnen besser dienen k\u00f6nnen.\n  - Um Ihnen bei der Beantwortung Ihrer Kundendienstanfragen einen besseren Service bieten zu k\u00f6nnen.\n  - Um Ihre Transaktionen schnell zu bearbeiten.\n  - Um Ihnen regelm\u00e4\u00dfig E-Mails zu Ihrer Bestellung oder anderen Produkten und Dienstleistungen zu senden.<\/code><\/pre>\n\n\n\n<p><strong>Wie sch\u00fctzen wir Ihre Daten?<\/strong><\/p>\n\n\n\n<p>Unsere Website wird regelm\u00e4\u00dfig auf Sicherheitsl\u00fccken und bekannte Schwachstellen \u00fcberpr\u00fcft, um Ihren Besuch auf unserer Website so sicher wie m\u00f6glich zu machen.<\/p>\n\n\n\n<p><strong>Wir f\u00fchren regelm\u00e4\u00dfig Malware-Scans durch.<\/strong><\/p>\n\n\n\n<p>Ihre pers\u00f6nlichen Daten befinden sich in gesicherten Netzwerken und sind nur f\u00fcr eine begrenzte Anzahl von Personen zug\u00e4nglich, die \u00fcber besondere Zugangsrechte zu diesen Systemen verf\u00fcgen und verpflichtet sind, die Daten vertraulich zu behandeln. Dar\u00fcber hinaus werden alle sensiblen Daten und Kreditinformationen, die Sie uns zur Verf\u00fcgung stellen, mit der Secure Socket Layer (SSL)-Technologie verschl\u00fcsselt.<\/p>\n\n\n\n<p>Wir setzen eine Reihe von Sicherheitsma\u00dfnahmen ein, wenn ein Benutzer eine Bestellung aufgibt, seine Daten eingibt, \u00fcbermittelt oder darauf zugreift, um die Sicherheit Ihrer pers\u00f6nlichen Daten zu gew\u00e4hrleisten.<\/p>\n\n\n\n<p>Alle Transaktionen werden \u00fcber einen Gateway-Anbieter abgewickelt und werden nicht auf unseren Servern gespeichert oder verarbeitet.<\/p>\n\n\n\n<p><strong>Verwenden wir \"Cookies\"?<\/strong><\/p>\n\n\n\n<p>Ja. Cookies sind kleine Dateien, die eine Website oder ihr Dienstanbieter \u00fcber Ihren Webbrowser auf die Festplatte Ihres Computers \u00fcbertr\u00e4gt (sofern Sie dies zulassen), damit die Systeme der Website oder des Dienstanbieters Ihren Browser erkennen und bestimmte Informationen erfassen und speichern k\u00f6nnen. So verwenden wir beispielsweise Cookies, um uns an die Artikel in Ihrem Einkaufswagen zu erinnern und diese zu verarbeiten. Sie helfen uns auch, Ihre Pr\u00e4ferenzen auf der Grundlage fr\u00fcherer oder aktueller Website-Aktivit\u00e4ten zu verstehen, damit wir Ihnen bessere Dienstleistungen anbieten k\u00f6nnen. Wir verwenden Cookies auch, um aggregierte Daten \u00fcber den Website-Verkehr und die Interaktion auf der Website zu sammeln, damit wir in Zukunft bessere Website-Erfahrungen und -Tools anbieten k\u00f6nnen.<\/p>\n\n\n\n<p>Wir verwenden Cookies um:<br>\n      - Helfen Sie dabei, sich die Artikel im Einkaufswagen zu merken und zu bearbeiten.<br>\n      - Verstehen und speichern Sie die Pr\u00e4ferenzen der Nutzer f\u00fcr zuk\u00fcnftige Besuche.<br>\n      - Behalten Sie den \u00dcberblick \u00fcber Anzeigen.<br>\n      - Zusammenfassen von Daten \u00fcber den Website-Verkehr und die Interaktionen auf der Website, um in Zukunft bessere Website-Erfahrungen und -Tools anbieten zu k\u00f6nnen. Wir k\u00f6nnen auch Dienste von vertrauensw\u00fcrdigen Dritten nutzen, die diese Informationen in unserem Namen verfolgen.<\/p>\n\n\n\n<p>Sie k\u00f6nnen w\u00e4hlen, ob Ihr Computer Sie jedes Mal warnen soll, wenn ein Cookie gesendet wird, oder ob Sie alle Cookies deaktivieren wollen. Dies geschieht \u00fcber die Einstellungen Ihres Browsers. Da jeder Browser ein wenig anders ist, sollten Sie im Hilfemen\u00fc Ihres Browsers nachsehen, wie Sie Ihre Cookies korrekt \u00e4ndern k\u00f6nnen.<\/p>\n\n\n\n<p>Wenn Sie Cookies deaktivieren, kann es sein, dass einige der Funktionen, die Ihre Website effizienter machen, nicht richtig funktionieren.<\/p>\n\n\n\n<p>Offenlegung durch Dritte<\/p>\n\n\n\n<p>Wir verkaufen, handeln oder \u00fcbertragen Ihre personenbezogenen Daten nicht an Dritte.<\/p>\n\n\n\n<p>Links von Dritten<\/p>\n\n\n\n<p>Wir bieten auf unserer Website keine Produkte oder Dienstleistungen Dritter an.<\/p>\n\n\n\n<p>Google<\/p>\n\n\n\n<p>Die Anforderungen von Google an die Werbung lassen sich in den Google-Werbegrunds\u00e4tzen zusammenfassen. Sie wurden aufgestellt, um den Nutzern ein positives Erlebnis zu bieten. https:\/\/support.google.com\/adwordspolicy\/answer\/1316548?hl=en <\/p>\n\n\n\n<p>Wir haben Google AdSense auf unserer Website nicht aktiviert, werden dies aber m\u00f6glicherweise in Zukunft tun.<\/p>\n\n\n\n<p>Kalifornisches Gesetz zum Schutz der Privatsph\u00e4re im Internet<\/p>\n\n\n\n<p>CalOPPA ist das erste bundesstaatliche Gesetz, das kommerzielle Websites und Online-Dienste dazu verpflichtet, eine Datenschutzrichtlinie zu ver\u00f6ffentlichen. Der Geltungsbereich des Gesetzes geht weit \u00fcber Kalifornien hinaus und verlangt von jeder Person oder jedem Unternehmen in den Vereinigten Staaten (und m\u00f6glicherweise weltweit), die Websites betreiben, auf denen personenbezogene Daten von kalifornischen Verbrauchern erfasst werden, eine gut sichtbare Datenschutzerkl\u00e4rung auf ihrer Website zu ver\u00f6ffentlichen, in der genau angegeben wird, welche Daten erfasst werden und an welche Personen oder Unternehmen sie weitergegeben werden. - Weitere Informationen finden Sie unter: http:\/\/consumercal.org\/california-online-privacy-protection-act-caloppa\/#sthash.0FdRbT51.dpuf<\/p>\n\n\n\n<p>Laut CalOPPA sind wir mit Folgendem einverstanden:<br>\nDie Nutzer k\u00f6nnen unsere Website anonym besuchen.<br>\nSobald diese Datenschutzerkl\u00e4rung erstellt ist, werden wir einen Link zu ihr auf unserer Homepage oder zumindest auf der ersten wichtigen Seite nach dem Betreten unserer Website einf\u00fcgen.<br>\nDer Link zu unserer Datenschutzrichtlinie enth\u00e4lt das Wort \"Datenschutz\" und kann leicht auf der oben genannten Seite gefunden werden.<\/p>\n\n\n\n<p>Sie werden \u00fcber alle \u00c4nderungen der Datenschutzbestimmungen informiert:<br>\n      - Auf unserer Seite zum Datenschutz<br>\nSie k\u00f6nnen Ihre pers\u00f6nlichen Daten \u00e4ndern:<br>\n      - Per E-Mail an uns<br>\n      - Rufen Sie uns an<br>\n      - Indem Sie sich bei Ihrem Konto anmelden<\/p>\n\n\n\n<p><strong>Wie behandelt unsere Website \"Do Not Track\"-Signale?<br><\/strong> Wir respektieren Do Not Track-Signale und Do Not Track, pflanzen Cookies oder verwenden Werbung, wenn ein Do Not Track (DNT) Browser-Mechanismus vorhanden ist.<\/p>\n\n\n\n<p><strong>Erlaubt unsere Website die Verfolgung des Verhaltens von Dritten?<br><\/strong> Es ist auch wichtig zu wissen, dass wir kein Verhaltenstracking durch Dritte zulassen.<\/p>\n\n\n\n<p>COPPA (Gesetz zum Schutz der Privatsph\u00e4re von Kindern im Internet)<\/p>\n\n\n\n<p>Wenn es um die Erhebung personenbezogener Daten von Kindern unter 13 Jahren geht, haben die Eltern nach dem Children's Online Privacy Protection Act (COPPA) die Kontrolle. Die Federal Trade Commission, die Verbraucherschutzbeh\u00f6rde der Vereinigten Staaten, setzt die COPPA-Regel durch, in der festgelegt ist, was Betreiber von Websites und Online-Diensten tun m\u00fcssen, um die Privatsph\u00e4re und Sicherheit von Kindern im Internet zu sch\u00fctzen.<\/p>\n\n\n\n<p>Wir wenden uns nicht speziell an Kinder unter 13 Jahren.<br>\nErlauben wir Dritten, einschlie\u00dflich Werbenetzwerken oder Plug-ins, personenbezogene Daten von Kindern unter 13 Jahren zu sammeln?<\/p>\n\n\n\n<p>Faire Informationspraktiken<\/p>\n\n\n\n<p>Die Fair Information Practices Principles bilden das R\u00fcckgrat des Datenschutzrechts in den Vereinigten Staaten, und die darin enthaltenen Konzepte haben bei der Entwicklung von Datenschutzgesetzen auf der ganzen Welt eine wichtige Rolle gespielt. Das Verst\u00e4ndnis der Fair Information Practice Principles und ihrer Umsetzung ist entscheidend f\u00fcr die Einhaltung der verschiedenen Datenschutzgesetze zum Schutz personenbezogener Daten.<\/p>\n\n\n\n<p>Um den fairen Informationspraktiken gerecht zu werden, werden wir im Falle einer Datenverletzung die folgenden Ma\u00dfnahmen ergreifen:<br>\nWir werden Sie per E-Mail benachrichtigen<br>\n      - Innerhalb von 1 Arbeitstag<br>\n      - Innerhalb von 1 Arbeitstag<\/p>\n\n\n\n<p>Wir stimmen auch dem Grundsatz des individuellen Rechtsbehelfs zu, der vorsieht, dass Einzelpersonen das Recht haben, einklagbare Rechte gegen Datenerheber und -verarbeiter geltend zu machen, die sich nicht an das Gesetz halten. Dieser Grundsatz setzt nicht nur voraus, dass Einzelpersonen durchsetzbare Rechte gegen\u00fcber Datennutzern haben, sondern auch, dass Einzelpersonen sich an Gerichte oder Regierungsbeh\u00f6rden wenden k\u00f6nnen, um die Nichteinhaltung von Vorschriften durch Datenverarbeiter zu untersuchen und\/oder strafrechtlich zu verfolgen.<\/p>","protected":false},"excerpt":{"rendered":"<p>This privacy policy has been compiled to better serve those who are concerned with how their \u2018Personally Identifiable Information\u2019 (PII) is being used online. PII, as described in US privacy&#8230;<\/p>","protected":false},"author":1,"featured_media":0,"parent":0,"menu_order":0,"comment_status":"closed","ping_status":"open","template":"","meta":{"footnotes":""},"class_list":["post-3","page","type-page","status-publish"],"_links":{"self":[{"href":"https:\/\/www.picturava.shop\/de_ch\/wp-json\/wp\/v2\/pages\/3","targetHints":{"allow":["GET"]}}],"collection":[{"href":"https:\/\/www.picturava.shop\/de_ch\/wp-json\/wp\/v2\/pages"}],"about":[{"href":"https:\/\/www.picturava.shop\/de_ch\/wp-json\/wp\/v2\/types\/page"}],"author":[{"embeddable":true,"href":"https:\/\/www.picturava.shop\/de_ch\/wp-json\/wp\/v2\/users\/1"}],"replies":[{"embeddable":true,"href":"https:\/\/www.picturava.shop\/de_ch\/wp-json\/wp\/v2\/comments?post=3"}],"version-history":[{"count":1,"href":"https:\/\/www.picturava.shop\/de_ch\/wp-json\/wp\/v2\/pages\/3\/revisions"}],"predecessor-version":[{"id":5446,"href":"https:\/\/www.picturava.shop\/de_ch\/wp-json\/wp\/v2\/pages\/3\/revisions\/5446"}],"wp:attachment":[{"href":"https:\/\/www.picturava.shop\/de_ch\/wp-json\/wp\/v2\/media?parent=3"}],"curies":[{"name":"wp","href":"https:\/\/api.w.org\/{rel}","templated":true}]}}