{"id":2765,"date":"2020-05-05T05:46:47","date_gmt":"2020-05-05T05:46:47","guid":{"rendered":"https:\/\/www.endledtvs.com\/?page_id=2765"},"modified":"2026-02-16T22:21:40","modified_gmt":"2026-02-16T22:21:40","slug":"terms-and-conditions-smma","status":"publish","type":"page","link":"https:\/\/www.picturava.shop\/es\/terms-and-conditions-smma\/","title":{"rendered":"Condiciones generales"},"content":{"rendered":"<h4 class=\"wp-block-heading\">Welcome to Picturava.shop!<\/h4>\n\n\n\n<p>This website is operated by Picturava.shop, owned by PICTUREIFY, located at ROBBERSTR 34, STUTTGART, 70188, Germany. Throughout the site, the terms &#8220;we,&#8221; &#8220;us,&#8221; and &#8220;our&#8221; refer to Picturava.shop. By accessing or using our website, you agree to comply with the terms and conditions outlined here.<\/p>\n\n\n\n<h4 class=\"wp-block-heading\">1. Aceptaci\u00f3n de las condiciones<\/h4>\n\n\n\n<p>By visiting Picturava.shop or purchasing our products, you engage in our &#8220;Service&#8221; and agree to be bound by the following terms and conditions (&#8220;Terms of Service&#8221; or &#8220;Terms&#8221;), including any additional terms and conditions referenced herein. These Terms apply to all users, including browsers, vendors, customers, and contributors of content.<\/p>\n\n\n\n<p>Lea atentamente estas Condiciones antes de utilizar nuestro sitio web. Si no est\u00e1 de acuerdo con ellas, no podr\u00e1 acceder ni utilizar nuestro sitio web ni nuestros servicios.<\/p>\n\n\n\n<h4 class=\"wp-block-heading\">2. Cambios en las condiciones<\/h4>\n\n\n\n<p>Nos reservamos el derecho a actualizar o modificar estas Condiciones en cualquier momento. Es su responsabilidad comprobar peri\u00f3dicamente si se han producido cambios en esta p\u00e1gina. El uso continuado de la p\u00e1gina web despu\u00e9s de cualquier cambio constituye la aceptaci\u00f3n de dichos cambios.<\/p>\n\n\n\n<h4 class=\"wp-block-heading\">3. Cuenta de usuario y seguridad<\/h4>\n\n\n\n<p>Cuando se registre en nuestro sitio, recibir\u00e1 una contrase\u00f1a y una cuenta de usuario. Usted es responsable de mantener la confidencialidad de su cuenta y contrase\u00f1a y de todas las actividades que ocurran bajo su cuenta. Notif\u00edquenos inmediatamente cualquier uso no autorizado de su cuenta o cualquier otra violaci\u00f3n de la seguridad.<\/p>\n\n\n\n<h4 class=\"wp-block-heading\">4. Uso del sitio y de los contenidos<\/h4>\n\n\n\n<p>You are granted permission to access and use Picturava.shop and its content solely for personal, non-commercial purposes. You may not reproduce, distribute, or otherwise exploit any content on our site for commercial purposes without our prior written consent.<\/p>\n\n\n\n<p>Nos reservamos el derecho a modificar, suprimir o a\u00f1adir contenidos a este sitio sin previo aviso.<\/p>\n\n\n\n<h4 class=\"wp-block-heading\">5. 5. Propiedad intelectual<\/h4>\n\n\n\n<p>All content on this site, including graphics, images, text, software, and trademarks, is owned by Picturava.shop or its licensors and is protected by copyright and other intellectual property laws. Unauthorized use of this content is strictly prohibited.<\/p>\n\n\n\n<h4 class=\"wp-block-heading\">6. Contenidos generados por los usuarios<\/h4>\n\n\n\n<p>By submitting content to Picturava.shop (e.g., feedback, comments, designs), you grant us a non-exclusive, worldwide, royalty-free license to use, reproduce, modify, and distribute that content in any media. You represent that you have the right to grant this license.<\/p>\n\n\n\n<p>Podemos eliminar los contenidos generados por los usuarios que consideremos inapropiados o que infrinjan estas Condiciones.<\/p>\n\n\n\n<h4 class=\"wp-block-heading\">7. Compras y pagos<\/h4>\n\n\n\n<p>Al realizar una compra en nuestro sitio, usted se compromete a proporcionar informaci\u00f3n de pago precisa y completa. Usted es responsable de todos los gastos incurridos, incluidos los impuestos aplicables. Si no se recibe el pago, nos reservamos el derecho de cancelar su pedido.<\/p>\n\n\n\n<h4 class=\"wp-block-heading\">8. Env\u00edo y entrega<\/h4>\n\n\n\n<p>Una vez enviado su pedido, el riesgo de p\u00e9rdida y la titularidad pasan a usted. No nos hacemos responsables de los retrasos o problemas que puedan producirse durante el proceso de env\u00edo.<\/p>\n\n\n\n<p>En el caso de los productos digitales, la entrega se considera completa cuando el producto est\u00e1 disponible para su descarga o se env\u00eda por correo electr\u00f3nico.<\/p>\n\n\n\n<h4 class=\"wp-block-heading\">9. Enlaces de terceros<\/h4>\n\n\n\n<p>Nuestro sitio puede contener enlaces a sitios web de terceros. No somos responsables del contenido ni de las pr\u00e1cticas de estos sitios web y no respaldamos ni asumimos responsabilidad alguna por sus acciones.<\/p>\n\n\n\n<h4 class=\"wp-block-heading\">10. 10. Limitaci\u00f3n de responsabilidad<\/h4>\n\n\n\n<p>Picturava.shop is not liable for any direct, indirect, incidental, or consequential damages arising from your use of our website or services. This includes any errors, interruptions, or loss of data that may occur during your use of our site.<\/p>\n\n\n\n<h4 class=\"wp-block-heading\">11. Indemnizaci\u00f3n<\/h4>\n\n\n\n<p>You agree to indemnify and hold Picturava.shop, its affiliates, and their respective officers, directors, employees, and agents harmless from any claims, damages, or expenses arising from your use of our site or violation of these Terms.<\/p>\n\n\n\n<h4 class=\"wp-block-heading\">12. Terminaci\u00f3n<\/h4>\n\n\n\n<p>We reserve the right to terminate your access to Picturava.shop at any time if we believe you have violated these Terms. You will still be responsible for any orders placed before termination.<\/p>\n\n\n\n<h4 class=\"wp-block-heading\">13. Ley aplicable y resoluci\u00f3n de litigios<\/h4>\n\n\n\n<p>Estas Condiciones se rigen por las leyes del Reino Unido. Cualquier disputa que surja de o est\u00e9 relacionada con estos T\u00e9rminos se resolver\u00e1 en los tribunales ubicados en STUTTGART, DE.<\/p>\n\n\n\n<h4 class=\"wp-block-heading\">14. 14. Pol\u00edtica de privacidad<\/h4>\n\n\n\n<p>Su privacidad es importante para nosotros. Consulte nuestra Pol\u00edtica de privacidad para saber c\u00f3mo recopilamos, utilizamos y protegemos sus datos personales.<\/p>\n\n\n\n<h4 class=\"wp-block-heading\">15. Ofertas promocionales<\/h4>\n\n\n\n<p>Picturava.shop may offer promotional deals from time to time. Please note that these offers cannot be combined unless explicitly stated.<\/p>\n\n\n\n<h4 class=\"wp-block-heading\">Contacte con nosotros<\/h4>\n\n\n\n<p>Si tiene alguna pregunta sobre estas Condiciones, p\u00f3ngase en contacto con nosotros en:<\/p>\n\n\n\n<ul class=\"wp-block-list\">\n<li><strong>Correo electr\u00f3nico:<\/strong> <a>support@picturava.shop<\/a><\/li>\n\n\n\n<li><strong>Tel\u00e9fono:<\/strong> +44 22045429904<\/li>\n\n\n\n<li><strong>Direcci\u00f3n:<\/strong> ROBBERSTR 34, STUTTGART, 70188, Alemania<\/li>\n<\/ul>","protected":false},"excerpt":{"rendered":"<p>Welcome to Picturava.shop! This website is operated by Picturava.shop, owned by PICTUREIFY, located at ROBBERSTR 34, STUTTGART, 70188, Germany. Throughout the site, the terms &#8220;we,&#8221; &#8220;us,&#8221; and &#8220;our&#8221; refer to&#8230;<\/p>","protected":false},"author":1,"featured_media":0,"parent":0,"menu_order":0,"comment_status":"closed","ping_status":"closed","template":"","meta":{"footnotes":""},"class_list":["post-2765","page","type-page","status-publish"],"_links":{"self":[{"href":"https:\/\/www.picturava.shop\/es\/wp-json\/wp\/v2\/pages\/2765","targetHints":{"allow":["GET"]}}],"collection":[{"href":"https:\/\/www.picturava.shop\/es\/wp-json\/wp\/v2\/pages"}],"about":[{"href":"https:\/\/www.picturava.shop\/es\/wp-json\/wp\/v2\/types\/page"}],"author":[{"embeddable":true,"href":"https:\/\/www.picturava.shop\/es\/wp-json\/wp\/v2\/users\/1"}],"replies":[{"embeddable":true,"href":"https:\/\/www.picturava.shop\/es\/wp-json\/wp\/v2\/comments?post=2765"}],"version-history":[{"count":8,"href":"https:\/\/www.picturava.shop\/es\/wp-json\/wp\/v2\/pages\/2765\/revisions"}],"predecessor-version":[{"id":7723,"href":"https:\/\/www.picturava.shop\/es\/wp-json\/wp\/v2\/pages\/2765\/revisions\/7723"}],"wp:attachment":[{"href":"https:\/\/www.picturava.shop\/es\/wp-json\/wp\/v2\/media?parent=2765"}],"curies":[{"name":"wp","href":"https:\/\/api.w.org\/{rel}","templated":true}]}}