{"id":3,"date":"2020-01-10T20:27:36","date_gmt":"2020-01-10T20:27:36","guid":{"rendered":"http:\/\/caychroaz.com\/?page_id=3"},"modified":"2026-02-16T22:21:40","modified_gmt":"2026-02-16T22:21:40","slug":"privacy-policy","status":"publish","type":"page","link":"https:\/\/www.picturava.shop\/es\/privacy-policy\/","title":{"rendered":"Pol\u00edtica de privacidad"},"content":{"rendered":"<p>Esta pol\u00edtica de privacidad ha sido elaborada para servir mejor a quienes est\u00e1n preocupados por el uso que se hace en l\u00ednea de su \"Informaci\u00f3n Personal Identificable\" (IPI). La IIP, tal y como se describe en la legislaci\u00f3n estadounidense sobre privacidad y seguridad de la informaci\u00f3n, es informaci\u00f3n que puede utilizarse por s\u00ed sola o con otros datos para identificar, contactar o localizar a una persona, o para identificar a un individuo en su contexto. Le rogamos que lea atentamente nuestra pol\u00edtica de privacidad para comprender claramente c\u00f3mo recopilamos, utilizamos, protegemos o tratamos de cualquier otro modo su Informaci\u00f3n de Identificaci\u00f3n Personal de acuerdo con nuestro sitio web.<\/p>\n\n\n\n<p><strong>\u00bfQu\u00e9 informaci\u00f3n personal recopilamos de las personas que visitan nuestro blog, sitio web o aplicaci\u00f3n?<\/strong><\/p>\n\n\n\n<p>Al realizar un pedido o registrarse en nuestro sitio, seg\u00fan proceda, es posible que se le pida que introduzca su nombre, direcci\u00f3n de correo electr\u00f3nico, direcci\u00f3n postal, n\u00famero de tel\u00e9fono u otros datos que le ayuden en su experiencia.<\/p>\n\n\n\n<p><strong>\u00bfCu\u00e1ndo recopilamos informaci\u00f3n?<\/strong><\/p>\n\n\n\n<p>Recopilamos informaci\u00f3n sobre usted cuando se registra en nuestro sitio, realiza un pedido, se suscribe a un bolet\u00edn de noticias o introduce informaci\u00f3n en nuestro sitio.<\/p>\n\n\n\n<p><strong>\u00bfC\u00f3mo utilizamos su informaci\u00f3n?<\/strong><\/p>\n\n\n\n<p>Podemos utilizar la informaci\u00f3n que obtenemos de usted cuando se registra, realiza una compra, se suscribe a nuestro bolet\u00edn de noticias, responde a una encuesta o a una comunicaci\u00f3n de marketing, navega por el sitio web o utiliza algunas otras funciones del sitio de las siguientes maneras:<\/p>\n\n\n\n<pre class=\"wp-block-code\"><code>  - Para personalizar su experiencia y permitirnos ofrecerle el tipo de contenidos y productos que m\u00e1s le interesan.\n  - Para mejorar nuestro sitio web con el fin de prestarle un mejor servicio.\n  - Para poder atender mejor sus solicitudes de servicio de atenci\u00f3n al cliente.\n  - Para procesar r\u00e1pidamente sus transacciones.\n  - Para enviarle correos electr\u00f3nicos peri\u00f3dicos sobre su pedido u otros productos y servicios.<\/code><\/pre>\n\n\n\n<p><strong>\u00bfC\u00f3mo protegemos su informaci\u00f3n?<\/strong><\/p>\n\n\n\n<p>Nuestro sitio web es escaneado peri\u00f3dicamente en busca de agujeros de seguridad y vulnerabilidades conocidas para que su visita a nuestro sitio sea lo m\u00e1s segura posible.<\/p>\n\n\n\n<p><strong>Realizamos an\u00e1lisis peri\u00f3dicos de malware.<\/strong><\/p>\n\n\n\n<p>Sus datos personales se almacenan en redes seguras a las que s\u00f3lo puede acceder un n\u00famero limitado de personas que tienen derechos especiales de acceso a dichos sistemas y est\u00e1n obligadas a mantener la confidencialidad de la informaci\u00f3n. Adem\u00e1s, toda la informaci\u00f3n confidencial o crediticia que nos facilite se encripta mediante la tecnolog\u00eda SSL (Secure Socket Layer).<\/p>\n\n\n\n<p>Aplicamos diversas medidas de seguridad cuando un usuario realiza un pedido, introduce, env\u00eda o accede a su informaci\u00f3n para mantener la seguridad de sus datos personales.<\/p>\n\n\n\n<p>Todas las transacciones se procesan a trav\u00e9s de un proveedor de pasarela y no se almacenan ni procesan en nuestros servidores.<\/p>\n\n\n\n<p><strong>\u00bfUtilizamos \"cookies\"?<\/strong><\/p>\n\n\n\n<p>S\u00ed. Las cookies son peque\u00f1os archivos que un sitio o su proveedor de servicios transfiere al disco duro de su ordenador a trav\u00e9s de su navegador web (si usted lo permite) y que permiten a los sistemas del sitio o del proveedor de servicios reconocer su navegador y capturar y recordar determinada informaci\u00f3n. Por ejemplo, utilizamos cookies para ayudarnos a recordar y procesar los art\u00edculos de su cesta de la compra. Tambi\u00e9n se utilizan para ayudarnos a entender sus preferencias basadas en la actividad previa o actual del sitio, lo que nos permite ofrecerle servicios mejorados. Tambi\u00e9n utilizamos cookies para recopilar datos agregados sobre el tr\u00e1fico y la interacci\u00f3n en el sitio, de modo que podamos ofrecer mejores experiencias y herramientas en el futuro.<\/p>\n\n\n\n<p>Utilizamos cookies para:<br>\n      - Ayudar a recordar y procesar los art\u00edculos de la cesta de la compra.<br>\n      - Comprender y guardar las preferencias del usuario para futuras visitas.<br>\n      - Haz un seguimiento de los anuncios.<br>\n      - Recopilar datos agregados sobre el tr\u00e1fico y las interacciones en el sitio para ofrecer mejores experiencias y herramientas en el futuro. Tambi\u00e9n podemos utilizar servicios de terceros de confianza que rastreen esta informaci\u00f3n en nuestro nombre.<\/p>\n\n\n\n<p>Puede elegir que su ordenador le avise cada vez que se env\u00ede una cookie, o puede elegir desactivar todas las cookies. Esto se hace a trav\u00e9s de la configuraci\u00f3n de su navegador. Cada navegador es un poco diferente, mira en el men\u00fa de ayuda de tu navegador para aprender la forma correcta de modificar tus cookies.<\/p>\n\n\n\n<p>Si desactiva las cookies, es posible que algunas de las funciones que hacen que la experiencia de su sitio sea m\u00e1s eficiente no funcionen correctamente.<\/p>\n\n\n\n<p>Divulgaci\u00f3n a terceros<\/p>\n\n\n\n<p>No vendemos, intercambiamos ni transferimos a terceros sus datos personales.<\/p>\n\n\n\n<p>Enlaces de terceros<\/p>\n\n\n\n<p>No incluimos ni ofrecemos productos o servicios de terceros en nuestro sitio web.<\/p>\n\n\n\n<p>Google<\/p>\n\n\n\n<p>Los requisitos publicitarios de Google pueden resumirse en los Principios publicitarios de Google. Su objetivo es ofrecer una experiencia positiva a los usuarios. https:\/\/support.google.com\/adwordspolicy\/answer\/1316548?hl=en <\/p>\n\n\n\n<p>No hemos habilitado Google AdSense en nuestro sitio, pero es posible que lo hagamos en el futuro.<\/p>\n\n\n\n<p>Ley de Protecci\u00f3n de la Privacidad en L\u00ednea de California<\/p>\n\n\n\n<p>CalOPPA es la primera ley estatal del pa\u00eds que obliga a los sitios web comerciales y a los servicios en l\u00ednea a publicar una pol\u00edtica de privacidad. El \u00e1mbito de aplicaci\u00f3n de la ley se extiende m\u00e1s all\u00e1 de California y exige a cualquier persona o empresa de Estados Unidos (y posiblemente del mundo) que gestione sitios web que recojan informaci\u00f3n personal identificable de consumidores californianos que publique en su sitio web una pol\u00edtica de privacidad visible en la que se indique exactamente la informaci\u00f3n que se recoge y las personas o empresas con las que se comparte. - M\u00e1s informaci\u00f3n en: http:\/\/consumercal.org\/california-online-privacy-protection-act-caloppa\/#sthash.0FdRbT51.dpuf<\/p>\n\n\n\n<p>Seg\u00fan la CalOPPA, estamos de acuerdo con lo siguiente:<br>\nLos usuarios pueden visitar nuestro sitio de forma an\u00f3nima.<br>\nUna vez creada esta pol\u00edtica de privacidad, a\u00f1adiremos un enlace a la misma en nuestra p\u00e1gina de inicio o, como m\u00ednimo, en la primera p\u00e1gina significativa tras entrar en nuestro sitio web.<br>\nNuestro enlace a la Pol\u00edtica de Privacidad incluye la palabra \"Privacidad\" y puede encontrarse f\u00e1cilmente en la p\u00e1gina especificada anteriormente.<\/p>\n\n\n\n<p>Se le notificar\u00e1 cualquier cambio en la Pol\u00edtica de Privacidad:<br>\n      - En nuestra p\u00e1gina de Pol\u00edtica de privacidad<br>\nPuede modificar sus datos personales:<br>\n      - Por correo electr\u00f3nico<br>\n      - Llam\u00e1ndonos<br>\n      - Accediendo a su cuenta<\/p>\n\n\n\n<p><strong>\u00bfC\u00f3mo gestiona nuestro sitio las se\u00f1ales Do Not Track?<br><\/strong> Respetamos las se\u00f1ales Do Not Track y no rastreamos, no plantamos cookies ni utilizamos publicidad cuando existe un mecanismo Do Not Track (DNT) en el navegador.<\/p>\n\n\n\n<p><strong>\u00bfPermite nuestro sitio el seguimiento del comportamiento por parte de terceros?<br><\/strong> Tambi\u00e9n es importante se\u00f1alar que no permitimos el seguimiento del comportamiento por parte de terceros.<\/p>\n\n\n\n<p>COPPA (Ley de Protecci\u00f3n de la Privacidad Infantil en Internet)<\/p>\n\n\n\n<p>Cuando se trata de recopilar informaci\u00f3n personal de ni\u00f1os menores de 13 a\u00f1os, la Ley de Protecci\u00f3n de la Privacidad Infantil en Internet (COPPA) pone a los padres al mando. La Comisi\u00f3n Federal de Comercio, la agencia de protecci\u00f3n del consumidor de Estados Unidos, hace cumplir la norma COPPA, que especifica lo que deben hacer los operadores de sitios web y servicios en l\u00ednea para proteger la privacidad y la seguridad de los ni\u00f1os en l\u00ednea.<\/p>\n\n\n\n<p>No comercializamos espec\u00edficamente con ni\u00f1os menores de 13 a\u00f1os.<br>\n\u00bfPermitimos que terceros, incluidas redes publicitarias o plug-ins, recopilen informaci\u00f3n personal de menores de 13 a\u00f1os?<\/p>\n\n\n\n<p>Pr\u00e1cticas informativas justas<\/p>\n\n\n\n<p>Los Principios de Pr\u00e1cticas Leales de Informaci\u00f3n constituyen la columna vertebral de la legislaci\u00f3n sobre privacidad en Estados Unidos y los conceptos que incluyen han desempe\u00f1ado un papel importante en el desarrollo de leyes de protecci\u00f3n de datos en todo el mundo. Comprender los Principios de Pr\u00e1cticas Leales de Informaci\u00f3n y c\u00f3mo deben aplicarse es fundamental para cumplir las distintas leyes de privacidad que protegen la informaci\u00f3n personal.<\/p>\n\n\n\n<p>Para ajustarnos a las pr\u00e1cticas justas en materia de informaci\u00f3n, adoptaremos las siguientes medidas en caso de que se produzca una violaci\u00f3n de datos:<br>\nSe lo notificaremos por correo electr\u00f3nico<br>\n      - En 1 d\u00eda laborable<br>\n      - En 1 d\u00eda laborable<\/p>\n\n\n\n<p>Tambi\u00e9n estamos de acuerdo con el principio de reparaci\u00f3n individual, que exige que las personas tengan derecho a hacer valer legalmente sus derechos frente a los recopiladores y procesadores de datos que no cumplan la ley. Este principio exige no s\u00f3lo que los particulares tengan derechos exigibles frente a los usuarios de datos, sino tambi\u00e9n que puedan recurrir a tribunales u organismos gubernamentales para investigar y\/o perseguir el incumplimiento por parte de los procesadores de datos.<\/p>","protected":false},"excerpt":{"rendered":"<p>This privacy policy has been compiled to better serve those who are concerned with how their \u2018Personally Identifiable Information\u2019 (PII) is being used online. PII, as described in US privacy&#8230;<\/p>","protected":false},"author":1,"featured_media":0,"parent":0,"menu_order":0,"comment_status":"closed","ping_status":"open","template":"","meta":{"footnotes":""},"class_list":["post-3","page","type-page","status-publish"],"_links":{"self":[{"href":"https:\/\/www.picturava.shop\/es\/wp-json\/wp\/v2\/pages\/3","targetHints":{"allow":["GET"]}}],"collection":[{"href":"https:\/\/www.picturava.shop\/es\/wp-json\/wp\/v2\/pages"}],"about":[{"href":"https:\/\/www.picturava.shop\/es\/wp-json\/wp\/v2\/types\/page"}],"author":[{"embeddable":true,"href":"https:\/\/www.picturava.shop\/es\/wp-json\/wp\/v2\/users\/1"}],"replies":[{"embeddable":true,"href":"https:\/\/www.picturava.shop\/es\/wp-json\/wp\/v2\/comments?post=3"}],"version-history":[{"count":1,"href":"https:\/\/www.picturava.shop\/es\/wp-json\/wp\/v2\/pages\/3\/revisions"}],"predecessor-version":[{"id":5446,"href":"https:\/\/www.picturava.shop\/es\/wp-json\/wp\/v2\/pages\/3\/revisions\/5446"}],"wp:attachment":[{"href":"https:\/\/www.picturava.shop\/es\/wp-json\/wp\/v2\/media?parent=3"}],"curies":[{"name":"wp","href":"https:\/\/api.w.org\/{rel}","templated":true}]}}