{"id":4750,"date":"2021-03-13T01:20:20","date_gmt":"2021-03-13T01:20:20","guid":{"rendered":"https:\/\/www.endledtvs.com\/?page_id=4750"},"modified":"2026-02-16T22:15:40","modified_gmt":"2026-02-16T22:15:40","slug":"contact-us","status":"publish","type":"page","link":"https:\/\/www.picturava.shop\/es\/contact-us\/","title":{"rendered":"Contacto"},"content":{"rendered":"<p>Nombre de la empresa: ENDLED LTD<br>N\u00famero de empresa: 13249389<\/p>\n\n\n\n<p><strong>\u00bfTIENE ALGUNA PREGUNTA? Contacte con nosotros<\/strong><\/p>\n\n\n\n<p>Correo electr\u00f3nico: support@picturava.shop<br>Tel\u00e9fono: +44 22045429904<\/p>\n\n\n\n<p><strong>Nuestra ubicaci\u00f3n<\/strong><\/p>\n\n\n\n<p>DIRECCI\u00d3N: 71-75 Shelton Street<br>CIUDAD: Londres<br>ESTADO: Londres<br>C\u00d3DIGO POSTAL: WC2H 9JQ<br>PA\u00cdS: Reino Unido<\/p>\n\n\n\n<p><\/p>","protected":false},"excerpt":{"rendered":"<p>Company Name: ENDLED LTDCompany Number: 13249389 GOT A QUESTION? Contact US Email: support@picturava.shopPhone: +44 22045429904 Our Location ADDRESS: 71-75 Shelton StreetCITY: LondonSTATE: LondonZIPCODE: WC2H 9JQCOUNTRY: United Kingdom<\/p>","protected":false},"author":1,"featured_media":0,"parent":0,"menu_order":0,"comment_status":"closed","ping_status":"closed","template":"","meta":{"footnotes":""},"class_list":["post-4750","page","type-page","status-publish"],"_links":{"self":[{"href":"https:\/\/www.picturava.shop\/es\/wp-json\/wp\/v2\/pages\/4750","targetHints":{"allow":["GET"]}}],"collection":[{"href":"https:\/\/www.picturava.shop\/es\/wp-json\/wp\/v2\/pages"}],"about":[{"href":"https:\/\/www.picturava.shop\/es\/wp-json\/wp\/v2\/types\/page"}],"author":[{"embeddable":true,"href":"https:\/\/www.picturava.shop\/es\/wp-json\/wp\/v2\/users\/1"}],"replies":[{"embeddable":true,"href":"https:\/\/www.picturava.shop\/es\/wp-json\/wp\/v2\/comments?post=4750"}],"version-history":[{"count":11,"href":"https:\/\/www.picturava.shop\/es\/wp-json\/wp\/v2\/pages\/4750\/revisions"}],"predecessor-version":[{"id":7722,"href":"https:\/\/www.picturava.shop\/es\/wp-json\/wp\/v2\/pages\/4750\/revisions\/7722"}],"wp:attachment":[{"href":"https:\/\/www.picturava.shop\/es\/wp-json\/wp\/v2\/media?parent=4750"}],"curies":[{"name":"wp","href":"https:\/\/api.w.org\/{rel}","templated":true}]}}