{"id":6395,"date":"2023-12-22T05:02:44","date_gmt":"2023-12-22T05:02:44","guid":{"rendered":"https:\/\/www.pictureify.shop\/?post_type=product&#038;p=6395"},"modified":"2024-01-24T20:56:41","modified_gmt":"2024-01-24T20:56:41","slug":"3-month-supports","status":"publish","type":"product","link":"https:\/\/www.picturava.shop\/es\/producto\/3-month-supports\/","title":{"rendered":"OPTIMIZACI\u00d3N DE MOTORES DE B\u00daSQUEDA (SEO)"},"content":{"rendered":"<div id=\"fws_65b17930b376c\" data-column-margin=\"default\" data-midnight=\"dark\" class=\"wpb_row vc_row-fluid vc_row standard_section\" style=\"padding-top: 0px;padding-bottom: 0px\">\n<div class=\"row-bg-wrap\" data-bg-animation=\"none\" data-bg-overlay=\"false\">\n<div class=\"inner-wrap\">\n<div class=\"row-bg\"><\/div>\n<\/div>\n<div class=\"row-bg-overlay\"><\/div>\n<\/div>\n<div class=\"row_col_wrap_12 col span_12 dark left\">\n<div class=\"vc_col-sm-12 wpb_column column_container vc_column_container col no-extra-padding inherit_tablet inherit_phone\" data-t-w-inherits=\"default\" data-bg-cover=\"\" data-padding-pos=\"all\" data-has-bg-color=\"false\" data-bg-color=\"\" data-bg-opacity=\"1\" data-hover-bg=\"\" data-hover-bg-opacity=\"1\" data-animation=\"\" data-delay=\"0\">\n<div class=\"vc_column-inner\">\n<div class=\"column-bg-overlay-wrap\" data-bg-animation=\"none\">\n<div class=\"column-bg-overlay\"><\/div>\n<\/div>\n<div class=\"wpb_wrapper\">\n<div class=\"nectar-split-heading\" data-animation-type=\"default\" data-animation-delay=\"0\" data-custom-font-size=\"false\">\n<div class=\"heading-line\">\n<div><strong>Mejore su presencia en las redes sociales con servicios de marketing en redes sociales<\/strong> <\/div>\n<\/div>\n<div class=\"heading-line\">\n<div>&nbsp; <\/div>\n<\/div>\n<div class=\"heading-line\">\n<div>\u00bfBusca una forma eficaz de aumentar el conocimiento de su marca, el n\u00famero de nuevos clientes y el tr\u00e1fico de su sitio web? Entonces deber\u00eda estar en las redes sociales. Eche un vistazo a nuestro servicio de marketing en redes sociales y construya una s\u00f3lida presencia en las redes sociales. <\/div>\n<\/div>\n<div class=\"heading-line\">\n<div>Somos una agencia de marketing en medios sociales que ayuda a las peque\u00f1as empresas a desarrollar su conciencia de marca, y obtener un n\u00famero de nuevos clientes mediante la construcci\u00f3n de buenas relaciones a trav\u00e9s de la participaci\u00f3n, tambi\u00e9n conseguir el tr\u00e1fico del sitio web a trav\u00e9s del aumento de la exposici\u00f3n del sitio web (tr\u00e1fico y conversiones) <\/div>\n<\/div>\n<div class=\"heading-line\">\n<div>Nuestra empresa les ofrece la posibilidad de establecer su marca y su presencia en l\u00ednea en plataformas en las que su p\u00fablico objetivo ya se desplaza. <\/div>\n<\/div>\n<div class=\"heading-line\">\n<div>&nbsp; <\/div>\n<\/div>\n<div class=\"heading-line\">\n<div><strong>Dar a conocer la marca (seguidores)<\/strong> <\/div>\n<\/div>\n<div class=\"heading-line\">\n<div>&nbsp; <\/div>\n<\/div>\n<div class=\"heading-line\">\n<div>Aumentar sus seguidores en las redes sociales le ayudar\u00e1 a incrementar el boca a boca y las referencias. Nuestros servicios de marketing en redes sociales le ayudar\u00e1n a aumentar sus seguidores con personas relevantes. Nos aseguraremos de que sus seguidores coincidan con los datos demogr\u00e1ficos, los intereses y los comportamientos de sus clientes habituales. <\/div>\n<\/div>\n<div class=\"heading-line\">\n<div>&nbsp; <\/div>\n<\/div>\n<div class=\"heading-line\">\n<div><strong>Establecer relaciones (compromiso)<\/strong> <\/div>\n<\/div>\n<div class=\"heading-line\">\n<div>&nbsp; <\/div>\n<\/div>\n<div class=\"heading-line\">\n<div>Cuando construyes una fuerte conexi\u00f3n a trav\u00e9s del compromiso con tu audiencia, es m\u00e1s probable que te compren. Le ayudaremos a aumentar la participaci\u00f3n (me gusta, comentarios, etc.) en sus publicaciones en las redes sociales. Cuanta m\u00e1s interacci\u00f3n tenga, m\u00e1s fuerte ser\u00e1 la conexi\u00f3n con su p\u00fablico. <\/div>\n<\/div>\n<div class=\"heading-line\">\n<div>&nbsp; <\/div>\n<\/div>\n<div class=\"heading-line\">\n<div><strong>Aumentar la exposici\u00f3n del sitio web (tr\u00e1fico y conversiones)<\/strong> <\/div>\n<\/div>\n<div class=\"heading-line\">\n<div>&nbsp; <\/div>\n<\/div>\n<div class=\"heading-line\">\n<div>Aumentar el tr\u00e1fico de su sitio web influir\u00e1 directamente en los clientes potenciales y las ventas. Por eso, este servicio se complementa mejor con nuestros servicios de publicidad en redes sociales, en los que nos centramos en desarrollar campa\u00f1as de publicidad en redes sociales que atraigan un gran volumen de tr\u00e1fico a su sitio web. Para aumentar las conversiones, podemos a\u00f1adir anuncios sociales de retargeting para permanecer frente a los visitantes recientes del sitio web. <\/div>\n<\/div>\n<\/div>\n<\/div>\n<\/div>\n<\/div>\n<\/div>\n<\/div>\n<div id=\"fws_65b17930b3f88\" data-column-margin=\"default\" data-midnight=\"light\" data-top-percent=\"10%\" data-bottom-percent=\"10%\" class=\"wpb_row vc_row-fluid vc_row full-width-section  vc_row-o-equal-height vc_row-flex  vc_row-o-content-top parallax_section\" style=\"padding-top: calc(100vw * 0.10);padding-bottom: calc(100vw * 0.10)\">\n<div class=\"row-bg-wrap\" data-bg-animation=\"none\" data-bg-overlay=\"true\">\n<div class=\"inner-wrap using-image\">\n<div class=\"row-bg using-image using-bg-color\" data-parallax-speed=\"fast\" style=\"background-image: url(https:\/\/source.unsplash.com\/collection\/190727\/daily);background-position: center center;background-color: #1e1e1e\"><\/div>\n<\/div>\n<div class=\"row-bg-overlay\" style=\"background: #0069ff;background: linear-gradient(45deg,#0069ff 0%,#ff3a6f 100%)\"><\/div>\n<\/div>\n<div class=\"row_col_wrap_12 col span_12 light left\">\n<div class=\"vc_col-sm-6 wpb_column column_container vc_column_container col has-animation no-extra-padding inherit_tablet inherit_phone\" data-t-w-inherits=\"default\" data-bg-cover=\"\" data-padding-pos=\"all\" data-has-bg-color=\"false\" data-bg-color=\"\" data-bg-opacity=\"1\" data-hover-bg=\"\" data-hover-bg-opacity=\"1\" data-animation=\"fade-in-from-bottom\" data-delay=\"0\">\n<div class=\"vc_column-inner\">\n<div class=\"column-bg-overlay-wrap\" data-bg-animation=\"none\">\n<div class=\"column-bg-overlay\"><\/div>\n<\/div>\n<div class=\"wpb_wrapper\">\n<h2 style=\"font-size: 88px;line-height: 97px;text-align: left;font-family:Roboto;font-weight:700;font-style:normal\" class=\"vc_custom_heading\">Ofrecemos servicios incre\u00edbles<\/h2>\n<\/p>\n<\/div>\n<\/div>\n<\/div>\n<div class=\"vc_col-sm-6 wpb_column column_container vc_column_container col no-extra-padding inherit_tablet inherit_phone\" data-t-w-inherits=\"default\" data-bg-cover=\"\" data-padding-pos=\"all\" data-has-bg-color=\"false\" data-bg-color=\"\" data-bg-opacity=\"1\" data-hover-bg=\"\" data-hover-bg-opacity=\"1\" data-animation=\"\" data-delay=\"0\">\n<div class=\"vc_column-inner\">\n<div class=\"column-bg-overlay-wrap\" data-bg-animation=\"none\">\n<div class=\"column-bg-overlay\"><\/div>\n<\/div>\n<div class=\"wpb_wrapper\">\n<div id=\"fws_65b17930b496b\" data-midnight=\"\" data-column-margin=\"default\" class=\"wpb_row vc_row-fluid vc_row inner_row standard_section\" style=\"padding-top: 0px;padding-bottom: 0px\">\n<div class=\"row-bg-wrap\">\n<div class=\"row-bg\"><\/div>\n<\/div>\n<div class=\"row_col_wrap_12_inner col span_12  left\">\n<div class=\"vc_col-sm-6 wpb_column column_container vc_column_container col child_column has-animation no-extra-padding inherit_tablet inherit_phone\" data-t-w-inherits=\"default\" data-bg-cover=\"\" data-padding-pos=\"all\" data-has-bg-color=\"false\" data-bg-color=\"\" data-bg-opacity=\"1\" data-hover-bg=\"\" data-hover-bg-opacity=\"1\" data-animation=\"fade-in\" data-delay=\"0\">\n<div class=\"vc_column-inner\">\n<div class=\"column-bg-overlay-wrap\" data-bg-animation=\"none\">\n<div class=\"column-bg-overlay\"><\/div>\n<\/div>\n<div class=\"wpb_wrapper\">\n<div class=\"nectar_icon_wrap\" data-style=\"default\" data-draw=\"\" data-border-thickness=\"2px\" data-padding=\"0px\" data-color=\"white\" style=\"margin-top: 20px\">\n<div class=\"nectar_icon\"><i style=\"font-size: 50px;line-height: 50px;height: 50px;width: 50px\" class=\"iconsmind-Diamond\"><\/i><\/div>\n<\/div>\n<div class=\"wpb_text_column wpb_content_element  wpb_animate_when_almost_visible wpb_fadeInUp fadeInUp vc_custom_1627332613043\">\n<div class=\"wpb_wrapper\">\n<h4>PUBLICIDAD DE PAGO POR CLIC (PPC)<\/h4>\n<\/p>\n<\/div>\n<\/div>\n<p style=\"text-align: left\" class=\"vc_custom_heading wpb_animate_when_almost_visible wpb_fadeInUp fadeInUp vc_custom_1627332583674\">Los anuncios PPC son anuncios de pago que aparecen en la parte superior de los resultados de b\u00fasqueda.<\/p>\n<div class=\"nectar_icon_wrap\" data-style=\"default\" data-draw=\"\" data-border-thickness=\"2px\" data-padding=\"0px\" data-color=\"white\" style=\"margin-top: 30px\">\n<div class=\"nectar_icon\"><i style=\"font-size: 50px;line-height: 50px;height: 50px;width: 50px\" class=\"iconsmind-Helicopter\"><\/i><\/div>\n<\/div>\n<div class=\"wpb_text_column wpb_content_element  wpb_animate_when_almost_visible wpb_fadeInUp fadeInUp vc_custom_1627332757436\">\n<div class=\"wpb_wrapper\">\n<h4>5 D\u00cdAS DE GARANT\u00cdA DE DEVOLUCI\u00d3N<\/h4>\n<\/p>\n<\/div>\n<\/div>\n<p style=\"text-align: left\" class=\"vc_custom_heading wpb_animate_when_almost_visible wpb_fadeInUp fadeInUp vc_custom_1627332730461\">Si considera que nuestros servicios no se ajustan a sus necesidades, le devolveremos el importe \u00edntegro.<\/p>\n<\/p>\n<\/div>\n<\/div>\n<\/div>\n<div class=\"vc_col-sm-6 wpb_column column_container vc_column_container col child_column has-animation no-extra-padding inherit_tablet inherit_phone\" data-t-w-inherits=\"default\" data-bg-cover=\"\" data-padding-pos=\"all\" data-has-bg-color=\"false\" data-bg-color=\"\" data-bg-opacity=\"1\" data-hover-bg=\"\" data-hover-bg-opacity=\"1\" data-animation=\"fade-in\" data-delay=\"0\">\n<div class=\"vc_column-inner\">\n<div class=\"column-bg-overlay-wrap\" data-bg-animation=\"none\">\n<div class=\"column-bg-overlay\"><\/div>\n<\/div>\n<div class=\"wpb_wrapper\">\n<div class=\"nectar_icon_wrap\" data-style=\"default\" data-draw=\"\" data-border-thickness=\"2px\" data-padding=\"0px\" data-color=\"white\" style=\"margin-top: 20px\">\n<div class=\"nectar_icon\"><i style=\"font-size: 50px;line-height: 50px;height: 50px;width: 50px\" class=\"iconsmind-Gear-2\"><\/i><\/div>\n<\/div>\n<div class=\"wpb_text_column wpb_content_element  wpb_animate_when_almost_visible wpb_fadeInUp fadeInUp vc_custom_1627332664119\">\n<div class=\"wpb_wrapper\">\n<h4>OPTIMIZACI\u00d3N DE MOTORES DE B\u00daSQUEDA (SEO)<\/h4>\n<\/p>\n<\/div>\n<\/div>\n<p style=\"text-align: left\" class=\"vc_custom_heading wpb_animate_when_almost_visible wpb_fadeInUp fadeInUp vc_custom_1627332637890\">El SEO es el proceso de mejorar la posici\u00f3n de su sitio web en los resultados de las b\u00fasquedas.<\/p>\n<div class=\"nectar_icon_wrap\" data-style=\"default\" data-draw=\"\" data-border-thickness=\"2px\" data-padding=\"0px\" data-color=\"white\" style=\"margin-top: 30px\">\n<div class=\"nectar_icon\"><i style=\"font-size: 50px;line-height: 50px;height: 50px;width: 50px\" class=\"iconsmind-Life-Jacket\"><\/i><\/div>\n<\/div>\n<div class=\"wpb_text_column wpb_content_element  wpb_animate_when_almost_visible wpb_fadeInUp fadeInUp vc_custom_1627332709205\">\n<div class=\"wpb_wrapper\">\n<h4>PAGO SEGURO<\/h4>\n<\/p>\n<\/div>\n<\/div>\n<p style=\"text-align: left\" class=\"vc_custom_heading wpb_animate_when_almost_visible wpb_fadeInUp fadeInUp vc_custom_1627332686445\">Pagos seguros: no se requieren complicados procesos de facturaci\u00f3n.<\/p>\n<\/p>\n<\/div>\n<\/div>\n<\/div>\n<\/div>\n<\/div>\n<\/div>\n<\/div>\n<\/div>\n<\/div>\n<\/div>\n<div id=\"fws_65b17930b65f6\" data-column-margin=\"default\" data-midnight=\"light\" data-top-percent=\"10%\" data-bottom-percent=\"10%\" class=\"wpb_row vc_row-fluid vc_row full-width-section standard_section\" style=\"padding-top: calc(100vw * 0.10);padding-bottom: calc(100vw * 0.10)\">\n<div class=\"row-bg-wrap\" data-bg-animation=\"none\" data-bg-overlay=\"true\">\n<div class=\"inner-wrap using-image\">\n<div class=\"row-bg using-image\" style=\"background-image: url(https:\/\/source.unsplash.com\/collection\/217569\/daily);background-position: center center\"><\/div>\n<\/div>\n<div class=\"row-bg-overlay\" style=\"background-color:#2b4bff\"><\/div>\n<\/div>\n<div class=\"row_col_wrap_12 col span_12 light left\">\n<div class=\"vc_col-sm-12 wpb_column column_container vc_column_container col no-extra-padding inherit_tablet inherit_phone\" data-t-w-inherits=\"default\" data-bg-cover=\"\" data-padding-pos=\"all\" data-has-bg-color=\"false\" data-bg-color=\"\" data-bg-opacity=\"1\" data-hover-bg=\"\" data-hover-bg-opacity=\"1\" data-animation=\"\" data-delay=\"0\">\n<div class=\"vc_column-inner\">\n<div class=\"column-bg-overlay-wrap\" data-bg-animation=\"none\">\n<div class=\"column-bg-overlay\"><\/div>\n<\/div>\n<div class=\"wpb_wrapper\">\n<div id=\"fws_65b17930b6b81\" data-midnight=\"\" data-column-margin=\"default\" class=\"wpb_row vc_row-fluid vc_row inner_row standard_section\" style=\"padding-top: 0px;padding-bottom: 0px\">\n<div class=\"row-bg-wrap\">\n<div class=\"row-bg\"><\/div>\n<\/div>\n<div class=\"row_col_wrap_12_inner col span_12  left\">\n<div class=\"vc_col-sm-12 wpb_column column_container vc_column_container col child_column centered-text has-animation no-extra-padding inherit_tablet inherit_phone\" data-t-w-inherits=\"default\" data-bg-cover=\"\" data-padding-pos=\"all\" data-has-bg-color=\"false\" data-bg-color=\"\" data-bg-opacity=\"1\" data-hover-bg=\"\" data-hover-bg-opacity=\"1\" data-animation=\"fade-in-from-bottom\" data-delay=\"0\">\n<div class=\"vc_column-inner\">\n<div class=\"column-bg-overlay-wrap\" data-bg-animation=\"none\">\n<div class=\"column-bg-overlay\"><\/div>\n<\/div>\n<div class=\"wpb_wrapper\">\n<div class=\"wpb_text_column wpb_content_element  wpb_animate_when_almost_visible wpb_fadeIn fadeIn\">\n<div class=\"wpb_wrapper\">\n<h4>Ver para creer<\/h4>\n<\/p>\n<\/div>\n<\/div>\n<h2 style=\"font-size: 48px;text-align: center\" class=\"vc_custom_heading\">Tenemos todas las caracter\u00edsticas<\/h2>\n<\/p>\n<\/div>\n<\/div>\n<\/div>\n<\/div>\n<\/div>\n<div id=\"fws_65b17930b744d\" data-midnight=\"\" data-column-margin=\"default\" class=\"wpb_row vc_row-fluid vc_row inner_row standard_section\" style=\"padding-top: 20px;padding-bottom: 0px\">\n<div class=\"row-bg-wrap\">\n<div class=\"row-bg\"><\/div>\n<\/div>\n<div class=\"row_col_wrap_12_inner col span_12  left\">\n<div class=\"vc_col-sm-4 wpb_column column_container vc_column_container col child_column centered-text has-animation padding-3-percent inherit_tablet inherit_phone\" data-t-w-inherits=\"default\" data-bg-cover=\"\" data-padding-pos=\"all\" data-has-bg-color=\"false\" data-bg-color=\"\" data-bg-opacity=\"1\" data-hover-bg=\"\" data-hover-bg-opacity=\"1\" data-animation=\"fade-in-from-bottom\" data-delay=\"0\">\n<div class=\"vc_column-inner\">\n<div class=\"column-bg-overlay-wrap\" data-bg-animation=\"none\">\n<div class=\"column-bg-overlay\"><\/div>\n<\/div>\n<div class=\"wpb_wrapper\">\n<div class=\"nectar_icon_wrap\" data-style=\"default\" data-draw=\"\" data-border-thickness=\"2px\" data-padding=\"20px\" data-color=\"white\">\n<div class=\"nectar_icon\"><i style=\"font-size: 50px;line-height: 50px;height: 50px;width: 50px\" class=\"iconsmind-Statistic\"><\/i><\/div>\n<\/div>\n<div class=\"wpb_text_column wpb_content_element  wpb_animate_when_almost_visible wpb_fadeInUp fadeInUp\">\n<div class=\"wpb_wrapper\">\n<h4>Desarrollo de sitios web<\/h4>\n<\/p>\n<\/div>\n<\/div>\n<div class=\"wpb_text_column wpb_content_element  wpb_animate_when_almost_visible wpb_fadeInUp fadeInUp vc_custom_1627332890283\">\n<div class=\"wpb_wrapper\">\n<p>Plantillas o sitios personalizados<\/p>\n<\/p>\n<\/div>\n<\/div>\n<\/div>\n<\/div>\n<\/div>\n<div class=\"vc_col-sm-4 wpb_column column_container vc_column_container col child_column centered-text has-animation padding-3-percent inherit_tablet inherit_phone\" data-t-w-inherits=\"default\" data-bg-cover=\"\" data-padding-pos=\"all\" data-has-bg-color=\"false\" data-bg-color=\"\" data-bg-opacity=\"1\" data-hover-bg=\"\" data-hover-bg-opacity=\"1\" data-animation=\"fade-in-from-bottom\" data-delay=\"0\">\n<div class=\"vc_column-inner\">\n<div class=\"column-bg-overlay-wrap\" data-bg-animation=\"none\">\n<div class=\"column-bg-overlay\"><\/div>\n<\/div>\n<div class=\"wpb_wrapper\">\n<div class=\"nectar_icon_wrap\" data-style=\"default\" data-draw=\"\" data-border-thickness=\"2px\" data-padding=\"20px\" data-color=\"white\">\n<div class=\"nectar_icon\"><i style=\"font-size: 50px;line-height: 50px;height: 50px;width: 50px\" class=\"iconsmind-Pricing\"><\/i><\/div>\n<\/div>\n<div class=\"wpb_text_column wpb_content_element  wpb_animate_when_almost_visible wpb_fadeInUp fadeInUp\">\n<div class=\"wpb_wrapper\">\n<h4>Paquete completo de marketing<\/h4>\n<\/p>\n<\/div>\n<\/div>\n<div class=\"wpb_text_column wpb_content_element  wpb_animate_when_almost_visible wpb_fadeInUp fadeInUp vc_custom_1485216419423\">\n<div class=\"wpb_wrapper\">\n<p>Muy lejos, tras las monta\u00f1as de la palabra, lejos de los pa\u00edses Vokalia y Consonantia, viven los textos ciegos<\/p>\n<\/p>\n<\/div>\n<\/div>\n<\/div>\n<\/div>\n<\/div>\n<div class=\"vc_col-sm-4 wpb_column column_container vc_column_container col child_column centered-text has-animation padding-3-percent inherit_tablet inherit_phone\" data-t-w-inherits=\"default\" data-bg-cover=\"\" data-padding-pos=\"all\" data-has-bg-color=\"false\" data-bg-color=\"\" data-bg-opacity=\"1\" data-hover-bg=\"\" data-hover-bg-opacity=\"1\" data-animation=\"fade-in-from-bottom\" data-delay=\"0\">\n<div class=\"vc_column-inner\">\n<div class=\"column-bg-overlay-wrap\" data-bg-animation=\"none\">\n<div class=\"column-bg-overlay\"><\/div>\n<\/div>\n<div class=\"wpb_wrapper\">\n<div class=\"nectar_icon_wrap\" data-style=\"default\" data-draw=\"\" data-border-thickness=\"2px\" data-padding=\"20px\" data-color=\"white\">\n<div class=\"nectar_icon\"><i style=\"font-size: 50px;line-height: 50px;height: 50px;width: 50px\" class=\"iconsmind-Finger-DragFourSides\"><\/i><\/div>\n<\/div>\n<div class=\"wpb_text_column wpb_content_element  wpb_animate_when_almost_visible wpb_fadeInUp fadeInUp\">\n<div class=\"wpb_wrapper\">\n<h4>Optimizaci\u00f3n de motores de b\u00fasqueda (SEO)<\/h4>\n<\/p>\n<\/div>\n<\/div>\n<div class=\"wpb_text_column wpb_content_element  wpb_animate_when_almost_visible wpb_fadeInUp fadeInUp vc_custom_1627333092042\">\n<div class=\"wpb_wrapper\">\n<p>Optimizaci\u00f3n de su sitio web<\/p>\n<\/p>\n<\/div>\n<\/div>\n<\/div>\n<\/div>\n<\/div>\n<\/div>\n<\/div>\n<\/div>\n<\/div>\n<\/div>\n<\/div>\n<\/div>\n<div id=\"fws_65b17930b8bab\" data-column-margin=\"default\" data-midnight=\"dark\" data-top-percent=\"7%\" data-bottom-percent=\"6%\" class=\"wpb_row vc_row-fluid vc_row full-width-content standard_section\" style=\"padding-top: calc(100vw * 0.07);padding-bottom: calc(100vw * 0.06)\">\n<div class=\"row-bg-wrap\" data-bg-animation=\"none\" data-bg-overlay=\"false\">\n<div class=\"inner-wrap\">\n<div class=\"row-bg using-bg-color\" style=\"background-color: #ffffff\"><\/div>\n<\/div>\n<div class=\"row-bg-overlay\"><\/div>\n<\/div>\n<div class=\"row_col_wrap_12 col span_12 dark left\">\n<div class=\"vc_col-sm-12 wpb_column column_container vc_column_container col no-extra-padding inherit_tablet inherit_phone\" data-t-w-inherits=\"default\" data-bg-cover=\"\" data-padding-pos=\"all\" data-has-bg-color=\"false\" data-bg-color=\"\" data-bg-opacity=\"1\" data-hover-bg=\"\" data-hover-bg-opacity=\"1\" data-animation=\"\" data-delay=\"0\">\n<div class=\"vc_column-inner\">\n<div class=\"column-bg-overlay-wrap\" data-bg-animation=\"none\">\n<div class=\"column-bg-overlay\"><\/div>\n<\/div>\n<div class=\"wpb_wrapper\">\n<div class=\"col span_12 testimonial_slider\" data-color=\"accent-color-dark\" data-rating-color=\"accent-color\" data-add-border=\"\" data-autorotate=\"\" data-style=\"multiple_visible\">\n<div class=\"slides\">\n<div class=\"flickity-viewport\">\n<div class=\"flickity-slider\">\n<blockquote>\n<div data-shadow=\"\" class=\"image-icon\">&#8220;<\/div>\n<p>\"El equipo de PICTUREIFY es maravilloso. Crearon nuestro sitio web y gestionan nuestras redes sociales. Los recomiendo encarecidamente. Nuestro sitio web se est\u00e1 posicionando mejor que nunca y las visitas a nuestra p\u00e1gina de Facebook han aumentado. No utilizar\u00eda a nadie m\u00e1s. \" <span class=\"bottom-arrow\"><\/span><\/p>\n<p><span class=\"testimonial-name\">Paul<\/span><span class=\"title\">CEO - OYLIAMO Dise\u00f1ador<\/span><\/p>\n<\/blockquote>\n<\/div>\n<\/div>\n<\/div>\n<\/div>\n<\/div>\n<\/div>\n<\/div>\n<\/div>\n<\/div>\n<div id=\"fws_65b17930b94b1\" data-column-margin=\"default\" data-midnight=\"dark\" class=\"wpb_row vc_row-fluid vc_row full-width-section standard_section\" style=\"padding-top: 100px;padding-bottom: 100px\">\n<div class=\"row-bg-wrap\" data-bg-animation=\"none\" data-bg-overlay=\"false\">\n<div class=\"inner-wrap\">\n<div class=\"row-bg using-bg-color\" style=\"background-color: #f7f7f7\"><\/div>\n<\/div>\n<div class=\"row-bg-overlay\"><\/div>\n<\/div>\n<div class=\"row_col_wrap_12 col span_12 dark left\">\n<div class=\"vc_col-sm-12 wpb_column column_container vc_column_container col no-extra-padding inherit_tablet inherit_phone\" data-t-w-inherits=\"default\" data-bg-cover=\"\" data-padding-pos=\"all\" data-has-bg-color=\"false\" data-bg-color=\"\" data-bg-opacity=\"1\" data-hover-bg=\"\" data-hover-bg-opacity=\"1\" data-animation=\"\" data-delay=\"0\">\n<div class=\"vc_column-inner\">\n<div class=\"column-bg-overlay-wrap\" data-bg-animation=\"none\">\n<div class=\"column-bg-overlay\"><\/div>\n<\/div>\n<div class=\"wpb_wrapper\">\n<div class=\"wpb_text_column wpb_content_element\">\n<div class=\"wpb_wrapper\">\n<h2>PREGUNTAS FRECUENTES<\/h2>\n<\/p>\n<\/div>\n<\/div>\n<div class=\"toggles\" data-style=\"minimal\">\n<div class=\"toggle default\" data-inner-wrap=\"true\">\n<h3><a href=\"#\"><i class=\"icon-plus-sign\"><\/i>Vivo en el Reino Unido o EE.UU. \u00bffuncionar\u00e1 este marketing digital?<\/a><\/h3>\n<div>\n<div class=\"inner-toggle-wrap\">\n<div class=\"wpb_text_column wpb_content_element\">\n<div class=\"wpb_wrapper\">\n<p>S\u00ed. Nuestro servicio est\u00e1 disponible en todo el mundo.<\/p>\n<\/p>\n<\/div>\n<\/div>\n<\/div>\n<\/div>\n<\/div>\n<div class=\"toggle default\" data-inner-wrap=\"true\">\n<h3><a href=\"#\"><i class=\"icon-plus-sign\"><\/i>\u00bfQu\u00e9 formas de pago existen?<\/a><\/h3>\n<div>\n<div class=\"inner-toggle-wrap\">\n<div class=\"wpb_text_column wpb_content_element\">\n<div class=\"wpb_wrapper\">\n<p>Puede pagar con tarjeta de d\u00e9bito o cr\u00e9dito.<\/p>\n<\/p>\n<\/div>\n<\/div>\n<\/div>\n<\/div>\n<\/div>\n<\/div>\n<\/div>\n<\/div>\n<\/div>\n<\/div>\n<\/div>\n<div id=\"fws_65b17930ba14e\" data-column-margin=\"default\" data-midnight=\"dark\" class=\"wpb_row vc_row-fluid vc_row standard_section\" style=\"padding-top: 0px;padding-bottom: 0px\">\n<div class=\"row-bg-wrap\" data-bg-animation=\"none\" data-bg-overlay=\"false\">\n<div class=\"inner-wrap\">\n<div class=\"row-bg\"><\/div>\n<\/div>\n<div class=\"row-bg-overlay\"><\/div>\n<\/div>\n<div class=\"row_col_wrap_12 col span_12 dark left\">\n<div class=\"vc_col-sm-12 wpb_column column_container vc_column_container col no-extra-padding inherit_tablet inherit_phone\" data-t-w-inherits=\"default\" data-bg-cover=\"\" data-padding-pos=\"all\" data-has-bg-color=\"false\" data-bg-color=\"\" data-bg-opacity=\"1\" data-hover-bg=\"\" data-hover-bg-opacity=\"1\" data-animation=\"\" data-delay=\"0\">\n<div class=\"vc_column-inner\">\n<div class=\"column-bg-overlay-wrap\" data-bg-animation=\"none\">\n<div class=\"column-bg-overlay\"><\/div>\n<\/div>\n<div class=\"wpb_wrapper\">\n<div class=\"img-with-aniamtion-wrap\" data-max-width=\"100%\" data-max-width-mobile=\"default\" data-border-radius=\"none\" data-shadow=\"none\" data-animation=\"fade-in\">\n<div class=\"inner\">\n<div class=\"hover-wrap\" data-hover-animation=\"none\">\n<div class=\"hover-wrap-inner\">\n            <img decoding=\"async\" class=\"img-with-animation skip-lazy\" data-delay=\"0\" height=\"100\" width=\"100\" data-animation=\"fade-in\" src=\"\" alt=\"\" \/>\n          <\/div>\n<\/div>\n<\/div>\n<\/div>\n<\/div>\n<\/div>\n<\/div>\n<\/div>\n<\/div>","protected":false},"excerpt":{"rendered":"<p>Improve Your Social Media Presence With Social Media Marketing Services &nbsp; Are you looking for an effective way to grow your business\u2019 brand awareness, number of new customers, and website&#8230;<\/p>","protected":false},"featured_media":5043,"comment_status":"closed","ping_status":"closed","template":"","meta":[],"product_brand":[],"product_cat":[15],"product_tag":[],"class_list":{"0":"post-6395","1":"product","2":"type-product","3":"status-publish","4":"has-post-thumbnail","6":"product_cat-smma","8":"first","9":"instock","10":"shipping-taxable","11":"purchasable","12":"product-type-simple"},"_links":{"self":[{"href":"https:\/\/www.picturava.shop\/es\/wp-json\/wp\/v2\/product\/6395","targetHints":{"allow":["GET"]}}],"collection":[{"href":"https:\/\/www.picturava.shop\/es\/wp-json\/wp\/v2\/product"}],"about":[{"href":"https:\/\/www.picturava.shop\/es\/wp-json\/wp\/v2\/types\/product"}],"replies":[{"embeddable":true,"href":"https:\/\/www.picturava.shop\/es\/wp-json\/wp\/v2\/comments?post=6395"}],"wp:featuredmedia":[{"embeddable":true,"href":"https:\/\/www.picturava.shop\/es\/wp-json\/wp\/v2\/media\/5043"}],"wp:attachment":[{"href":"https:\/\/www.picturava.shop\/es\/wp-json\/wp\/v2\/media?parent=6395"}],"wp:term":[{"taxonomy":"product_brand","embeddable":true,"href":"https:\/\/www.picturava.shop\/es\/wp-json\/wp\/v2\/product_brand?post=6395"},{"taxonomy":"product_cat","embeddable":true,"href":"https:\/\/www.picturava.shop\/es\/wp-json\/wp\/v2\/product_cat?post=6395"},{"taxonomy":"product_tag","embeddable":true,"href":"https:\/\/www.picturava.shop\/es\/wp-json\/wp\/v2\/product_tag?post=6395"}],"curies":[{"name":"wp","href":"https:\/\/api.w.org\/{rel}","templated":true}]}}