{"id":4361,"date":"2020-12-25T11:13:57","date_gmt":"2020-12-25T11:13:57","guid":{"rendered":"https:\/\/www.endledtvs.com\/?page_id=4361"},"modified":"2026-02-16T22:21:43","modified_gmt":"2026-02-16T22:21:43","slug":"refund-policy-smma","status":"publish","type":"page","link":"https:\/\/www.picturava.shop\/fi\/refund-policy-smma\/","title":{"rendered":"Palautusk\u00e4yt\u00e4nt\u00f6"},"content":{"rendered":"<p>ENDLED LTD tarjoaa vaatimattoman ja helposti ymm\u00e4rrett\u00e4v\u00e4n palautusk\u00e4yt\u00e4nn\u00f6n. J\u00e4ljemp\u00e4n\u00e4 olevat tiedot on jaettu kolmeen osaan - kertaluonteinen l\u00e4hetys, kuukausittainen SEO-palvelu, ei-palautettavat merkinn\u00e4t.<\/p>\n\n\n\n<p><strong>KERTALUONTEINEN L\u00c4HETYS:<\/strong><\/p>\n\n\n\n<p>Jos olet tyytym\u00e4t\u00f6n tuotteisiimme ja palveluihimme, annamme sinulle t\u00e4yden\/osittaisen hyvityksen tietyist\u00e4 \"Palautettavista\" tuotteista. Ennen kuin pyyd\u00e4t palautusta, varmista kuitenkin, ett\u00e4 olet tehnyt seuraavat asiat:<\/p>\n\n\n\n<ul class=\"wp-block-list\">\n<li>Olet ottanut yhteytt\u00e4 Helpdeskiimme saadaksesi apua ongelmiinne \/ l\u00f6yt\u00e4\u00e4ksesi ratkaisun tyytym\u00e4tt\u00f6myyteesi.<\/li>\n\n\n\n<li>Toimittanut hyvityspyynn\u00f6n 14 p\u00e4iv\u00e4n kuluessa alkuper\u00e4isen linkkikertomuksen vastaanottamisesta.<\/li>\n\n\n\n<li>Esit\u00e4 p\u00e4tev\u00e4 syy palautusvaatimukselle ja tyytym\u00e4tt\u00f6myydellesi.<\/li>\n\n\n\n<li>Annettu voimassa oleva raportti luvattomasta tai vilpillisest\u00e4 veloituksesta ( jos sellainen on ).<\/li>\n<\/ul>\n\n\n\n<p>On huomattava, ett\u00e4 ENDLED LTD:n tuotteiden ja palveluiden ostamisen j\u00e4lkeen sinulle annetaan ilmoitus, jossa arvioidaan Linkkiraportin toimitusaika (ty\u00f6p\u00e4ivin\u00e4). Edell\u00e4 mainittua p\u00e4iv\u00e4m\u00e4\u00e4r\u00e4\u00e4 on pidett\u00e4v\u00e4 vain arviona; Link Report voi viiv\u00e4sty\u00e4 teknisten h\u00e4iri\u00f6iden, suuren ty\u00f6m\u00e4\u00e4r\u00e4n tai muiden ennalta arvaamattomien, meist\u00e4 riippumattomien tekij\u00f6iden vuoksi.<\/p>\n\n\n\n<p>Kun olet l\u00e4hett\u00e4nyt palautuslipun osoitteeseen support@picturava.shop, ole k\u00e4rsiv\u00e4llinen, sill\u00e4 asiakaspalvelun vastausaika voi olla 24-72 tuntia. T\u00e4n\u00e4 aikana asiakaspalvelu joko ottaa sinuun yhteytt\u00e4 ja ilmoittaa, ett\u00e4 palautus on aloitettu, tai he soittavat saadakseen lis\u00e4tietoja palautuslipusta, jos he katsovat sen tarpeelliseksi.<\/p>\n\n\n\n<p><strong>KUUKAUSITTAINEN SEO PALVELU:<\/strong><\/p>\n\n\n\n<p><strong>Peruutus\u00a0<\/strong>-ENDLED LTD:n kuukausipalvelun voi peruuttaa milloin tahansa ottamalla yhteytt\u00e4 asiakaspalveluun ja ilmoittamalla siit\u00e4 heille.<\/p>\n\n\n\n<p>Kun olet l\u00e4hett\u00e4nyt peruutuslipun osoitteeseen support@picturava.shop, ole k\u00e4rsiv\u00e4llinen, sill\u00e4 asiakaspalvelun vastausaika voi olla 24-48 tuntia. T\u00e4n\u00e4 aikana asiakaspalvelu joko ottaa sinuun yhteytt\u00e4 ja ilmoittaa, ett\u00e4 peruutus on onnistunut, tai he soittavat saadakseen lis\u00e4tietoja peruutuslipusta, jos he katsovat sen tarpeelliseksi.<\/p>\n\n\n\n<p><strong>Palautus\u00a0<\/strong>- Jos olet tyytym\u00e4t\u00f6n ENDLED LTD:n kuukausittaiseen SEO-kampanjaan, hyvit\u00e4mme sinulle kokonaan tai osittain viimeisimm\u00e4n laskutetun kuukausimaksun edellytt\u00e4en, ett\u00e4 olet:<\/p>\n\n\n\n<ul class=\"wp-block-list\">\n<li>Olet ottanut yhteytt\u00e4 asiakaspalveluumme saadaksesi apua ongelmiinne \/ l\u00f6yt\u00e4\u00e4ksesi ratkaisun tyytym\u00e4tt\u00f6myyteesi.<\/li>\n\n\n\n<li>Toimittanut hyvityspyynn\u00f6n 14 p\u00e4iv\u00e4n kuluessa alkuper\u00e4isen linkkikertomuksen vastaanottamisesta.<\/li>\n\n\n\n<li>Esit\u00e4 p\u00e4tev\u00e4 syy palautusvaatimukselle ja tyytym\u00e4tt\u00f6myydellesi.<\/li>\n\n\n\n<li>Annettu voimassa oleva raportti luvattomasta tai vilpillisest\u00e4 veloituksesta ( jos sellainen on ).<\/li>\n<\/ul>\n\n\n\n<p><strong>HUOM:&nbsp;<\/strong>Kuukausittainen SEO-palvelun hyvityspyynt\u00f6 k\u00e4ynnistet\u00e4\u00e4n vain kuluvan kuukauden avoimen projektin osalta; edellisen kuukauden hyvityst\u00e4 ei hyv\u00e4ksyt\u00e4, ellei varsinaista hyvityspyynt\u00f6\u00e4 ole j\u00e4tetty 14 p\u00e4iv\u00e4\u00e4 edelt\u00e4v\u00e4n ajanjakson kuluessa.<\/p>\n\n\n\n<p><strong>EI-PALAUTETTAVAT MERKINN\u00c4T \/ POIKKEUKSET:<\/strong><\/p>\n\n\n\n<p>picturava.shop (joka tunnetaan my\u00f6s nimell\u00e4 ENDLED LTD) voi, mutta ei ole velvollinen, hyv\u00e4ksym\u00e4\u00e4n palautusvaatimuksia seuraavista syist\u00e4:<\/p>\n\n\n\n<p><strong>TUOTTEEN TOIMITTAMATTA J\u00c4TT\u00c4MINEN&nbsp;<\/strong>- S\u00e4hk\u00f6postipalvelun tai kolmannen osapuolen tiedonsiirtopalvelun teknisist\u00e4 syist\u00e4 johtuen et saanut toimituss\u00e4hk\u00f6postia picturava.shopilta, eik\u00e4 hyvitysvaatimusta voida esitt\u00e4\u00e4 ilman asianmukaista n\u00e4ytt\u00f6\u00e4 siit\u00e4, ett\u00e4 et saanut lopullista tuotetta. Jos t\u00e4llainen ongelma ilmenee, ota yhteytt\u00e4 asiakaspalveluun saadaksesi lopullisen tuotteesi takaisin seuraavien todisteiden avulla:<\/p>\n\n\n\n<ul class=\"wp-block-list\">\n<li>Maksutapahtuman tunnus<\/li>\n\n\n\n<li>Tilausnumero<\/li>\n\n\n\n<li>Todiste s\u00e4hk\u00f6postiraportista<\/li>\n<\/ul>\n\n\n\n<p><strong>LATAUSONGELMAT&nbsp;<\/strong>- Jos Internet-palveluntarjoajan tai kolmannen osapuolen tietopalveluntarjoajan teknisist\u00e4 syist\u00e4 et pysty lataamaan lopullisia projektiraportteja tai n\u00e4ytetietoja, et voi tehd\u00e4 palautusvaatimusta. picturava.shop suosittelee, ett\u00e4 otat yhteytt\u00e4 asiakastukeen, jotta he voivat opastaa sinua mahdollisten ratkaisujen kautta lopullisen projektiraportin lataamiseksi. T\u00e4m\u00e4ntyyppiset ongelmat ovat yleens\u00e4 asiakkaan puolella, joten hyvityst\u00e4 ei voida soveltaa.<\/p>\n\n\n\n<p><strong>KORJAAMATTOMAT PUUTTEET RAPORTEISSA JA TIEDOISSA&nbsp;<\/strong>- picturava.shop tarkistaa tuotteet ja palvelut perusteellisesti ennen lopullista julkaisua, mutta silti odottamattomia virheit\u00e4 voi ajoittain esiinty\u00e4. T\u00e4llaisten vahinkojen sattuessa voit j\u00e4tt\u00e4\u00e4 tukipyynn\u00f6n avun saamiseksi. Tilanne punnitaan ja jos picturava.shop katsoo sen sopivaksi, aloitetaan hyvitysk\u00e4yt\u00e4nt\u00f6.<\/p>\n\n\n\n<p><strong>TUOTE EI VASTAA KUVAUSTA&nbsp;<\/strong>- Seuraavaan kategoriaan kuuluvia pyynt\u00f6j\u00e4 k\u00e4sitell\u00e4\u00e4n tapauskohtaisesti, ja ne edellytt\u00e4v\u00e4t picturava.shopin hyv\u00e4ksynt\u00e4\u00e4. T\u00e4llaisten v\u00e4itteiden v\u00e4ltt\u00e4miseksi picturava.shop pyyt\u00e4\u00e4 asiakkaita tarkistamaan yksitt\u00e4isten tuotteiden\/palvelujen ilmaiset n\u00e4ytteet (videoesittelyt, demolinkit, kuvakaappaukset, tuoten\u00e4ytteet jne.) ennen lopullisen sopimuksen tekemist\u00e4.<\/p>\n\n\n\n<p><strong>Muita ei-palautettavia \/ ei-palautettavia tuotteita\/palveluja:<\/strong><\/p>\n\n\n\n<ol class=\"wp-block-list\">\n<li>Kaikenlaiset off-sivun SEO-kampanjat \/ Link Building \/Disavow-paketit \/ Enterprise SEO-paketti , Link Placement liittyv\u00e4t palvelut.<\/li>\n\n\n\n<li>Digitaalinen sis\u00e4lt\u00f6, kuten artikkelit, blogisis\u00e4lt\u00f6, lehdist\u00f6tiedote, copywriting-sis\u00e4lt\u00f6.<\/li>\n\n\n\n<li>Inbound-markkinoinnin digitaaliset palvelut, kuten e-kirjat, asiakirjat, visuaaliset infografiikat, videot ja muu informatiivinen sis\u00e4lt\u00f6.<\/li>\n\n\n\n<li>Verkkotunnuksen rekister\u00f6inti ja siihen liittyv\u00e4t kulut, kuten WHOIS-suojaus, yksityiset nimipalvelimet, dedikoidut IP-kustannukset.<\/li>\n\n\n\n<li>Projektipohjaiset s\u00e4hk\u00f6isen kaupank\u00e4ynnin ja s\u00e4hk\u00f6isen markkinoinnin strategisten suunnitelmien kustannukset, sosiaalisen median ja verkkomaineen hallinnan kustannukset.<\/li>\n\n\n\n<li>Pay-Per-Click (PPC) -kampanjoiden perustamismaksu, hallinnointimaksu, k\u00e4ytetyt Adwords-koodit, uudelleenkohdentamisen ja s\u00e4hk\u00f6isen markkinoinnin kampanjoiden kulut.<\/li>\n\n\n\n<li>Online Reputation Management, PR, Featured news Syndication ja Content Distribution -palvelut.<\/li>\n<\/ol>\n\n\n\n<p><strong>HUOM:&nbsp;<\/strong><em>Lue t\u00e4m\u00e4 palvelumme palautusk\u00e4yt\u00e4nt\u00f6 huolellisesti, ennen kuin hankit palveluitamme tai k\u00e4yt\u00e4t verkkosivustoamme tai kolmannen osapuolen markkinapaikkaa (markkinapaikkoja), jotka liittyv\u00e4t toiminimiimme. Johtuen itsevarmuudesta ja luottamuksesta, joka meill\u00e4 on ty\u00f6tyyliimme, tarjoamme t\u00e4ydellisen rahanpalautustakuun. T\u00e4ss\u00e4 oleva palautusk\u00e4yt\u00e4nt\u00f6 on voimassa vain asiakkaille, jotka ovat hankkineet tuotteitamme \/ palveluitamme k\u00e4ytt\u00e4en alkuper\u00e4isi\u00e4 laskutustietojaan, yhteystietojaan ja projektitietojaan.<\/em><\/p>\n\n\n\n<p><em>Jos olet tyytym\u00e4t\u00f6n palveluihimme, ota yhteytt\u00e4 osoitteeseen support@picturava.shop. Yrit\u00e4mme selvitt\u00e4\u00e4 ja rajoittaa tyytym\u00e4tt\u00f6myytesi syit\u00e4 ja hyvit\u00e4mme off-page-optimoinnin perusmaksumme.<\/em><\/p>\n\n\n\n<p><em>Kaikki palautukset l\u00e4hetet\u00e4\u00e4n samaa maksutapaa k\u00e4ytt\u00e4en, jota asiakas on k\u00e4ytt\u00e4nyt. On huomattava, ett\u00e4 rahanpalautustakuuta ei koskaan tarjota sivun ulkopuolisille t\u00f6ille (linkkien rakentamishankkeet, sosiaalisen median edist\u00e4minen, inbound-markkinointi, sis\u00e4ll\u00f6n kehitt\u00e4minen ja PPC-kampanjat).<\/em><\/p>\n\n\n\n<p><strong>Sopimuksen peruuttaminen<\/strong><\/p>\n\n\n\n<p>Jos olet tilannut ENDLED LTD:n tuotteita ja palveluita, sopimus p\u00e4\u00e4ttyy, kun kaikki sopimuksessa m\u00e4\u00e4ritellyt asiat on t\u00e4ytetty. Sopimus voi p\u00e4\u00e4tty\u00e4 my\u00f6s ennenaikaisesti, jos sopimusta rikotaan ja jompikumpi osapuoli p\u00e4\u00e4tt\u00e4\u00e4 irtisanoa sen. Sopimus voi p\u00e4\u00e4tty\u00e4 my\u00f6s molempien osapuolten yhteisell\u00e4 suostumuksella tai jos sopimuksessa m\u00e4\u00e4riteltyjen velvoitteiden t\u00e4ytt\u00e4minen vaikeutuu ihmisen aiheuttamien onnettomuuksien (sota, mellakat, terroriteot jne.) tai luonnonmullistusten (kuten hurrikaani, maanj\u00e4ristys, tulva jne.) vuoksi. Sopimuksen peruuttaminen ei kuitenkaan vaikuta tai rajoita muiden sopimuspuolten oikeuksia, jotka ovat syntyneet sopimuksen peruuttamisen tai jonkin nimenomaisesti mainitun, peruuttamisesta selviytyv\u00e4n tai implisiittisesti selviytyv\u00e4n m\u00e4\u00e4r\u00e4yksen voimassaolon suhteen.  Kaikki sopimukset voidaan peruuttaa 30 p\u00e4iv\u00e4n irtisanomisajalla sopimuksen ensimm\u00e4isten 30 p\u00e4iv\u00e4n j\u00e4lkeen.<\/p>\n\n\n\n<p>Peruutukset voit tehd\u00e4 ottamalla yhteytt\u00e4 osoitteeseen support@picturava.shop. Peruutuksen j\u00e4lkeen tilisi poistetaan pysyv\u00e4sti. ENDLED LTD ei ole laillisesti velvollinen palvelemaan kaikkia, vaan se voi valita asiakkaan palvelemisen oman harkintansa mukaan.<\/p>","protected":false},"excerpt":{"rendered":"<p>ENDLED LTD offers a modest and easy to comprehend refund policy. The information hereafter is split into three sections \u2013 One Time Submission, Monthly SEO Service, Non-Refundable Entries ONE TIME&#8230;<\/p>","protected":false},"author":1,"featured_media":0,"parent":0,"menu_order":0,"comment_status":"closed","ping_status":"closed","template":"","meta":{"footnotes":""},"class_list":["post-4361","page","type-page","status-publish"],"_links":{"self":[{"href":"https:\/\/www.picturava.shop\/fi\/wp-json\/wp\/v2\/pages\/4361","targetHints":{"allow":["GET"]}}],"collection":[{"href":"https:\/\/www.picturava.shop\/fi\/wp-json\/wp\/v2\/pages"}],"about":[{"href":"https:\/\/www.picturava.shop\/fi\/wp-json\/wp\/v2\/types\/page"}],"author":[{"embeddable":true,"href":"https:\/\/www.picturava.shop\/fi\/wp-json\/wp\/v2\/users\/1"}],"replies":[{"embeddable":true,"href":"https:\/\/www.picturava.shop\/fi\/wp-json\/wp\/v2\/comments?post=4361"}],"version-history":[{"count":9,"href":"https:\/\/www.picturava.shop\/fi\/wp-json\/wp\/v2\/pages\/4361\/revisions"}],"predecessor-version":[{"id":7724,"href":"https:\/\/www.picturava.shop\/fi\/wp-json\/wp\/v2\/pages\/4361\/revisions\/7724"}],"wp:attachment":[{"href":"https:\/\/www.picturava.shop\/fi\/wp-json\/wp\/v2\/media?parent=4361"}],"curies":[{"name":"wp","href":"https:\/\/api.w.org\/{rel}","templated":true}]}}