{"id":2767,"date":"2020-05-05T05:48:48","date_gmt":"2020-05-05T05:48:48","guid":{"rendered":"https:\/\/www.endledtvs.com\/?page_id=2767"},"modified":"2026-02-16T22:21:54","modified_gmt":"2026-02-16T22:21:54","slug":"about-us-smma","status":"publish","type":"page","link":"https:\/\/www.picturava.shop\/fr\/about-us-smma\/","title":{"rendered":"\u00c0 propos des \u00c9tats-Unis"},"content":{"rendered":"<h1 class=\"wp-block-heading has-text-align-center\">Qui sommes-nous ?<\/h1>\n\n\n\n<p>Nous sommes une agence de marketing des m\u00e9dias sociaux qui aide les petites entreprises \u00e0 d\u00e9velopper leur notori\u00e9t\u00e9 et \u00e0 obtenir un certain nombre de nouveaux clients en \u00e9tablissant de bonnes relations par le biais de l'engagement, ainsi qu'en obtenant du trafic sur le site Web en augmentant l'exposition du site (trafic et conversions).<\/p>\n\n\n\n<h4 class=\"wp-block-heading\">La mission<\/h4>\n\n\n\n<p>Notre soci\u00e9t\u00e9 leur permet d'\u00e9tablir leur marque et leur pr\u00e9sence en ligne sur des plateformes o\u00f9 leur public cible d\u00e9file d\u00e9j\u00e0.<\/p>\n\n\n\n<h4 class=\"wp-block-heading\">Vision<\/h4>\n\n\n\n<p>Augmenter le nombre de vos followers sur les r\u00e9seaux sociaux vous aidera \u00e0 d\u00e9velopper le bouche-\u00e0-oreille et les recommandations. Nos services de marketing des m\u00e9dias sociaux vous aideront \u00e0 augmenter le nombre de vos followers avec des personnes pertinentes. Nous veillerons \u00e0 ce que vos abonn\u00e9s correspondent aux donn\u00e9es d\u00e9mographiques, aux int\u00e9r\u00eats et aux comportements de vos clients habituels.<\/p>\n\n\n\n<p>Lorsque vous cr\u00e9ez un lien fort en vous engageant aupr\u00e8s de votre public, celui-ci est plus susceptible d'acheter chez vous. Nous vous aiderons \u00e0 augmenter l'engagement (likes, commentaires, etc.) sur vos publications dans les m\u00e9dias sociaux. Plus il y a d'engagement, plus le lien avec votre public est fort.<\/p>\n\n\n\n<p>L'augmentation du trafic sur votre site web aura une influence directe sur les prospects et les ventes. C'est pourquoi ce service est mieux associ\u00e9 \u00e0 nos services de publicit\u00e9 sur les m\u00e9dias sociaux, o\u00f9 nous nous concentrons sur le d\u00e9veloppement de campagnes de publicit\u00e9 sur les m\u00e9dias sociaux qui g\u00e9n\u00e8rent des volumes \u00e9lev\u00e9s de trafic vers votre site web. Pour augmenter les conversions, nous pouvons ajouter des publicit\u00e9s sociales de reciblage pour rester en contact avec les visiteurs r\u00e9cents de votre site web.<\/p>\n\n\n\n<p><\/p>\n\n\n\n<p><\/p>\n\n\n\n<p>Nom de l'entreprise : ENDLED LTD<br>Num\u00e9ro d'entreprise : 13249389<\/p>\n\n\n\n<p><strong>VOUS AVEZ UNE QUESTION ? Contactez nous<\/strong><\/p>\n\n\n\n<p>Courriel : support@picturava.shop<br>T\u00e9l\u00e9phone : +44 22045429904<\/p>\n\n\n\n<p><strong>Notre emplacement<\/strong><\/p>\n\n\n\n<p>ADRESSE : 71-75 Shelton Street<br>VILLE : Londres<br>\u00c9TAT : Londres<br>ZIPCODE : WC2H 9JQ<br>PAYS : Royaume-Uni<\/p>\n\n\n\n<p><\/p>","protected":false},"excerpt":{"rendered":"<p>Who we are We are a Social media marketing agency that helps small businesses to Develop their Brand Awareness, and get a number of new customers by Building Good Relationships&#8230;<\/p>","protected":false},"author":1,"featured_media":0,"parent":0,"menu_order":0,"comment_status":"closed","ping_status":"closed","template":"","meta":{"footnotes":""},"class_list":["post-2767","page","type-page","status-publish"],"_links":{"self":[{"href":"https:\/\/www.picturava.shop\/fr\/wp-json\/wp\/v2\/pages\/2767","targetHints":{"allow":["GET"]}}],"collection":[{"href":"https:\/\/www.picturava.shop\/fr\/wp-json\/wp\/v2\/pages"}],"about":[{"href":"https:\/\/www.picturava.shop\/fr\/wp-json\/wp\/v2\/types\/page"}],"author":[{"embeddable":true,"href":"https:\/\/www.picturava.shop\/fr\/wp-json\/wp\/v2\/users\/1"}],"replies":[{"embeddable":true,"href":"https:\/\/www.picturava.shop\/fr\/wp-json\/wp\/v2\/comments?post=2767"}],"version-history":[{"count":9,"href":"https:\/\/www.picturava.shop\/fr\/wp-json\/wp\/v2\/pages\/2767\/revisions"}],"predecessor-version":[{"id":7721,"href":"https:\/\/www.picturava.shop\/fr\/wp-json\/wp\/v2\/pages\/2767\/revisions\/7721"}],"wp:attachment":[{"href":"https:\/\/www.picturava.shop\/fr\/wp-json\/wp\/v2\/media?parent=2767"}],"curies":[{"name":"wp","href":"https:\/\/api.w.org\/{rel}","templated":true}]}}