{"id":3,"date":"2020-01-10T20:27:36","date_gmt":"2020-01-10T20:27:36","guid":{"rendered":"http:\/\/caychroaz.com\/?page_id=3"},"modified":"2026-02-16T22:21:40","modified_gmt":"2026-02-16T22:21:40","slug":"privacy-policy","status":"publish","type":"page","link":"https:\/\/www.picturava.shop\/fr\/privacy-policy\/","title":{"rendered":"Politique de confidentialit\u00e9"},"content":{"rendered":"<p>La pr\u00e9sente politique de confidentialit\u00e9 a \u00e9t\u00e9 \u00e9labor\u00e9e pour mieux servir les personnes qui s'inqui\u00e8tent de la mani\u00e8re dont leurs \"informations personnelles identifiables\" (IPI) sont utilis\u00e9es en ligne. Les IPI, telles qu'elles sont d\u00e9crites dans la l\u00e9gislation am\u00e9ricaine sur la protection de la vie priv\u00e9e et la s\u00e9curit\u00e9 de l'information, sont des informations qui peuvent \u00eatre utilis\u00e9es seules ou avec d'autres informations pour identifier, contacter ou localiser une seule personne, ou pour identifier une personne dans son contexte. Veuillez lire attentivement notre politique de confidentialit\u00e9 pour bien comprendre comment nous collectons, utilisons, prot\u00e9geons ou traitons vos informations d'identification personnelle conform\u00e9ment \u00e0 notre site web.<\/p>\n\n\n\n<p><strong>Quelles informations personnelles recueillons-nous aupr\u00e8s des personnes qui visitent notre blog, notre site web ou notre application ?<\/strong><\/p>\n\n\n\n<p>Lors d'une commande ou d'une inscription sur notre site, selon le cas, il peut vous \u00eatre demand\u00e9 de saisir votre nom, votre adresse \u00e9lectronique, votre adresse postale, votre num\u00e9ro de t\u00e9l\u00e9phone ou d'autres d\u00e9tails pour vous aider dans votre exp\u00e9rience.<\/p>\n\n\n\n<p><strong>Quand recueillons-nous des informations ?<\/strong><\/p>\n\n\n\n<p>Nous recueillons des informations aupr\u00e8s de vous lorsque vous vous inscrivez sur notre site, passez une commande, vous abonnez \u00e0 un bulletin d'information ou saisissez des informations sur notre site.<\/p>\n\n\n\n<p><strong>Comment utilisons-nous vos informations ?<\/strong><\/p>\n\n\n\n<p>Nous pouvons utiliser les informations que nous recueillons aupr\u00e8s de vous lorsque vous vous inscrivez, effectuez un achat, vous abonnez \u00e0 notre bulletin d'information, r\u00e9pondez \u00e0 une enqu\u00eate ou \u00e0 une communication marketing, naviguez sur le site web ou utilisez certaines autres fonctions du site de la mani\u00e8re suivante :<\/p>\n\n\n\n<pre class=\"wp-block-code\"><code>  - Pour personnaliser votre exp\u00e9rience et nous permettre de vous proposer le type de contenu et d'offres de produits qui vous int\u00e9ressent le plus.\n  - Am\u00e9liorer notre site web afin de mieux vous servir.\n  - Pour nous permettre de mieux vous servir en r\u00e9pondant \u00e0 vos demandes de service \u00e0 la client\u00e8le.\n  - Pour traiter rapidement vos transactions.\n  - Pour envoyer des courriels p\u00e9riodiques concernant votre commande ou d'autres produits et services.<\/code><\/pre>\n\n\n\n<p><strong>Comment prot\u00e9geons-nous vos informations ?<\/strong><\/p>\n\n\n\n<p>Notre site web est r\u00e9guli\u00e8rement analys\u00e9 pour d\u00e9tecter les failles de s\u00e9curit\u00e9 et les vuln\u00e9rabilit\u00e9s connues afin de rendre votre visite sur notre site aussi s\u00fbre que possible.<\/p>\n\n\n\n<p><strong>Nous proc\u00e9dons r\u00e9guli\u00e8rement \u00e0 des analyses de logiciels malveillants.<\/strong><\/p>\n\n\n\n<p>Vos informations personnelles sont conserv\u00e9es dans des r\u00e9seaux s\u00e9curis\u00e9s et ne sont accessibles qu'\u00e0 un nombre limit\u00e9 de personnes disposant de droits d'acc\u00e8s sp\u00e9ciaux \u00e0 ces syst\u00e8mes et tenues de pr\u00e9server la confidentialit\u00e9 de ces informations. En outre, toutes les informations sensibles\/de cr\u00e9dit que vous fournissez sont crypt\u00e9es au moyen de la technologie Secure Socket Layer (SSL).<\/p>\n\n\n\n<p>Nous mettons en \u0153uvre une s\u00e9rie de mesures de s\u00e9curit\u00e9 lorsqu'un utilisateur passe une commande, entre, soumet ou acc\u00e8de \u00e0 ses informations afin de pr\u00e9server la s\u00e9curit\u00e9 de vos donn\u00e9es personnelles.<\/p>\n\n\n\n<p>Toutes les transactions sont trait\u00e9es par l'interm\u00e9diaire d'un fournisseur de passerelle et ne sont pas stock\u00e9es ou trait\u00e9es sur nos serveurs.<\/p>\n\n\n\n<p><strong>Utilisons-nous des \"cookies\" ?<\/strong><\/p>\n\n\n\n<p>Oui. Les cookies sont de petits fichiers qu'un site ou son fournisseur de services transf\u00e8re sur le disque dur de votre ordinateur par l'interm\u00e9diaire de votre navigateur Web (si vous l'autorisez) et qui permet aux syst\u00e8mes du site ou du fournisseur de services de reconna\u00eetre votre navigateur et de capturer et m\u00e9moriser certaines informations. Par exemple, nous utilisons des cookies pour nous aider \u00e0 m\u00e9moriser et \u00e0 traiter les articles de votre panier d'achat. Ils sont \u00e9galement utilis\u00e9s pour nous aider \u00e0 comprendre vos pr\u00e9f\u00e9rences en fonction de vos activit\u00e9s ant\u00e9rieures ou actuelles sur le site, ce qui nous permet de vous fournir des services am\u00e9lior\u00e9s. Nous utilisons \u00e9galement des cookies pour nous aider \u00e0 compiler des donn\u00e9es globales sur le trafic et l'interaction sur le site afin de pouvoir offrir de meilleures exp\u00e9riences et de meilleurs outils \u00e0 l'avenir.<\/p>\n\n\n\n<p>Nous utilisons des cookies pour :<br>\n      - Aider \u00e0 m\u00e9moriser et \u00e0 traiter les articles du panier d'achat.<br>\n      - Comprendre et enregistrer les pr\u00e9f\u00e9rences de l'utilisateur pour les visites ult\u00e9rieures.<br>\n      - Gardez une trace des publicit\u00e9s.<br>\n      - Compiler des donn\u00e9es globales sur le trafic et les interactions sur le site afin d'offrir de meilleures exp\u00e9riences et de meilleurs outils \u00e0 l'avenir. Nous pouvons \u00e9galement faire appel \u00e0 des services tiers de confiance qui suivent ces informations en notre nom.<\/p>\n\n\n\n<p>Vous pouvez choisir que votre ordinateur vous avertisse chaque fois qu'un cookie est envoy\u00e9, ou vous pouvez choisir de d\u00e9sactiver tous les cookies. Pour ce faire, vous devez utiliser les param\u00e8tres de votre navigateur. Chaque navigateur \u00e9tant l\u00e9g\u00e8rement diff\u00e9rent, consultez le menu d'aide de votre navigateur pour savoir comment modifier vos cookies.<\/p>\n\n\n\n<p>Si vous d\u00e9sactivez les cookies, certaines des fonctions qui rendent votre site plus efficace risquent de ne pas fonctionner correctement, ce qui n'affectera pas l'exp\u00e9rience de l'utilisateur.<\/p>\n\n\n\n<p>Divulgation aux tiers<\/p>\n\n\n\n<p>Nous ne vendons pas, n'\u00e9changeons pas et ne transf\u00e9rons pas de quelque mani\u00e8re que ce soit \u00e0 des tiers vos informations personnellement identifiables.<\/p>\n\n\n\n<p>Liens avec des tiers<\/p>\n\n\n\n<p>Nous n'incluons ni ne proposons de produits ou de services de tiers sur notre site web.<\/p>\n\n\n\n<p>Google<\/p>\n\n\n\n<p>Les exigences de Google en mati\u00e8re de publicit\u00e9 peuvent \u00eatre r\u00e9sum\u00e9es par les principes de Google en mati\u00e8re de publicit\u00e9. Ils sont mis en place pour offrir une exp\u00e9rience positive aux utilisateurs. https:\/\/support.google.com\/adwordspolicy\/answer\/1316548?hl=en <\/p>\n\n\n\n<p>Nous n'avons pas activ\u00e9 Google AdSense sur notre site, mais il est possible que nous le fassions \u00e0 l'avenir.<\/p>\n\n\n\n<p>Loi californienne sur la protection de la vie priv\u00e9e en ligne<\/p>\n\n\n\n<p>La CalOPPA est la premi\u00e8re loi nationale qui oblige les sites web commerciaux et les services en ligne \u00e0 publier une politique de protection de la vie priv\u00e9e. La port\u00e9e de cette loi s'\u00e9tend bien au-del\u00e0 de la Californie et exige de toute personne ou entreprise aux \u00c9tats-Unis (et probablement dans le monde entier) qui exploite des sites web recueillant des informations personnellement identifiables aupr\u00e8s de consommateurs californiens qu'elle publie sur son site web une politique de confidentialit\u00e9 bien visible indiquant exactement les informations recueillies et les personnes ou entreprises avec lesquelles elles sont partag\u00e9es. - Pour en savoir plus : http:\/\/consumercal.org\/california-online-privacy-protection-act-caloppa\/#sthash.0FdRbT51.dpuf<\/p>\n\n\n\n<p>Conform\u00e9ment \u00e0 la CalOPPA, nous acceptons ce qui suit :<br>\nLes utilisateurs peuvent visiter notre site de mani\u00e8re anonyme.<br>\nUne fois cette politique de confidentialit\u00e9 cr\u00e9\u00e9e, nous ajouterons un lien vers celle-ci sur notre page d'accueil ou, au minimum, sur la premi\u00e8re page importante apr\u00e8s avoir acc\u00e9d\u00e9 \u00e0 notre site web.<br>\nLe lien vers notre politique de protection de la vie priv\u00e9e comprend le mot \"Privacy\" et peut \u00eatre facilement trouv\u00e9 sur la page sp\u00e9cifi\u00e9e ci-dessus.<\/p>\n\n\n\n<p>Vous serez inform\u00e9 de toute modification de la politique de confidentialit\u00e9 :<br>\n      - Sur notre page de politique de confidentialit\u00e9<br>\nVous pouvez modifier vos informations personnelles :<br>\n      - En nous envoyant un courriel<br>\n      - En nous appelant<br>\n      - En vous connectant \u00e0 votre compte<\/p>\n\n\n\n<p><strong>Comment notre site g\u00e8re-t-il les signaux \"Do Not Track\" ?<br><\/strong> Nous respectons les signaux \"Do Not Track\" et \"Do Not Track\", nous installons des cookies ou utilisons de la publicit\u00e9 lorsqu'un m\u00e9canisme de navigateur \"Do Not Track\" (DNT) est en place.<\/p>\n\n\n\n<p><strong>Notre site autorise-t-il le suivi comportemental par des tiers ?<br><\/strong> Il est \u00e9galement important de noter que nous n'autorisons pas le suivi comportemental par des tiers.<\/p>\n\n\n\n<p>COPPA (loi sur la protection de la vie priv\u00e9e des enfants en ligne)<\/p>\n\n\n\n<p>En ce qui concerne la collecte d'informations personnelles aupr\u00e8s d'enfants de moins de 13 ans, la loi sur la protection de la vie priv\u00e9e des enfants en ligne (Children's Online Privacy Protection Act - COPPA) permet aux parents de contr\u00f4ler la situation. La Federal Trade Commission, l'agence am\u00e9ricaine de protection des consommateurs, veille \u00e0 l'application de la r\u00e8gle COPPA, qui pr\u00e9cise ce que les exploitants de sites web et de services en ligne doivent faire pour prot\u00e9ger la vie priv\u00e9e et la s\u00e9curit\u00e9 des enfants en ligne.<\/p>\n\n\n\n<p>Nous ne nous adressons pas sp\u00e9cifiquement aux enfants de moins de 13 ans.<br>\nPermettons-nous \u00e0 des tiers, y compris des r\u00e9seaux publicitaires ou des plug-ins, de collecter des IIP aupr\u00e8s d'enfants de moins de 13 ans ?<\/p>\n\n\n\n<p>Pratiques d'information \u00e9quitables<\/p>\n\n\n\n<p>Les principes relatifs aux pratiques loyales en mati\u00e8re d'information constituent l'\u00e9pine dorsale de la l\u00e9gislation sur la protection de la vie priv\u00e9e aux \u00c9tats-Unis et les concepts qu'ils incluent ont jou\u00e9 un r\u00f4le important dans l'\u00e9laboration des lois sur la protection des donn\u00e9es dans le monde entier. Il est essentiel de comprendre les principes des pratiques loyales en mati\u00e8re d'information et la mani\u00e8re dont ils doivent \u00eatre mis en \u0153uvre pour se conformer aux diverses lois sur la protection de la vie priv\u00e9e qui prot\u00e8gent les informations personnelles.<\/p>\n\n\n\n<p>Afin d'\u00eatre en conformit\u00e9 avec les pratiques \u00e9quitables en mati\u00e8re d'information, nous prendrons les mesures suivantes en cas de violation de donn\u00e9es :<br>\nNous vous informerons par e-mail<br>\n      - Dans un d\u00e9lai d'un jour ouvrable<br>\n      - Dans un d\u00e9lai d'un jour ouvrable<\/p>\n\n\n\n<p>Nous acceptons \u00e9galement le principe de recours individuel qui exige que les individus aient le droit d'exercer l\u00e9galement des droits ex\u00e9cutoires contre les collecteurs de donn\u00e9es et les responsables du traitement qui ne respectent pas la loi. Ce principe exige non seulement que les individus aient des droits ex\u00e9cutoires contre les utilisateurs de donn\u00e9es, mais aussi qu'ils aient recours aux tribunaux ou aux agences gouvernementales pour enqu\u00eater et\/ou poursuivre les responsables du traitement des donn\u00e9es qui ne respectent pas la loi.<\/p>","protected":false},"excerpt":{"rendered":"<p>This privacy policy has been compiled to better serve those who are concerned with how their \u2018Personally Identifiable Information\u2019 (PII) is being used online. PII, as described in US privacy&#8230;<\/p>","protected":false},"author":1,"featured_media":0,"parent":0,"menu_order":0,"comment_status":"closed","ping_status":"open","template":"","meta":{"footnotes":""},"class_list":["post-3","page","type-page","status-publish"],"_links":{"self":[{"href":"https:\/\/www.picturava.shop\/fr\/wp-json\/wp\/v2\/pages\/3","targetHints":{"allow":["GET"]}}],"collection":[{"href":"https:\/\/www.picturava.shop\/fr\/wp-json\/wp\/v2\/pages"}],"about":[{"href":"https:\/\/www.picturava.shop\/fr\/wp-json\/wp\/v2\/types\/page"}],"author":[{"embeddable":true,"href":"https:\/\/www.picturava.shop\/fr\/wp-json\/wp\/v2\/users\/1"}],"replies":[{"embeddable":true,"href":"https:\/\/www.picturava.shop\/fr\/wp-json\/wp\/v2\/comments?post=3"}],"version-history":[{"count":1,"href":"https:\/\/www.picturava.shop\/fr\/wp-json\/wp\/v2\/pages\/3\/revisions"}],"predecessor-version":[{"id":5446,"href":"https:\/\/www.picturava.shop\/fr\/wp-json\/wp\/v2\/pages\/3\/revisions\/5446"}],"wp:attachment":[{"href":"https:\/\/www.picturava.shop\/fr\/wp-json\/wp\/v2\/media?parent=3"}],"curies":[{"name":"wp","href":"https:\/\/api.w.org\/{rel}","templated":true}]}}