{"id":6395,"date":"2023-12-22T05:02:44","date_gmt":"2023-12-22T05:02:44","guid":{"rendered":"https:\/\/www.pictureify.shop\/?post_type=product&#038;p=6395"},"modified":"2024-01-24T20:56:41","modified_gmt":"2024-01-24T20:56:41","slug":"3-month-supports","status":"publish","type":"product","link":"https:\/\/www.picturava.shop\/fr\/produit\/3-month-supports\/","title":{"rendered":"OPTIMISATION DES MOTEURS DE RECHERCHE (SEO)"},"content":{"rendered":"<div id=\"fws_65b17930b376c\" data-column-margin=\"default\" data-midnight=\"dark\" class=\"wpb_row vc_row-fluid vc_row standard_section\" style=\"padding-top: 0px;padding-bottom: 0px\">\n<div class=\"row-bg-wrap\" data-bg-animation=\"none\" data-bg-overlay=\"false\">\n<div class=\"inner-wrap\">\n<div class=\"row-bg\"><\/div>\n<\/div>\n<div class=\"row-bg-overlay\"><\/div>\n<\/div>\n<div class=\"row_col_wrap_12 col span_12 dark left\">\n<div class=\"vc_col-sm-12 wpb_column column_container vc_column_container col no-extra-padding inherit_tablet inherit_phone\" data-t-w-inherits=\"default\" data-bg-cover=\"\" data-padding-pos=\"all\" data-has-bg-color=\"false\" data-bg-color=\"\" data-bg-opacity=\"1\" data-hover-bg=\"\" data-hover-bg-opacity=\"1\" data-animation=\"\" data-delay=\"0\">\n<div class=\"vc_column-inner\">\n<div class=\"column-bg-overlay-wrap\" data-bg-animation=\"none\">\n<div class=\"column-bg-overlay\"><\/div>\n<\/div>\n<div class=\"wpb_wrapper\">\n<div class=\"nectar-split-heading\" data-animation-type=\"default\" data-animation-delay=\"0\" data-custom-font-size=\"false\">\n<div class=\"heading-line\">\n<div><strong>Am\u00e9liorez votre pr\u00e9sence sur les m\u00e9dias sociaux gr\u00e2ce aux services de marketing des m\u00e9dias sociaux<\/strong> <\/div>\n<\/div>\n<div class=\"heading-line\">\n<div>&nbsp; <\/div>\n<\/div>\n<div class=\"heading-line\">\n<div>Vous cherchez un moyen efficace d'accro\u00eetre la notori\u00e9t\u00e9 de votre entreprise, le nombre de nouveaux clients et le trafic sur votre site web ? Alors vous devriez \u00eatre pr\u00e9sent sur les m\u00e9dias sociaux ! D\u00e9couvrez notre service de marketing des m\u00e9dias sociaux et d\u00e9veloppez une forte pr\u00e9sence sur les m\u00e9dias sociaux. <\/div>\n<\/div>\n<div class=\"heading-line\">\n<div>Nous sommes une agence de marketing des m\u00e9dias sociaux qui aide les petites entreprises \u00e0 d\u00e9velopper leur notori\u00e9t\u00e9 et \u00e0 obtenir un certain nombre de nouveaux clients en \u00e9tablissant de bonnes relations par le biais de l'engagement, ainsi qu'en obtenant du trafic sur le site Web en augmentant l'exposition du site (trafic et conversions). <\/div>\n<\/div>\n<div class=\"heading-line\">\n<div>Notre soci\u00e9t\u00e9 leur permet d'\u00e9tablir leur marque et leur pr\u00e9sence en ligne sur des plateformes o\u00f9 leur public cible d\u00e9file d\u00e9j\u00e0. <\/div>\n<\/div>\n<div class=\"heading-line\">\n<div>&nbsp; <\/div>\n<\/div>\n<div class=\"heading-line\">\n<div><strong>D\u00e9velopper la notori\u00e9t\u00e9 de la marque (followers)<\/strong> <\/div>\n<\/div>\n<div class=\"heading-line\">\n<div>&nbsp; <\/div>\n<\/div>\n<div class=\"heading-line\">\n<div>Augmenter le nombre de vos followers sur les r\u00e9seaux sociaux vous aidera \u00e0 d\u00e9velopper le bouche-\u00e0-oreille et les recommandations. Nos services de marketing des m\u00e9dias sociaux vous aideront \u00e0 augmenter le nombre de vos followers avec des personnes pertinentes. Nous veillerons \u00e0 ce que vos abonn\u00e9s correspondent aux donn\u00e9es d\u00e9mographiques, aux int\u00e9r\u00eats et aux comportements de vos clients habituels. <\/div>\n<\/div>\n<div class=\"heading-line\">\n<div>&nbsp; <\/div>\n<\/div>\n<div class=\"heading-line\">\n<div><strong>\u00c9tablir des relations (engagement)<\/strong> <\/div>\n<\/div>\n<div class=\"heading-line\">\n<div>&nbsp; <\/div>\n<\/div>\n<div class=\"heading-line\">\n<div>Lorsque vous cr\u00e9ez un lien fort en vous engageant aupr\u00e8s de votre public, celui-ci est plus susceptible d'acheter chez vous. Nous vous aiderons \u00e0 augmenter l'engagement (likes, commentaires, etc.) sur vos publications dans les m\u00e9dias sociaux. Plus il y a d'engagement, plus le lien avec votre public est fort. <\/div>\n<\/div>\n<div class=\"heading-line\">\n<div>&nbsp; <\/div>\n<\/div>\n<div class=\"heading-line\">\n<div><strong>Augmenter la visibilit\u00e9 du site web (trafic et conversions)<\/strong> <\/div>\n<\/div>\n<div class=\"heading-line\">\n<div>&nbsp; <\/div>\n<\/div>\n<div class=\"heading-line\">\n<div>L'augmentation du trafic sur votre site web aura une influence directe sur les prospects et les ventes. C'est pourquoi ce service est mieux associ\u00e9 \u00e0 nos services de publicit\u00e9 sur les m\u00e9dias sociaux, o\u00f9 nous nous concentrons sur le d\u00e9veloppement de campagnes de publicit\u00e9 sur les m\u00e9dias sociaux qui g\u00e9n\u00e8rent des volumes \u00e9lev\u00e9s de trafic vers votre site web. Pour augmenter les conversions, nous pouvons ajouter des publicit\u00e9s sociales de reciblage pour rester en contact avec les visiteurs r\u00e9cents du site web. <\/div>\n<\/div>\n<\/div>\n<\/div>\n<\/div>\n<\/div>\n<\/div>\n<\/div>\n<div id=\"fws_65b17930b3f88\" data-column-margin=\"default\" data-midnight=\"light\" data-top-percent=\"10%\" data-bottom-percent=\"10%\" class=\"wpb_row vc_row-fluid vc_row full-width-section  vc_row-o-equal-height vc_row-flex  vc_row-o-content-top parallax_section\" style=\"padding-top: calc(100vw * 0.10);padding-bottom: calc(100vw * 0.10)\">\n<div class=\"row-bg-wrap\" data-bg-animation=\"none\" data-bg-overlay=\"true\">\n<div class=\"inner-wrap using-image\">\n<div class=\"row-bg using-image using-bg-color\" data-parallax-speed=\"fast\" style=\"background-image: url(https:\/\/source.unsplash.com\/collection\/190727\/daily);background-position: center center;background-color: #1e1e1e\"><\/div>\n<\/div>\n<div class=\"row-bg-overlay\" style=\"background: #0069ff;background: linear-gradient(45deg,#0069ff 0%,#ff3a6f 100%)\"><\/div>\n<\/div>\n<div class=\"row_col_wrap_12 col span_12 light left\">\n<div class=\"vc_col-sm-6 wpb_column column_container vc_column_container col has-animation no-extra-padding inherit_tablet inherit_phone\" data-t-w-inherits=\"default\" data-bg-cover=\"\" data-padding-pos=\"all\" data-has-bg-color=\"false\" data-bg-color=\"\" data-bg-opacity=\"1\" data-hover-bg=\"\" data-hover-bg-opacity=\"1\" data-animation=\"fade-in-from-bottom\" data-delay=\"0\">\n<div class=\"vc_column-inner\">\n<div class=\"column-bg-overlay-wrap\" data-bg-animation=\"none\">\n<div class=\"column-bg-overlay\"><\/div>\n<\/div>\n<div class=\"wpb_wrapper\">\n<h2 style=\"font-size: 88px;line-height: 97px;text-align: left;font-family:Roboto;font-weight:700;font-style:normal\" class=\"vc_custom_heading\">Nous offrons des services exceptionnels<\/h2>\n<\/p>\n<\/div>\n<\/div>\n<\/div>\n<div class=\"vc_col-sm-6 wpb_column column_container vc_column_container col no-extra-padding inherit_tablet inherit_phone\" data-t-w-inherits=\"default\" data-bg-cover=\"\" data-padding-pos=\"all\" data-has-bg-color=\"false\" data-bg-color=\"\" data-bg-opacity=\"1\" data-hover-bg=\"\" data-hover-bg-opacity=\"1\" data-animation=\"\" data-delay=\"0\">\n<div class=\"vc_column-inner\">\n<div class=\"column-bg-overlay-wrap\" data-bg-animation=\"none\">\n<div class=\"column-bg-overlay\"><\/div>\n<\/div>\n<div class=\"wpb_wrapper\">\n<div id=\"fws_65b17930b496b\" data-midnight=\"\" data-column-margin=\"default\" class=\"wpb_row vc_row-fluid vc_row inner_row standard_section\" style=\"padding-top: 0px;padding-bottom: 0px\">\n<div class=\"row-bg-wrap\">\n<div class=\"row-bg\"><\/div>\n<\/div>\n<div class=\"row_col_wrap_12_inner col span_12  left\">\n<div class=\"vc_col-sm-6 wpb_column column_container vc_column_container col child_column has-animation no-extra-padding inherit_tablet inherit_phone\" data-t-w-inherits=\"default\" data-bg-cover=\"\" data-padding-pos=\"all\" data-has-bg-color=\"false\" data-bg-color=\"\" data-bg-opacity=\"1\" data-hover-bg=\"\" data-hover-bg-opacity=\"1\" data-animation=\"fade-in\" data-delay=\"0\">\n<div class=\"vc_column-inner\">\n<div class=\"column-bg-overlay-wrap\" data-bg-animation=\"none\">\n<div class=\"column-bg-overlay\"><\/div>\n<\/div>\n<div class=\"wpb_wrapper\">\n<div class=\"nectar_icon_wrap\" data-style=\"default\" data-draw=\"\" data-border-thickness=\"2px\" data-padding=\"0px\" data-color=\"white\" style=\"margin-top: 20px\">\n<div class=\"nectar_icon\"><i style=\"font-size: 50px;line-height: 50px;height: 50px;width: 50px\" class=\"iconsmind-Diamond\"><\/i><\/div>\n<\/div>\n<div class=\"wpb_text_column wpb_content_element  wpb_animate_when_almost_visible wpb_fadeInUp fadeInUp vc_custom_1627332613043\">\n<div class=\"wpb_wrapper\">\n<h4>PUBLICIT\u00c9 PAR PAIEMENT AU CLIC (PPC)<\/h4>\n<\/p>\n<\/div>\n<\/div>\n<p style=\"text-align: left\" class=\"vc_custom_heading wpb_animate_when_almost_visible wpb_fadeInUp fadeInUp vc_custom_1627332583674\">Les annonces PPC sont des annonces payantes qui apparaissent en haut des r\u00e9sultats de recherche.<\/p>\n<div class=\"nectar_icon_wrap\" data-style=\"default\" data-draw=\"\" data-border-thickness=\"2px\" data-padding=\"0px\" data-color=\"white\" style=\"margin-top: 30px\">\n<div class=\"nectar_icon\"><i style=\"font-size: 50px;line-height: 50px;height: 50px;width: 50px\" class=\"iconsmind-Helicopter\"><\/i><\/div>\n<\/div>\n<div class=\"wpb_text_column wpb_content_element  wpb_animate_when_almost_visible wpb_fadeInUp fadeInUp vc_custom_1627332757436\">\n<div class=\"wpb_wrapper\">\n<h4>GARANTIE DE REMBOURSEMENT DE 5 JOURS<\/h4>\n<\/p>\n<\/div>\n<\/div>\n<p style=\"text-align: left\" class=\"vc_custom_heading wpb_animate_when_almost_visible wpb_fadeInUp fadeInUp vc_custom_1627332730461\">Si vous estimez que nos services ne vous conviennent pas, nous vous rembourserons int\u00e9gralement.<\/p>\n<\/p>\n<\/div>\n<\/div>\n<\/div>\n<div class=\"vc_col-sm-6 wpb_column column_container vc_column_container col child_column has-animation no-extra-padding inherit_tablet inherit_phone\" data-t-w-inherits=\"default\" data-bg-cover=\"\" data-padding-pos=\"all\" data-has-bg-color=\"false\" data-bg-color=\"\" data-bg-opacity=\"1\" data-hover-bg=\"\" data-hover-bg-opacity=\"1\" data-animation=\"fade-in\" data-delay=\"0\">\n<div class=\"vc_column-inner\">\n<div class=\"column-bg-overlay-wrap\" data-bg-animation=\"none\">\n<div class=\"column-bg-overlay\"><\/div>\n<\/div>\n<div class=\"wpb_wrapper\">\n<div class=\"nectar_icon_wrap\" data-style=\"default\" data-draw=\"\" data-border-thickness=\"2px\" data-padding=\"0px\" data-color=\"white\" style=\"margin-top: 20px\">\n<div class=\"nectar_icon\"><i style=\"font-size: 50px;line-height: 50px;height: 50px;width: 50px\" class=\"iconsmind-Gear-2\"><\/i><\/div>\n<\/div>\n<div class=\"wpb_text_column wpb_content_element  wpb_animate_when_almost_visible wpb_fadeInUp fadeInUp vc_custom_1627332664119\">\n<div class=\"wpb_wrapper\">\n<h4>OPTIMISATION DES MOTEURS DE RECHERCHE (SEO)<\/h4>\n<\/p>\n<\/div>\n<\/div>\n<p style=\"text-align: left\" class=\"vc_custom_heading wpb_animate_when_almost_visible wpb_fadeInUp fadeInUp vc_custom_1627332637890\">Le r\u00e9f\u00e9rencement est le processus qui consiste \u00e0 am\u00e9liorer le classement de votre site web dans les r\u00e9sultats de recherche.<\/p>\n<div class=\"nectar_icon_wrap\" data-style=\"default\" data-draw=\"\" data-border-thickness=\"2px\" data-padding=\"0px\" data-color=\"white\" style=\"margin-top: 30px\">\n<div class=\"nectar_icon\"><i style=\"font-size: 50px;line-height: 50px;height: 50px;width: 50px\" class=\"iconsmind-Life-Jacket\"><\/i><\/div>\n<\/div>\n<div class=\"wpb_text_column wpb_content_element  wpb_animate_when_almost_visible wpb_fadeInUp fadeInUp vc_custom_1627332709205\">\n<div class=\"wpb_wrapper\">\n<h4>UN PAIEMENT S\u00dbR ET S\u00c9CURIS\u00c9<\/h4>\n<\/p>\n<\/div>\n<\/div>\n<p style=\"text-align: left\" class=\"vc_custom_heading wpb_animate_when_almost_visible wpb_fadeInUp fadeInUp vc_custom_1627332686445\">Paiements s\u00e9curis\u00e9s - Aucun processus de facturation compliqu\u00e9 n'est n\u00e9cessaire.<\/p>\n<\/p>\n<\/div>\n<\/div>\n<\/div>\n<\/div>\n<\/div>\n<\/div>\n<\/div>\n<\/div>\n<\/div>\n<\/div>\n<div id=\"fws_65b17930b65f6\" data-column-margin=\"default\" data-midnight=\"light\" data-top-percent=\"10%\" data-bottom-percent=\"10%\" class=\"wpb_row vc_row-fluid vc_row full-width-section standard_section\" style=\"padding-top: calc(100vw * 0.10);padding-bottom: calc(100vw * 0.10)\">\n<div class=\"row-bg-wrap\" data-bg-animation=\"none\" data-bg-overlay=\"true\">\n<div class=\"inner-wrap using-image\">\n<div class=\"row-bg using-image\" style=\"background-image: url(https:\/\/source.unsplash.com\/collection\/217569\/daily);background-position: center center\"><\/div>\n<\/div>\n<div class=\"row-bg-overlay\" style=\"background-color:#2b4bff\"><\/div>\n<\/div>\n<div class=\"row_col_wrap_12 col span_12 light left\">\n<div class=\"vc_col-sm-12 wpb_column column_container vc_column_container col no-extra-padding inherit_tablet inherit_phone\" data-t-w-inherits=\"default\" data-bg-cover=\"\" data-padding-pos=\"all\" data-has-bg-color=\"false\" data-bg-color=\"\" data-bg-opacity=\"1\" data-hover-bg=\"\" data-hover-bg-opacity=\"1\" data-animation=\"\" data-delay=\"0\">\n<div class=\"vc_column-inner\">\n<div class=\"column-bg-overlay-wrap\" data-bg-animation=\"none\">\n<div class=\"column-bg-overlay\"><\/div>\n<\/div>\n<div class=\"wpb_wrapper\">\n<div id=\"fws_65b17930b6b81\" data-midnight=\"\" data-column-margin=\"default\" class=\"wpb_row vc_row-fluid vc_row inner_row standard_section\" style=\"padding-top: 0px;padding-bottom: 0px\">\n<div class=\"row-bg-wrap\">\n<div class=\"row-bg\"><\/div>\n<\/div>\n<div class=\"row_col_wrap_12_inner col span_12  left\">\n<div class=\"vc_col-sm-12 wpb_column column_container vc_column_container col child_column centered-text has-animation no-extra-padding inherit_tablet inherit_phone\" data-t-w-inherits=\"default\" data-bg-cover=\"\" data-padding-pos=\"all\" data-has-bg-color=\"false\" data-bg-color=\"\" data-bg-opacity=\"1\" data-hover-bg=\"\" data-hover-bg-opacity=\"1\" data-animation=\"fade-in-from-bottom\" data-delay=\"0\">\n<div class=\"vc_column-inner\">\n<div class=\"column-bg-overlay-wrap\" data-bg-animation=\"none\">\n<div class=\"column-bg-overlay\"><\/div>\n<\/div>\n<div class=\"wpb_wrapper\">\n<div class=\"wpb_text_column wpb_content_element  wpb_animate_when_almost_visible wpb_fadeIn fadeIn\">\n<div class=\"wpb_wrapper\">\n<h4>Voir pour croire<\/h4>\n<\/p>\n<\/div>\n<\/div>\n<h2 style=\"font-size: 48px;text-align: center\" class=\"vc_custom_heading\">Nous avons toutes les caract\u00e9ristiques<\/h2>\n<\/p>\n<\/div>\n<\/div>\n<\/div>\n<\/div>\n<\/div>\n<div id=\"fws_65b17930b744d\" data-midnight=\"\" data-column-margin=\"default\" class=\"wpb_row vc_row-fluid vc_row inner_row standard_section\" style=\"padding-top: 20px;padding-bottom: 0px\">\n<div class=\"row-bg-wrap\">\n<div class=\"row-bg\"><\/div>\n<\/div>\n<div class=\"row_col_wrap_12_inner col span_12  left\">\n<div class=\"vc_col-sm-4 wpb_column column_container vc_column_container col child_column centered-text has-animation padding-3-percent inherit_tablet inherit_phone\" data-t-w-inherits=\"default\" data-bg-cover=\"\" data-padding-pos=\"all\" data-has-bg-color=\"false\" data-bg-color=\"\" data-bg-opacity=\"1\" data-hover-bg=\"\" data-hover-bg-opacity=\"1\" data-animation=\"fade-in-from-bottom\" data-delay=\"0\">\n<div class=\"vc_column-inner\">\n<div class=\"column-bg-overlay-wrap\" data-bg-animation=\"none\">\n<div class=\"column-bg-overlay\"><\/div>\n<\/div>\n<div class=\"wpb_wrapper\">\n<div class=\"nectar_icon_wrap\" data-style=\"default\" data-draw=\"\" data-border-thickness=\"2px\" data-padding=\"20px\" data-color=\"white\">\n<div class=\"nectar_icon\"><i style=\"font-size: 50px;line-height: 50px;height: 50px;width: 50px\" class=\"iconsmind-Statistic\"><\/i><\/div>\n<\/div>\n<div class=\"wpb_text_column wpb_content_element  wpb_animate_when_almost_visible wpb_fadeInUp fadeInUp\">\n<div class=\"wpb_wrapper\">\n<h4>D\u00e9veloppement de sites web<\/h4>\n<\/p>\n<\/div>\n<\/div>\n<div class=\"wpb_text_column wpb_content_element  wpb_animate_when_almost_visible wpb_fadeInUp fadeInUp vc_custom_1627332890283\">\n<div class=\"wpb_wrapper\">\n<p>Sites mod\u00e8les ou personnalis\u00e9s<\/p>\n<\/p>\n<\/div>\n<\/div>\n<\/div>\n<\/div>\n<\/div>\n<div class=\"vc_col-sm-4 wpb_column column_container vc_column_container col child_column centered-text has-animation padding-3-percent inherit_tablet inherit_phone\" data-t-w-inherits=\"default\" data-bg-cover=\"\" data-padding-pos=\"all\" data-has-bg-color=\"false\" data-bg-color=\"\" data-bg-opacity=\"1\" data-hover-bg=\"\" data-hover-bg-opacity=\"1\" data-animation=\"fade-in-from-bottom\" data-delay=\"0\">\n<div class=\"vc_column-inner\">\n<div class=\"column-bg-overlay-wrap\" data-bg-animation=\"none\">\n<div class=\"column-bg-overlay\"><\/div>\n<\/div>\n<div class=\"wpb_wrapper\">\n<div class=\"nectar_icon_wrap\" data-style=\"default\" data-draw=\"\" data-border-thickness=\"2px\" data-padding=\"20px\" data-color=\"white\">\n<div class=\"nectar_icon\"><i style=\"font-size: 50px;line-height: 50px;height: 50px;width: 50px\" class=\"iconsmind-Pricing\"><\/i><\/div>\n<\/div>\n<div class=\"wpb_text_column wpb_content_element  wpb_animate_when_almost_visible wpb_fadeInUp fadeInUp\">\n<div class=\"wpb_wrapper\">\n<h4>Package marketing complet<\/h4>\n<\/p>\n<\/div>\n<\/div>\n<div class=\"wpb_text_column wpb_content_element  wpb_animate_when_almost_visible wpb_fadeInUp fadeInUp vc_custom_1485216419423\">\n<div class=\"wpb_wrapper\">\n<p>Tr\u00e8s loin, derri\u00e8re les montagnes de mots, loin des pays Vokalia et Consonantia, vivent les textes aveugles.<\/p>\n<\/p>\n<\/div>\n<\/div>\n<\/div>\n<\/div>\n<\/div>\n<div class=\"vc_col-sm-4 wpb_column column_container vc_column_container col child_column centered-text has-animation padding-3-percent inherit_tablet inherit_phone\" data-t-w-inherits=\"default\" data-bg-cover=\"\" data-padding-pos=\"all\" data-has-bg-color=\"false\" data-bg-color=\"\" data-bg-opacity=\"1\" data-hover-bg=\"\" data-hover-bg-opacity=\"1\" data-animation=\"fade-in-from-bottom\" data-delay=\"0\">\n<div class=\"vc_column-inner\">\n<div class=\"column-bg-overlay-wrap\" data-bg-animation=\"none\">\n<div class=\"column-bg-overlay\"><\/div>\n<\/div>\n<div class=\"wpb_wrapper\">\n<div class=\"nectar_icon_wrap\" data-style=\"default\" data-draw=\"\" data-border-thickness=\"2px\" data-padding=\"20px\" data-color=\"white\">\n<div class=\"nectar_icon\"><i style=\"font-size: 50px;line-height: 50px;height: 50px;width: 50px\" class=\"iconsmind-Finger-DragFourSides\"><\/i><\/div>\n<\/div>\n<div class=\"wpb_text_column wpb_content_element  wpb_animate_when_almost_visible wpb_fadeInUp fadeInUp\">\n<div class=\"wpb_wrapper\">\n<h4>Optimisation des moteurs de recherche (SEO)<\/h4>\n<\/p>\n<\/div>\n<\/div>\n<div class=\"wpb_text_column wpb_content_element  wpb_animate_when_almost_visible wpb_fadeInUp fadeInUp vc_custom_1627333092042\">\n<div class=\"wpb_wrapper\">\n<p>Optimisation de votre site web<\/p>\n<\/p>\n<\/div>\n<\/div>\n<\/div>\n<\/div>\n<\/div>\n<\/div>\n<\/div>\n<\/div>\n<\/div>\n<\/div>\n<\/div>\n<\/div>\n<div id=\"fws_65b17930b8bab\" data-column-margin=\"default\" data-midnight=\"dark\" data-top-percent=\"7%\" data-bottom-percent=\"6%\" class=\"wpb_row vc_row-fluid vc_row full-width-content standard_section\" style=\"padding-top: calc(100vw * 0.07);padding-bottom: calc(100vw * 0.06)\">\n<div class=\"row-bg-wrap\" data-bg-animation=\"none\" data-bg-overlay=\"false\">\n<div class=\"inner-wrap\">\n<div class=\"row-bg using-bg-color\" style=\"background-color: #ffffff\"><\/div>\n<\/div>\n<div class=\"row-bg-overlay\"><\/div>\n<\/div>\n<div class=\"row_col_wrap_12 col span_12 dark left\">\n<div class=\"vc_col-sm-12 wpb_column column_container vc_column_container col no-extra-padding inherit_tablet inherit_phone\" data-t-w-inherits=\"default\" data-bg-cover=\"\" data-padding-pos=\"all\" data-has-bg-color=\"false\" data-bg-color=\"\" data-bg-opacity=\"1\" data-hover-bg=\"\" data-hover-bg-opacity=\"1\" data-animation=\"\" data-delay=\"0\">\n<div class=\"vc_column-inner\">\n<div class=\"column-bg-overlay-wrap\" data-bg-animation=\"none\">\n<div class=\"column-bg-overlay\"><\/div>\n<\/div>\n<div class=\"wpb_wrapper\">\n<div class=\"col span_12 testimonial_slider\" data-color=\"accent-color-dark\" data-rating-color=\"accent-color\" data-add-border=\"\" data-autorotate=\"\" data-style=\"multiple_visible\">\n<div class=\"slides\">\n<div class=\"flickity-viewport\">\n<div class=\"flickity-slider\">\n<blockquote>\n<div data-shadow=\"\" class=\"image-icon\">&#8220;<\/div>\n<p>\"L'\u00e9quipe de PICTUREIFY est formidable. Ils ont cr\u00e9\u00e9 notre site web et g\u00e8rent nos m\u00e9dias sociaux. Je les recommande vivement. Notre site web est mieux plac\u00e9 qu'il ne l'a jamais \u00e9t\u00e9 et le nombre de vues de notre page Facebook a augment\u00e9. Je ne ferais appel \u00e0 personne d'autre. \" <span class=\"bottom-arrow\"><\/span><\/p>\n<p><span class=\"testimonial-name\">Paul<\/span><span class=\"title\">PDG - OYLIAMO Designer<\/span><\/p>\n<\/blockquote>\n<\/div>\n<\/div>\n<\/div>\n<\/div>\n<\/div>\n<\/div>\n<\/div>\n<\/div>\n<\/div>\n<div id=\"fws_65b17930b94b1\" data-column-margin=\"default\" data-midnight=\"dark\" class=\"wpb_row vc_row-fluid vc_row full-width-section standard_section\" style=\"padding-top: 100px;padding-bottom: 100px\">\n<div class=\"row-bg-wrap\" data-bg-animation=\"none\" data-bg-overlay=\"false\">\n<div class=\"inner-wrap\">\n<div class=\"row-bg using-bg-color\" style=\"background-color: #f7f7f7\"><\/div>\n<\/div>\n<div class=\"row-bg-overlay\"><\/div>\n<\/div>\n<div class=\"row_col_wrap_12 col span_12 dark left\">\n<div class=\"vc_col-sm-12 wpb_column column_container vc_column_container col no-extra-padding inherit_tablet inherit_phone\" data-t-w-inherits=\"default\" data-bg-cover=\"\" data-padding-pos=\"all\" data-has-bg-color=\"false\" data-bg-color=\"\" data-bg-opacity=\"1\" data-hover-bg=\"\" data-hover-bg-opacity=\"1\" data-animation=\"\" data-delay=\"0\">\n<div class=\"vc_column-inner\">\n<div class=\"column-bg-overlay-wrap\" data-bg-animation=\"none\">\n<div class=\"column-bg-overlay\"><\/div>\n<\/div>\n<div class=\"wpb_wrapper\">\n<div class=\"wpb_text_column wpb_content_element\">\n<div class=\"wpb_wrapper\">\n<h2>FAQ<\/h2>\n<\/p>\n<\/div>\n<\/div>\n<div class=\"toggles\" data-style=\"minimal\">\n<div class=\"toggle default\" data-inner-wrap=\"true\">\n<h3><a href=\"#\"><i class=\"icon-plus-sign\"><\/i>J'habite au Royaume-Uni ou aux \u00c9tats-Unis. Ce marketing num\u00e9rique fonctionnera-t-il ?<\/a><\/h3>\n<div>\n<div class=\"inner-toggle-wrap\">\n<div class=\"wpb_text_column wpb_content_element\">\n<div class=\"wpb_wrapper\">\n<p>Oui. Notre service est accessible \u00e0 tous dans le monde entier.<\/p>\n<\/p>\n<\/div>\n<\/div>\n<\/div>\n<\/div>\n<\/div>\n<div class=\"toggle default\" data-inner-wrap=\"true\">\n<h3><a href=\"#\"><i class=\"icon-plus-sign\"><\/i>Quels sont les modes de paiement disponibles ?<\/a><\/h3>\n<div>\n<div class=\"inner-toggle-wrap\">\n<div class=\"wpb_text_column wpb_content_element\">\n<div class=\"wpb_wrapper\">\n<p>Vous pouvez payer avec votre carte de d\u00e9bit ou de cr\u00e9dit.<\/p>\n<\/p>\n<\/div>\n<\/div>\n<\/div>\n<\/div>\n<\/div>\n<\/div>\n<\/div>\n<\/div>\n<\/div>\n<\/div>\n<\/div>\n<div id=\"fws_65b17930ba14e\" data-column-margin=\"default\" data-midnight=\"dark\" class=\"wpb_row vc_row-fluid vc_row standard_section\" style=\"padding-top: 0px;padding-bottom: 0px\">\n<div class=\"row-bg-wrap\" data-bg-animation=\"none\" data-bg-overlay=\"false\">\n<div class=\"inner-wrap\">\n<div class=\"row-bg\"><\/div>\n<\/div>\n<div class=\"row-bg-overlay\"><\/div>\n<\/div>\n<div class=\"row_col_wrap_12 col span_12 dark left\">\n<div class=\"vc_col-sm-12 wpb_column column_container vc_column_container col no-extra-padding inherit_tablet inherit_phone\" data-t-w-inherits=\"default\" data-bg-cover=\"\" data-padding-pos=\"all\" data-has-bg-color=\"false\" data-bg-color=\"\" data-bg-opacity=\"1\" data-hover-bg=\"\" data-hover-bg-opacity=\"1\" data-animation=\"\" data-delay=\"0\">\n<div class=\"vc_column-inner\">\n<div class=\"column-bg-overlay-wrap\" data-bg-animation=\"none\">\n<div class=\"column-bg-overlay\"><\/div>\n<\/div>\n<div class=\"wpb_wrapper\">\n<div class=\"img-with-aniamtion-wrap\" data-max-width=\"100%\" data-max-width-mobile=\"default\" data-border-radius=\"none\" data-shadow=\"none\" data-animation=\"fade-in\">\n<div class=\"inner\">\n<div class=\"hover-wrap\" data-hover-animation=\"none\">\n<div class=\"hover-wrap-inner\">\n            <img decoding=\"async\" class=\"img-with-animation skip-lazy\" data-delay=\"0\" height=\"100\" width=\"100\" data-animation=\"fade-in\" src=\"\" alt=\"\" \/>\n          <\/div>\n<\/div>\n<\/div>\n<\/div>\n<\/div>\n<\/div>\n<\/div>\n<\/div>\n<\/div>","protected":false},"excerpt":{"rendered":"<p>Improve Your Social Media Presence With Social Media Marketing Services &nbsp; Are you looking for an effective way to grow your business\u2019 brand awareness, number of new customers, and website&#8230;<\/p>","protected":false},"featured_media":5043,"comment_status":"closed","ping_status":"closed","template":"","meta":[],"product_brand":[],"product_cat":[15],"product_tag":[],"class_list":{"0":"post-6395","1":"product","2":"type-product","3":"status-publish","4":"has-post-thumbnail","6":"product_cat-smma","8":"first","9":"instock","10":"shipping-taxable","11":"purchasable","12":"product-type-simple"},"_links":{"self":[{"href":"https:\/\/www.picturava.shop\/fr\/wp-json\/wp\/v2\/product\/6395","targetHints":{"allow":["GET"]}}],"collection":[{"href":"https:\/\/www.picturava.shop\/fr\/wp-json\/wp\/v2\/product"}],"about":[{"href":"https:\/\/www.picturava.shop\/fr\/wp-json\/wp\/v2\/types\/product"}],"replies":[{"embeddable":true,"href":"https:\/\/www.picturava.shop\/fr\/wp-json\/wp\/v2\/comments?post=6395"}],"wp:featuredmedia":[{"embeddable":true,"href":"https:\/\/www.picturava.shop\/fr\/wp-json\/wp\/v2\/media\/5043"}],"wp:attachment":[{"href":"https:\/\/www.picturava.shop\/fr\/wp-json\/wp\/v2\/media?parent=6395"}],"wp:term":[{"taxonomy":"product_brand","embeddable":true,"href":"https:\/\/www.picturava.shop\/fr\/wp-json\/wp\/v2\/product_brand?post=6395"},{"taxonomy":"product_cat","embeddable":true,"href":"https:\/\/www.picturava.shop\/fr\/wp-json\/wp\/v2\/product_cat?post=6395"},{"taxonomy":"product_tag","embeddable":true,"href":"https:\/\/www.picturava.shop\/fr\/wp-json\/wp\/v2\/product_tag?post=6395"}],"curies":[{"name":"wp","href":"https:\/\/api.w.org\/{rel}","templated":true}]}}