{"id":4361,"date":"2020-12-25T11:13:57","date_gmt":"2020-12-25T11:13:57","guid":{"rendered":"https:\/\/www.endledtvs.com\/?page_id=4361"},"modified":"2026-02-16T22:21:43","modified_gmt":"2026-02-16T22:21:43","slug":"refund-policy-smma","status":"publish","type":"page","link":"https:\/\/www.picturava.shop\/pl\/refund-policy-smma\/","title":{"rendered":"Polityka zwrot\u00f3w"},"content":{"rendered":"<p>ENDLED LTD oferuje skromn\u0105 i \u0142atw\u0105 do zrozumienia polityk\u0119 zwrot\u00f3w. Poni\u017csze informacje s\u0105 podzielone na trzy sekcje - Jednorazowe zg\u0142oszenie, Miesi\u0119czna us\u0142uga SEO, Zg\u0142oszenia bezzwrotne.<\/p>\n\n\n\n<p><strong>JEDNORAZOWE ZG\u0141OSZENIE:<\/strong><\/p>\n\n\n\n<p>W przypadku niezadowolenia z naszych produkt\u00f3w i us\u0142ug dokonamy pe\u0142nego\/cz\u0119\u015bciowego zwrotu pieni\u0119dzy za niekt\u00f3re produkty podlegaj\u0105ce zwrotowi. Zanim jednak za\u017c\u0105dasz zwrotu pieni\u0119dzy, upewnij si\u0119, \u017ce wykona\u0142e\u015b nast\u0119puj\u0105ce czynno\u015bci:<\/p>\n\n\n\n<ul class=\"wp-block-list\">\n<li>Skontaktowa\u0142e\u015b si\u0119 z naszym dzia\u0142em pomocy technicznej, aby uzyska\u0107 pomoc w rozwi\u0105zaniu swoich problem\u00f3w \/ znale\u017a\u0107 rozwi\u0105zanie swojego niezadowolenia.<\/li>\n\n\n\n<li>Z\u0142o\u017cono wniosek o zwrot pieni\u0119dzy w ci\u0105gu 14 dni od otrzymania pierwszego raportu Link Report.<\/li>\n\n\n\n<li>Podanie wa\u017cnego powodu \u017c\u0105dania zwrotu pieni\u0119dzy i niezadowolenia.<\/li>\n\n\n\n<li>Dostarczy\u0142 wa\u017cny raport dotycz\u0105cy nieautoryzowanego lub nieuczciwego obci\u0105\u017cenia (je\u015bli dotyczy).<\/li>\n<\/ul>\n\n\n\n<p>Nale\u017cy zauwa\u017cy\u0107, \u017ce po zakupie produkt\u00f3w i us\u0142ug ENDLED LTD u\u017cytkownik otrzymuje powiadomienie z szacunkow\u0105 dat\u0105 dostawy (dni robocze) Raportu Link\u00f3w. Powy\u017csza data powinna by\u0107 traktowana jedynie jako szacunkowa; Raport Link mo\u017ce zosta\u0107 op\u00f3\u017aniony z powodu awarii technicznych, du\u017cej ilo\u015bci pracy lub innych nieprzewidzianych czynnik\u00f3w poza kontrol\u0105.<\/p>\n\n\n\n<p>Po przes\u0142aniu zg\u0142oszenia zwrotu pieni\u0119dzy na adres support@picturava.shop nale\u017cy uzbroi\u0107 si\u0119 w cierpliwo\u015b\u0107, poniewa\u017c czas reakcji dzia\u0142u obs\u0142ugi klienta mo\u017ce wynosi\u0107 od 24 do 72 godzin. W tym czasie obs\u0142uga klienta skontaktuje si\u0119 z Tob\u0105, aby poinformowa\u0107, \u017ce zwrot zosta\u0142 zainicjowany lub zadzwoni, aby zebra\u0107 wi\u0119cej informacji na temat zg\u0142oszenia zwrotu, je\u015bli uzna to za konieczne.<\/p>\n\n\n\n<p><strong>MIESI\u0118CZNA US\u0141UGA SEO:<\/strong><\/p>\n\n\n\n<p><strong>Anulowanie\u00a0<\/strong>-Miesi\u0119czn\u0105 us\u0142ug\u0119 ENDLED LTD mo\u017cna anulowa\u0107 w dowolnym momencie, kontaktuj\u0105c si\u0119 z dzia\u0142em obs\u0142ugi klienta i informuj\u0105c go o tym fakcie.<\/p>\n\n\n\n<p>Po przes\u0142aniu zg\u0142oszenia anulowania subskrypcji na adres support@picturava.shop nale\u017cy uzbroi\u0107 si\u0119 w cierpliwo\u015b\u0107, poniewa\u017c czas reakcji dzia\u0142u obs\u0142ugi klienta mo\u017ce wynosi\u0107 od 24 do 48 godzin. W tym czasie obs\u0142uga klienta skontaktuje si\u0119 z Tob\u0105 w celu poinformowania o pomy\u015blnym anulowaniu lub zadzwoni, aby zebra\u0107 wi\u0119cej informacji na temat zg\u0142oszenia anulowania, je\u015bli uzna to za konieczne.<\/p>\n\n\n\n<p><strong>Zwrot koszt\u00f3w\u00a0<\/strong>- Je\u015bli b\u0119dziesz niezadowolony z miesi\u0119cznej kampanii SEO ENDLED LTD, zwr\u00f3cimy ci pe\u0142n\u0105 lub cz\u0119\u015bciow\u0105 kwot\u0119 ostatniej naliczonej op\u0142aty miesi\u0119cznej, pod warunkiem, \u017ce j\u0105 posiadasz:<\/p>\n\n\n\n<ul class=\"wp-block-list\">\n<li>Skontaktowa\u0142e\u015b si\u0119 z naszym dzia\u0142em obs\u0142ugi klienta, aby uzyska\u0107 pomoc w rozwi\u0105zaniu swoich problem\u00f3w \/ znale\u017a\u0107 rozwi\u0105zanie dla swojego niezadowolenia.<\/li>\n\n\n\n<li>Z\u0142o\u017cono wniosek o zwrot pieni\u0119dzy w ci\u0105gu 14 dni od otrzymania pierwszego raportu Link Report.<\/li>\n\n\n\n<li>Podanie wa\u017cnego powodu \u017c\u0105dania zwrotu pieni\u0119dzy i niezadowolenia.<\/li>\n\n\n\n<li>Dostarczy\u0142 wa\u017cny raport dotycz\u0105cy nieautoryzowanego lub nieuczciwego obci\u0105\u017cenia (je\u015bli dotyczy).<\/li>\n<\/ul>\n\n\n\n<p><strong>UWAGA:&nbsp;<\/strong>\u017b\u0105danie zwrotu koszt\u00f3w miesi\u0119cznej us\u0142ugi SEO zostanie zainicjowane tylko w odniesieniu do otwartego projektu w bie\u017c\u0105cym miesi\u0105cu; zwrot koszt\u00f3w za poprzedni miesi\u0105c nie zostanie ukarany, chyba \u017ce wniosek o zwrot koszt\u00f3w zosta\u0142 z\u0142o\u017cony w ci\u0105gu 14 dni wcze\u015bniej.<\/p>\n\n\n\n<p><strong>BEZZWROTNE WPISY \/ WYJ\u0104TKI:<\/strong><\/p>\n\n\n\n<p>picturava.shop (znany r\u00f3wnie\u017c jako ENDLED LTD) mo\u017ce, ale nie jest zobowi\u0105zany do honorowania wniosk\u00f3w o zwrot pieni\u0119dzy z nast\u0119puj\u0105cych powod\u00f3w:<\/p>\n\n\n\n<p><strong>NIEDOSTARCZENIE PRODUKTU&nbsp;<\/strong>- Z przyczyn technicznych zwi\u0105zanych z us\u0142ug\u0105 poczty e-mail lub us\u0142ugami przesy\u0142ania danych stron trzecich nie otrzyma\u0142e\u015b wiadomo\u015bci e-mail z dostaw\u0105 od picturava.shop, a roszczenie o zwrot pieni\u0119dzy nie mo\u017ce zosta\u0107 z\u0142o\u017cone bez odpowiedniego dowodu, \u017ce nie otrzyma\u0142e\u015b produktu ko\u0144cowego. W takim przypadku prosimy o kontakt z dzia\u0142em obs\u0142ugi klienta w celu odzyskania produktu ko\u0144cowego wraz z nast\u0119puj\u0105cymi dowodami:<\/p>\n\n\n\n<ul class=\"wp-block-list\">\n<li>Identyfikator transakcji p\u0142atniczej<\/li>\n\n\n\n<li>Numer zam\u00f3wienia<\/li>\n\n\n\n<li>Raport potwierdzaj\u0105cy wys\u0142anie wiadomo\u015bci e-mail<\/li>\n<\/ul>\n\n\n\n<p><strong>PROBLEMY Z POBIERANIEM&nbsp;<\/strong>- Je\u015bli z przyczyn technicznych zwi\u0105zanych z dostawcami Internetu lub zewn\u0119trznymi dostawcami us\u0142ug danych nie mo\u017cesz pobra\u0107 ko\u0144cowego raportu projektu lub przyk\u0142adowych danych, nie mo\u017cesz z\u0142o\u017cy\u0107 wniosku o zwrot pieni\u0119dzy. picturava.shop zaleca skontaktowanie si\u0119 z obs\u0142ug\u0105 klienta, aby mogli oni poprowadzi\u0107 Ci\u0119 przez mo\u017cliwe rozwi\u0105zania umo\u017cliwiaj\u0105ce pobranie ko\u0144cowego raportu projektu. Tego typu problemy s\u0105 zazwyczaj po stronie klienta, wi\u0119c zwrot pieni\u0119dzy nie ma zastosowania.<\/p>\n\n\n\n<p><strong>NIEUSUWALNE WADY RAPORT\u00d3W I DANYCH&nbsp;<\/strong>- Produkty i us\u0142ugi s\u0105 dok\u0142adnie sprawdzane przez picturava.shop przed ostatecznym wydaniem, jednak od czasu do czasu mog\u0105 wyst\u0105pi\u0107 nieoczekiwane b\u0142\u0119dy. W przypadku wyst\u0105pienia takich b\u0142\u0119d\u00f3w, prosimy o przes\u0142anie zg\u0142oszenia do pomocy technicznej. Sytuacja zostanie przeanalizowana i je\u015bli zostanie uznana za odpowiedni\u0105 przez picturava.shop, zostanie uruchomiona polityka zwrotu pieni\u0119dzy.<\/p>\n\n\n\n<p><strong>PRODUKT NIEZGODNY Z OPISEM&nbsp;<\/strong>- \u017b\u0105dania z poni\u017cszej kategorii s\u0105 rozpatrywane indywidualnie i podlegaj\u0105 zatwierdzeniu przez picturava.shop. Aby unikn\u0105\u0107 takich roszcze\u0144, picturava.shop prosi klient\u00f3w o sprawdzenie bezp\u0142atnych pr\u00f3bek (przegl\u0105d\u00f3w wideo, link\u00f3w demonstracyjnych, zrzut\u00f3w ekranu, pr\u00f3bek produkt\u00f3w itp.) poszczeg\u00f3lnych produkt\u00f3w \/ us\u0142ug przed dokonaniem ostatecznej transakcji.<\/p>\n\n\n\n<p><strong>Dodatkowe przedmioty\/us\u0142ugi niepodlegaj\u0105ce zwrotowi:<\/strong><\/p>\n\n\n\n<ol class=\"wp-block-list\">\n<li>Wszelkiego rodzaju kampanie SEO poza stron\u0105 \/ budowanie link\u00f3w \/ pakiety Disavow \/ pakiet SEO dla przedsi\u0119biorstw, us\u0142ugi zwi\u0105zane z umieszczaniem link\u00f3w.<\/li>\n\n\n\n<li>Tre\u015bci cyfrowe, takie jak artyku\u0142y, tre\u015bci na blogach, informacje prasowe, tre\u015bci copywritingowe.<\/li>\n\n\n\n<li>Us\u0142ugi cyfrowe marketingu przychodz\u0105cego, takie jak eBooki, dokumenty, infografiki wizualne, wideo i inne tre\u015bci informacyjne.<\/li>\n\n\n\n<li>Rejestracja domeny i powi\u0105zane wydatki, takie jak ochrona WHOIS, prywatne serwery nazw, dedykowany koszt IP.<\/li>\n\n\n\n<li>Koszty plan\u00f3w strategicznych Ecommerce i e-Marketing na podstawie projektu, media spo\u0142eczno\u015bciowe, wydatki na zarz\u0105dzanie reputacj\u0105 online.<\/li>\n\n\n\n<li>Op\u0142ata za konfiguracj\u0119 kampanii Pay-Per-Click (PPC), op\u0142ata za zarz\u0105dzanie, wykorzystane kody Adwords, ponowne kierowanie i wydatki na kampanie promocyjne eMarketing.<\/li>\n\n\n\n<li>Us\u0142ugi zarz\u0105dzania reputacj\u0105 online, PR, rozpowszechniania wiadomo\u015bci i dystrybucji tre\u015bci.<\/li>\n<\/ol>\n\n\n\n<p><strong>UWAGA:&nbsp;<\/strong><em>Prosimy o uwa\u017cne zapoznanie si\u0119 z niniejszymi Zasadami zwrotu koszt\u00f3w przed nabyciem naszych us\u0142ug lub skorzystaniem z naszej strony internetowej lub jakiegokolwiek rynku stron trzecich, powi\u0105zanego z nasz\u0105 nazw\u0105 biznesow\u0105. Ze wzgl\u0119du na pewno\u015b\u0107 siebie i zaufanie, jakie mamy do naszego stylu pracy, oferujemy pe\u0142n\u0105 gwarancj\u0119 zwrotu pieni\u0119dzy. Niniejsza polityka zwrot\u00f3w dotyczy wy\u0142\u0105cznie klient\u00f3w, kt\u00f3rzy nabyli nasze produkty \/ us\u0142ugi przy u\u017cyciu oryginalnych danych rozliczeniowych, danych kontaktowych i szczeg\u00f3\u0142\u00f3w projektu.<\/em><\/p>\n\n\n\n<p><em>W przypadku niezadowolenia z naszych us\u0142ug prosimy o kontakt pod adresem support@picturava.shop w celu uzyskania pomocy. Postaramy si\u0119 ustali\u0107 i ograniczy\u0107 powody niezadowolenia oraz zwr\u00f3cimy podstawowe op\u0142aty za optymalizacj\u0119 poza stron\u0105.<\/em><\/p>\n\n\n\n<p><em>Wszystkie zwroty zostan\u0105 wys\u0142ane za po\u015brednictwem tego samego sposobu p\u0142atno\u015bci, kt\u00f3ry zosta\u0142 u\u017cyty przez klienta. Nale\u017cy zauwa\u017cy\u0107, \u017ce gwarancja zwrotu pieni\u0119dzy nigdy nie jest oferowana w przypadku pracy poza stron\u0105 (projekty budowania link\u00f3w, promocja w mediach spo\u0142eczno\u015bciowych, marketing przychodz\u0105cy i tworzenie tre\u015bci oraz kampanie PPC).<\/em><\/p>\n\n\n\n<p><strong>Odst\u0105pienie od umowy<\/strong><\/p>\n\n\n\n<p>Je\u015bli subskrybujesz produkty i us\u0142ugi ENDLED LTD, umowa dobiegnie ko\u0144ca, gdy wszystko okre\u015blone w umowie zostanie spe\u0142nione. Umowa mo\u017ce r\u00f3wnie\u017c zako\u0144czy\u0107 si\u0119 przedwcze\u015bnie, je\u015bli dojdzie do jej naruszenia i kt\u00f3rakolwiek ze stron zdecyduje si\u0119 j\u0105 anulowa\u0107. Umowa mo\u017ce r\u00f3wnie\u017c wygasn\u0105\u0107 za obop\u00f3ln\u0105 zgod\u0105 obu stron lub gdy wykonanie zobowi\u0105za\u0144 okre\u015blonych w umowie stanie si\u0119 trudne z powodu katastrof spowodowanych przez cz\u0142owieka (wojna, zamieszki, akty terroryzmu itp.) lub kl\u0119sk \u017cywio\u0142owych (takich jak huragan, trz\u0119sienie ziemi, pow\u00f3d\u017a itp.). Anulowanie umowy nie b\u0119dzie jednak mia\u0142o wp\u0142ywu ani nie naruszy praw nabytych przez inne zainteresowane strony w zwi\u0105zku z anulowaniem lub utrzymaniem kt\u00f3regokolwiek z postanowie\u0144 wyra\u017anie wymienionych w celu przetrwania lub dorozumianego przetrwania anulowania.  Ka\u017cda umowa mo\u017ce zosta\u0107 anulowana z zachowaniem 30-dniowego okresu wypowiedzenia po up\u0142ywie pierwszych 30 dni obowi\u0105zywania umowy.<\/p>\n\n\n\n<p>Anulowania mo\u017cna dokona\u0107, kontaktuj\u0105c si\u0119 z support@picturava.shop. Po anulowaniu konto zostanie trwale usuni\u0119te. ENDLED LTD nie jest prawnie zobowi\u0105zana do obs\u0142ugi wszystkich; mo\u017ce zdecydowa\u0107 si\u0119 na obs\u0142ug\u0119 klienta wed\u0142ug w\u0142asnego uznania.<\/p>","protected":false},"excerpt":{"rendered":"<p>ENDLED LTD offers a modest and easy to comprehend refund policy. The information hereafter is split into three sections \u2013 One Time Submission, Monthly SEO Service, Non-Refundable Entries ONE TIME&#8230;<\/p>","protected":false},"author":1,"featured_media":0,"parent":0,"menu_order":0,"comment_status":"closed","ping_status":"closed","template":"","meta":{"footnotes":""},"class_list":["post-4361","page","type-page","status-publish"],"_links":{"self":[{"href":"https:\/\/www.picturava.shop\/pl\/wp-json\/wp\/v2\/pages\/4361","targetHints":{"allow":["GET"]}}],"collection":[{"href":"https:\/\/www.picturava.shop\/pl\/wp-json\/wp\/v2\/pages"}],"about":[{"href":"https:\/\/www.picturava.shop\/pl\/wp-json\/wp\/v2\/types\/page"}],"author":[{"embeddable":true,"href":"https:\/\/www.picturava.shop\/pl\/wp-json\/wp\/v2\/users\/1"}],"replies":[{"embeddable":true,"href":"https:\/\/www.picturava.shop\/pl\/wp-json\/wp\/v2\/comments?post=4361"}],"version-history":[{"count":9,"href":"https:\/\/www.picturava.shop\/pl\/wp-json\/wp\/v2\/pages\/4361\/revisions"}],"predecessor-version":[{"id":7724,"href":"https:\/\/www.picturava.shop\/pl\/wp-json\/wp\/v2\/pages\/4361\/revisions\/7724"}],"wp:attachment":[{"href":"https:\/\/www.picturava.shop\/pl\/wp-json\/wp\/v2\/media?parent=4361"}],"curies":[{"name":"wp","href":"https:\/\/api.w.org\/{rel}","templated":true}]}}