{"id":6417,"date":"2023-12-22T05:02:48","date_gmt":"2023-12-22T05:02:48","guid":{"rendered":"https:\/\/www.pictureify.shop\/?post_type=product&#038;p=6417"},"modified":"2024-01-24T20:56:22","modified_gmt":"2024-01-24T20:56:22","slug":"12-month-supports","status":"publish","type":"product","link":"https:\/\/www.picturava.shop\/pl\/produkt\/12-month-supports\/","title":{"rendered":"TWORZENIE STRON INTERNETOWYCH"},"content":{"rendered":"<div id=\"fws_65b179308540a\" data-column-margin=\"default\" data-midnight=\"light\" data-top-percent=\"10%\" data-bottom-percent=\"10%\" class=\"wpb_row vc_row-fluid vc_row full-width-section  vc_row-o-equal-height vc_row-flex  vc_row-o-content-top parallax_section\" style=\"padding-top: calc(100vw * 0.10);padding-bottom: calc(100vw * 0.10)\">\n<div class=\"row-bg-wrap\" data-bg-animation=\"none\" data-bg-overlay=\"true\">\n<div class=\"inner-wrap using-image\">\n<div class=\"row-bg using-image using-bg-color\" data-parallax-speed=\"fast\" style=\"background-image: url(https:\/\/source.unsplash.com\/collection\/190727\/daily);background-position: center center;background-color: #1e1e1e\"><\/div>\n<\/div>\n<div class=\"row-bg-overlay\" style=\"background: #0069ff;background: linear-gradient(45deg,#0069ff 0%,#ff3a6f 100%)\"><\/div>\n<\/div>\n<div class=\"row_col_wrap_12 col span_12 light left\">\n<div class=\"vc_col-sm-6 wpb_column column_container vc_column_container col has-animation no-extra-padding inherit_tablet inherit_phone\" data-t-w-inherits=\"default\" data-bg-cover=\"\" data-padding-pos=\"all\" data-has-bg-color=\"false\" data-bg-color=\"\" data-bg-opacity=\"1\" data-hover-bg=\"\" data-hover-bg-opacity=\"1\" data-animation=\"fade-in-from-bottom\" data-delay=\"0\">\n<div class=\"vc_column-inner\">\n<div class=\"column-bg-overlay-wrap\" data-bg-animation=\"none\">\n<div class=\"column-bg-overlay\"><\/div>\n<\/div>\n<div class=\"wpb_wrapper\">\n<h2 style=\"font-size: 88px;line-height: 97px;text-align: left;font-family:Roboto;font-weight:700;font-style:normal\" class=\"vc_custom_heading\">Oferujemy niesamowite us\u0142ugi<\/h2>\n<\/p>\n<\/div>\n<\/div>\n<\/div>\n<div class=\"vc_col-sm-6 wpb_column column_container vc_column_container col no-extra-padding inherit_tablet inherit_phone\" data-t-w-inherits=\"default\" data-bg-cover=\"\" data-padding-pos=\"all\" data-has-bg-color=\"false\" data-bg-color=\"\" data-bg-opacity=\"1\" data-hover-bg=\"\" data-hover-bg-opacity=\"1\" data-animation=\"\" data-delay=\"0\">\n<div class=\"vc_column-inner\">\n<div class=\"column-bg-overlay-wrap\" data-bg-animation=\"none\">\n<div class=\"column-bg-overlay\"><\/div>\n<\/div>\n<div class=\"wpb_wrapper\">\n<div id=\"fws_65b1793085ede\" data-midnight=\"\" data-column-margin=\"default\" class=\"wpb_row vc_row-fluid vc_row inner_row standard_section\" style=\"padding-top: 0px;padding-bottom: 0px\">\n<div class=\"row-bg-wrap\">\n<div class=\"row-bg\"><\/div>\n<\/div>\n<div class=\"row_col_wrap_12_inner col span_12  left\">\n<div class=\"vc_col-sm-6 wpb_column column_container vc_column_container col child_column has-animation no-extra-padding inherit_tablet inherit_phone\" data-t-w-inherits=\"default\" data-bg-cover=\"\" data-padding-pos=\"all\" data-has-bg-color=\"false\" data-bg-color=\"\" data-bg-opacity=\"1\" data-hover-bg=\"\" data-hover-bg-opacity=\"1\" data-animation=\"fade-in\" data-delay=\"0\">\n<div class=\"vc_column-inner\">\n<div class=\"column-bg-overlay-wrap\" data-bg-animation=\"none\">\n<div class=\"column-bg-overlay\"><\/div>\n<\/div>\n<div class=\"wpb_wrapper\">\n<div class=\"nectar_icon_wrap\" data-style=\"default\" data-draw=\"\" data-border-thickness=\"2px\" data-padding=\"0px\" data-color=\"white\" style=\"margin-top: 20px\">\n<div class=\"nectar_icon\"><i style=\"font-size: 50px;line-height: 50px;height: 50px;width: 50px\" class=\"iconsmind-Diamond\"><\/i><\/div>\n<\/div>\n<div class=\"wpb_text_column wpb_content_element  wpb_animate_when_almost_visible wpb_fadeInUp fadeInUp vc_custom_1627332613043\">\n<div class=\"wpb_wrapper\">\n<h4>REKLAMA PAY-PER-CLICK (PPC)<\/h4>\n<\/p>\n<\/div>\n<\/div>\n<p style=\"text-align: left\" class=\"vc_custom_heading wpb_animate_when_almost_visible wpb_fadeInUp fadeInUp vc_custom_1627332583674\">Reklamy PPC to p\u0142atne reklamy, kt\u00f3re pojawiaj\u0105 si\u0119 na g\u00f3rze wynik\u00f3w wyszukiwania.<\/p>\n<div class=\"nectar_icon_wrap\" data-style=\"default\" data-draw=\"\" data-border-thickness=\"2px\" data-padding=\"0px\" data-color=\"white\" style=\"margin-top: 30px\">\n<div class=\"nectar_icon\"><i style=\"font-size: 50px;line-height: 50px;height: 50px;width: 50px\" class=\"iconsmind-Helicopter\"><\/i><\/div>\n<\/div>\n<div class=\"wpb_text_column wpb_content_element  wpb_animate_when_almost_visible wpb_fadeInUp fadeInUp vc_custom_1627332757436\">\n<div class=\"wpb_wrapper\">\n<h4>5-DNIOWA GWARANCJA ZWROTU PIENI\u0118DZY<\/h4>\n<\/p>\n<\/div>\n<\/div>\n<p style=\"text-align: left\" class=\"vc_custom_heading wpb_animate_when_almost_visible wpb_fadeInUp fadeInUp vc_custom_1627332730461\">Je\u015bli uznasz, \u017ce nasze us\u0142ugi nie s\u0105 dla Ciebie odpowiednie, zwr\u00f3cimy Ci pe\u0142n\u0105 kwot\u0119.<\/p>\n<\/p>\n<\/div>\n<\/div>\n<\/div>\n<div class=\"vc_col-sm-6 wpb_column column_container vc_column_container col child_column has-animation no-extra-padding inherit_tablet inherit_phone\" data-t-w-inherits=\"default\" data-bg-cover=\"\" data-padding-pos=\"all\" data-has-bg-color=\"false\" data-bg-color=\"\" data-bg-opacity=\"1\" data-hover-bg=\"\" data-hover-bg-opacity=\"1\" data-animation=\"fade-in\" data-delay=\"0\">\n<div class=\"vc_column-inner\">\n<div class=\"column-bg-overlay-wrap\" data-bg-animation=\"none\">\n<div class=\"column-bg-overlay\"><\/div>\n<\/div>\n<div class=\"wpb_wrapper\">\n<div class=\"nectar_icon_wrap\" data-style=\"default\" data-draw=\"\" data-border-thickness=\"2px\" data-padding=\"0px\" data-color=\"white\" style=\"margin-top: 20px\">\n<div class=\"nectar_icon\"><i style=\"font-size: 50px;line-height: 50px;height: 50px;width: 50px\" class=\"iconsmind-Gear-2\"><\/i><\/div>\n<\/div>\n<div class=\"wpb_text_column wpb_content_element  wpb_animate_when_almost_visible wpb_fadeInUp fadeInUp vc_custom_1627332664119\">\n<div class=\"wpb_wrapper\">\n<h4>OPTYMALIZACJA POD K\u0104TEM WYSZUKIWAREK (SEO)<\/h4>\n<\/p>\n<\/div>\n<\/div>\n<p style=\"text-align: left\" class=\"vc_custom_heading wpb_animate_when_almost_visible wpb_fadeInUp fadeInUp vc_custom_1627332637890\">SEO to proces zwi\u0119kszania pozycji witryny w wynikach wyszukiwania.<\/p>\n<div class=\"nectar_icon_wrap\" data-style=\"default\" data-draw=\"\" data-border-thickness=\"2px\" data-padding=\"0px\" data-color=\"white\" style=\"margin-top: 30px\">\n<div class=\"nectar_icon\"><i style=\"font-size: 50px;line-height: 50px;height: 50px;width: 50px\" class=\"iconsmind-Life-Jacket\"><\/i><\/div>\n<\/div>\n<div class=\"wpb_text_column wpb_content_element  wpb_animate_when_almost_visible wpb_fadeInUp fadeInUp vc_custom_1627332709205\">\n<div class=\"wpb_wrapper\">\n<h4>BEZPIECZNE P\u0141ATNO\u015aCI<\/h4>\n<\/p>\n<\/div>\n<\/div>\n<p style=\"text-align: left\" class=\"vc_custom_heading wpb_animate_when_almost_visible wpb_fadeInUp fadeInUp vc_custom_1627332686445\">Bezpieczne p\u0142atno\u015bci - nie s\u0105 wymagane skomplikowane procesy rozliczeniowe.<\/p>\n<\/p>\n<\/div>\n<\/div>\n<\/div>\n<\/div>\n<\/div>\n<\/div>\n<\/div>\n<\/div>\n<\/div>\n<\/div>\n<div id=\"fws_65b1793087a1c\" data-column-margin=\"default\" data-midnight=\"light\" data-top-percent=\"10%\" data-bottom-percent=\"10%\" class=\"wpb_row vc_row-fluid vc_row full-width-section standard_section\" style=\"padding-top: calc(100vw * 0.10);padding-bottom: calc(100vw * 0.10)\">\n<div class=\"row-bg-wrap\" data-bg-animation=\"none\" data-bg-overlay=\"true\">\n<div class=\"inner-wrap using-image\">\n<div class=\"row-bg using-image\" style=\"background-image: url(https:\/\/source.unsplash.com\/collection\/217569\/daily);background-position: center center\"><\/div>\n<\/div>\n<div class=\"row-bg-overlay\" style=\"background-color:#2b4bff\"><\/div>\n<\/div>\n<div class=\"row_col_wrap_12 col span_12 light left\">\n<div class=\"vc_col-sm-12 wpb_column column_container vc_column_container col no-extra-padding inherit_tablet inherit_phone\" data-t-w-inherits=\"default\" data-bg-cover=\"\" data-padding-pos=\"all\" data-has-bg-color=\"false\" data-bg-color=\"\" data-bg-opacity=\"1\" data-hover-bg=\"\" data-hover-bg-opacity=\"1\" data-animation=\"\" data-delay=\"0\">\n<div class=\"vc_column-inner\">\n<div class=\"column-bg-overlay-wrap\" data-bg-animation=\"none\">\n<div class=\"column-bg-overlay\"><\/div>\n<\/div>\n<div class=\"wpb_wrapper\">\n<div id=\"fws_65b1793087ffe\" data-midnight=\"\" data-column-margin=\"default\" class=\"wpb_row vc_row-fluid vc_row inner_row standard_section\" style=\"padding-top: 0px;padding-bottom: 0px\">\n<div class=\"row-bg-wrap\">\n<div class=\"row-bg\"><\/div>\n<\/div>\n<div class=\"row_col_wrap_12_inner col span_12  left\">\n<div class=\"vc_col-sm-12 wpb_column column_container vc_column_container col child_column centered-text has-animation no-extra-padding inherit_tablet inherit_phone\" data-t-w-inherits=\"default\" data-bg-cover=\"\" data-padding-pos=\"all\" data-has-bg-color=\"false\" data-bg-color=\"\" data-bg-opacity=\"1\" data-hover-bg=\"\" data-hover-bg-opacity=\"1\" data-animation=\"fade-in-from-bottom\" data-delay=\"0\">\n<div class=\"vc_column-inner\">\n<div class=\"column-bg-overlay-wrap\" data-bg-animation=\"none\">\n<div class=\"column-bg-overlay\"><\/div>\n<\/div>\n<div class=\"wpb_wrapper\">\n<div class=\"wpb_text_column wpb_content_element  wpb_animate_when_almost_visible wpb_fadeIn fadeIn\">\n<div class=\"wpb_wrapper\">\n<h4>See To Believe<\/h4>\n<\/p>\n<\/div>\n<\/div>\n<h2 style=\"font-size: 48px;text-align: center\" class=\"vc_custom_heading\">Posiadamy wszystkie funkcje<\/h2>\n<\/p>\n<\/div>\n<\/div>\n<\/div>\n<\/div>\n<\/div>\n<div id=\"fws_65b17930888a0\" data-midnight=\"\" data-column-margin=\"default\" class=\"wpb_row vc_row-fluid vc_row inner_row standard_section\" style=\"padding-top: 20px;padding-bottom: 0px\">\n<div class=\"row-bg-wrap\">\n<div class=\"row-bg\"><\/div>\n<\/div>\n<div class=\"row_col_wrap_12_inner col span_12  left\">\n<div class=\"vc_col-sm-4 wpb_column column_container vc_column_container col child_column centered-text has-animation padding-3-percent inherit_tablet inherit_phone\" data-t-w-inherits=\"default\" data-bg-cover=\"\" data-padding-pos=\"all\" data-has-bg-color=\"false\" data-bg-color=\"\" data-bg-opacity=\"1\" data-hover-bg=\"\" data-hover-bg-opacity=\"1\" data-animation=\"fade-in-from-bottom\" data-delay=\"0\">\n<div class=\"vc_column-inner\">\n<div class=\"column-bg-overlay-wrap\" data-bg-animation=\"none\">\n<div class=\"column-bg-overlay\"><\/div>\n<\/div>\n<div class=\"wpb_wrapper\">\n<div class=\"nectar_icon_wrap\" data-style=\"default\" data-draw=\"\" data-border-thickness=\"2px\" data-padding=\"20px\" data-color=\"white\">\n<div class=\"nectar_icon\"><i style=\"font-size: 50px;line-height: 50px;height: 50px;width: 50px\" class=\"iconsmind-Statistic\"><\/i><\/div>\n<\/div>\n<div class=\"wpb_text_column wpb_content_element  wpb_animate_when_almost_visible wpb_fadeInUp fadeInUp\">\n<div class=\"wpb_wrapper\">\n<h4>Tworzenie stron internetowych<\/h4>\n<\/p>\n<\/div>\n<\/div>\n<div class=\"wpb_text_column wpb_content_element  wpb_animate_when_almost_visible wpb_fadeInUp fadeInUp vc_custom_1627332890283\">\n<div class=\"wpb_wrapper\">\n<p>Szablony lub strony tworzone na zam\u00f3wienie<\/p>\n<\/p>\n<\/div>\n<\/div>\n<\/div>\n<\/div>\n<\/div>\n<div class=\"vc_col-sm-4 wpb_column column_container vc_column_container col child_column centered-text has-animation padding-3-percent inherit_tablet inherit_phone\" data-t-w-inherits=\"default\" data-bg-cover=\"\" data-padding-pos=\"all\" data-has-bg-color=\"false\" data-bg-color=\"\" data-bg-opacity=\"1\" data-hover-bg=\"\" data-hover-bg-opacity=\"1\" data-animation=\"fade-in-from-bottom\" data-delay=\"0\">\n<div class=\"vc_column-inner\">\n<div class=\"column-bg-overlay-wrap\" data-bg-animation=\"none\">\n<div class=\"column-bg-overlay\"><\/div>\n<\/div>\n<div class=\"wpb_wrapper\">\n<div class=\"nectar_icon_wrap\" data-style=\"default\" data-draw=\"\" data-border-thickness=\"2px\" data-padding=\"20px\" data-color=\"white\">\n<div class=\"nectar_icon\"><i style=\"font-size: 50px;line-height: 50px;height: 50px;width: 50px\" class=\"iconsmind-Pricing\"><\/i><\/div>\n<\/div>\n<div class=\"wpb_text_column wpb_content_element  wpb_animate_when_almost_visible wpb_fadeInUp fadeInUp\">\n<div class=\"wpb_wrapper\">\n<h4>Pe\u0142ny pakiet marketingowy<\/h4>\n<\/p>\n<\/div>\n<\/div>\n<div class=\"wpb_text_column wpb_content_element  wpb_animate_when_almost_visible wpb_fadeInUp fadeInUp vc_custom_1485216419423\">\n<div class=\"wpb_wrapper\">\n<p>Daleko st\u0105d, za s\u0142ownymi g\u00f3rami, z dala od kraj\u00f3w Vokalia i Consonantia, \u017cyj\u0105 niewidome teksty<\/p>\n<\/p>\n<\/div>\n<\/div>\n<\/div>\n<\/div>\n<\/div>\n<div class=\"vc_col-sm-4 wpb_column column_container vc_column_container col child_column centered-text has-animation padding-3-percent inherit_tablet inherit_phone\" data-t-w-inherits=\"default\" data-bg-cover=\"\" data-padding-pos=\"all\" data-has-bg-color=\"false\" data-bg-color=\"\" data-bg-opacity=\"1\" data-hover-bg=\"\" data-hover-bg-opacity=\"1\" data-animation=\"fade-in-from-bottom\" data-delay=\"0\">\n<div class=\"vc_column-inner\">\n<div class=\"column-bg-overlay-wrap\" data-bg-animation=\"none\">\n<div class=\"column-bg-overlay\"><\/div>\n<\/div>\n<div class=\"wpb_wrapper\">\n<div class=\"nectar_icon_wrap\" data-style=\"default\" data-draw=\"\" data-border-thickness=\"2px\" data-padding=\"20px\" data-color=\"white\">\n<div class=\"nectar_icon\"><i style=\"font-size: 50px;line-height: 50px;height: 50px;width: 50px\" class=\"iconsmind-Finger-DragFourSides\"><\/i><\/div>\n<\/div>\n<div class=\"wpb_text_column wpb_content_element  wpb_animate_when_almost_visible wpb_fadeInUp fadeInUp\">\n<div class=\"wpb_wrapper\">\n<h4>Optymalizacja pod k\u0105tem wyszukiwarek (SEO)<\/h4>\n<\/p>\n<\/div>\n<\/div>\n<div class=\"wpb_text_column wpb_content_element  wpb_animate_when_almost_visible wpb_fadeInUp fadeInUp vc_custom_1627333092042\">\n<div class=\"wpb_wrapper\">\n<p>Optymalizacja witryny internetowej<\/p>\n<\/p>\n<\/div>\n<\/div>\n<\/div>\n<\/div>\n<\/div>\n<\/div>\n<\/div>\n<\/div>\n<\/div>\n<\/div>\n<\/div>\n<\/div>\n<div id=\"fws_65b179308a676\" data-column-margin=\"default\" data-midnight=\"dark\" data-top-percent=\"7%\" data-bottom-percent=\"6%\" class=\"wpb_row vc_row-fluid vc_row full-width-content standard_section\" style=\"padding-top: calc(100vw * 0.07);padding-bottom: calc(100vw * 0.06)\">\n<div class=\"row-bg-wrap\" data-bg-animation=\"none\" data-bg-overlay=\"false\">\n<div class=\"inner-wrap\">\n<div class=\"row-bg using-bg-color\" style=\"background-color: #ffffff\"><\/div>\n<\/div>\n<div class=\"row-bg-overlay\"><\/div>\n<\/div>\n<div class=\"row_col_wrap_12 col span_12 dark left\">\n<div class=\"vc_col-sm-12 wpb_column column_container vc_column_container col no-extra-padding inherit_tablet inherit_phone\" data-t-w-inherits=\"default\" data-bg-cover=\"\" data-padding-pos=\"all\" data-has-bg-color=\"false\" data-bg-color=\"\" data-bg-opacity=\"1\" data-hover-bg=\"\" data-hover-bg-opacity=\"1\" data-animation=\"\" data-delay=\"0\">\n<div class=\"vc_column-inner\">\n<div class=\"column-bg-overlay-wrap\" data-bg-animation=\"none\">\n<div class=\"column-bg-overlay\"><\/div>\n<\/div>\n<div class=\"wpb_wrapper\">\n<div class=\"col span_12 testimonial_slider\" data-color=\"accent-color-dark\" data-rating-color=\"accent-color\" data-add-border=\"\" data-autorotate=\"\" data-style=\"multiple_visible\">\n<div class=\"slides\">\n<div class=\"flickity-viewport\">\n<div class=\"flickity-slider\">\n<blockquote>\n<div data-shadow=\"\" class=\"image-icon\">&#8220;<\/div>\n<p>\"Zesp\u00f3\u0142 PICTUREIFY jest wspania\u0142y. Stworzyli nasz\u0105 stron\u0119 internetow\u0105 i zarz\u0105dzaj\u0105 naszymi mediami spo\u0142eczno\u015bciowymi. Gor\u0105co ich polecam. Nasza strona internetowa ma lepsz\u0105 pozycj\u0119 ni\u017c kiedykolwiek, a liczba wy\u015bwietle\u0144 naszej strony na Facebooku wzros\u0142a. Nie skorzysta\u0142bym z us\u0142ug nikogo innego. \" <span class=\"bottom-arrow\"><\/span><\/p>\n<p><span class=\"testimonial-name\">Paul<\/span><span class=\"title\">CEO - OYLIAMO Designer<\/span><\/p>\n<\/blockquote>\n<\/div>\n<\/div>\n<\/div>\n<\/div>\n<\/div>\n<\/div>\n<\/div>\n<\/div>\n<\/div>\n<div id=\"fws_65b179308b084\" data-column-margin=\"default\" data-midnight=\"dark\" class=\"wpb_row vc_row-fluid vc_row full-width-section standard_section\" style=\"padding-top: 100px;padding-bottom: 100px\">\n<div class=\"row-bg-wrap\" data-bg-animation=\"none\" data-bg-overlay=\"false\">\n<div class=\"inner-wrap\">\n<div class=\"row-bg using-bg-color\" style=\"background-color: #f7f7f7\"><\/div>\n<\/div>\n<div class=\"row-bg-overlay\"><\/div>\n<\/div>\n<div class=\"row_col_wrap_12 col span_12 dark left\">\n<div class=\"vc_col-sm-12 wpb_column column_container vc_column_container col no-extra-padding inherit_tablet inherit_phone\" data-t-w-inherits=\"default\" data-bg-cover=\"\" data-padding-pos=\"all\" data-has-bg-color=\"false\" data-bg-color=\"\" data-bg-opacity=\"1\" data-hover-bg=\"\" data-hover-bg-opacity=\"1\" data-animation=\"\" data-delay=\"0\">\n<div class=\"vc_column-inner\">\n<div class=\"column-bg-overlay-wrap\" data-bg-animation=\"none\">\n<div class=\"column-bg-overlay\"><\/div>\n<\/div>\n<div class=\"wpb_wrapper\">\n<div class=\"wpb_text_column wpb_content_element\">\n<div class=\"wpb_wrapper\">\n<h2>FAQ<\/h2>\n<\/p>\n<\/div>\n<\/div>\n<div class=\"toggles\" data-style=\"minimal\">\n<div class=\"toggle default\" data-inner-wrap=\"true\">\n<h3><a href=\"#\"><i class=\"icon-plus-sign\"><\/i>Mieszkam w Wielkiej Brytanii lub Stanach Zjednoczonych, czy ten marketing cyfrowy zadzia\u0142a?<\/a><\/h3>\n<div>\n<div class=\"inner-toggle-wrap\">\n<div class=\"wpb_text_column wpb_content_element\">\n<div class=\"wpb_wrapper\">\n<p>Tak. Nasza us\u0142uga jest dost\u0119pna na ca\u0142ym \u015bwiecie dla ka\u017cdego.<\/p>\n<\/p>\n<\/div>\n<\/div>\n<\/div>\n<\/div>\n<\/div>\n<div class=\"toggle default\" data-inner-wrap=\"true\">\n<h3><a href=\"#\"><i class=\"icon-plus-sign\"><\/i>Jakie metody p\u0142atno\u015bci s\u0105 dost\u0119pne?<\/a><\/h3>\n<div>\n<div class=\"inner-toggle-wrap\">\n<div class=\"wpb_text_column wpb_content_element\">\n<div class=\"wpb_wrapper\">\n<p>Mo\u017cesz zap\u0142aci\u0107 za pomoc\u0105 karty debetowej lub kredytowej.<\/p>\n<\/p>\n<\/div>\n<\/div>\n<\/div>\n<\/div>\n<\/div>\n<\/div>\n<\/div>\n<\/div>\n<\/div>\n<\/div>\n<\/div>\n<div id=\"fws_65b179308bc27\" data-column-margin=\"default\" data-midnight=\"dark\" class=\"wpb_row vc_row-fluid vc_row standard_section\" style=\"padding-top: 0px;padding-bottom: 0px\">\n<div class=\"row-bg-wrap\" data-bg-animation=\"none\" data-bg-overlay=\"false\">\n<div class=\"inner-wrap\">\n<div class=\"row-bg\"><\/div>\n<\/div>\n<div class=\"row-bg-overlay\"><\/div>\n<\/div>\n<div class=\"row_col_wrap_12 col span_12 dark left\">\n<div class=\"vc_col-sm-12 wpb_column column_container vc_column_container col no-extra-padding inherit_tablet inherit_phone\" data-t-w-inherits=\"default\" data-bg-cover=\"\" data-padding-pos=\"all\" data-has-bg-color=\"false\" data-bg-color=\"\" data-bg-opacity=\"1\" data-hover-bg=\"\" data-hover-bg-opacity=\"1\" data-animation=\"\" data-delay=\"0\">\n<div class=\"vc_column-inner\">\n<div class=\"column-bg-overlay-wrap\" data-bg-animation=\"none\">\n<div class=\"column-bg-overlay\"><\/div>\n<\/div>\n<div class=\"wpb_wrapper\"><\/div>\n<\/div>\n<\/div>\n<\/div>\n<\/div>","protected":false},"excerpt":{"rendered":"<p>Oferujemy niesamowite us\u0142ugi PAY-PER-CLICK ADVERTISING (PPC) Reklamy PPC to p\u0142atne reklamy, kt\u00f3re pojawiaj\u0105 si\u0119 na g\u00f3rze wynik\u00f3w wyszukiwania. 5-DNIOWA GWARANCJA ZWROTU PIENI\u0118DZY Je\u015bli uwa\u017casz, \u017ce nasze us\u0142ugi s\u0105...<\/p>","protected":false},"featured_media":5043,"comment_status":"closed","ping_status":"closed","template":"","meta":[],"product_brand":[],"product_cat":[15],"product_tag":[],"class_list":{"0":"post-6417","1":"product","2":"type-product","3":"status-publish","4":"has-post-thumbnail","6":"product_cat-smma","8":"first","9":"instock","10":"shipping-taxable","11":"purchasable","12":"product-type-simple"},"_links":{"self":[{"href":"https:\/\/www.picturava.shop\/pl\/wp-json\/wp\/v2\/product\/6417","targetHints":{"allow":["GET"]}}],"collection":[{"href":"https:\/\/www.picturava.shop\/pl\/wp-json\/wp\/v2\/product"}],"about":[{"href":"https:\/\/www.picturava.shop\/pl\/wp-json\/wp\/v2\/types\/product"}],"replies":[{"embeddable":true,"href":"https:\/\/www.picturava.shop\/pl\/wp-json\/wp\/v2\/comments?post=6417"}],"wp:featuredmedia":[{"embeddable":true,"href":"https:\/\/www.picturava.shop\/pl\/wp-json\/wp\/v2\/media\/5043"}],"wp:attachment":[{"href":"https:\/\/www.picturava.shop\/pl\/wp-json\/wp\/v2\/media?parent=6417"}],"wp:term":[{"taxonomy":"product_brand","embeddable":true,"href":"https:\/\/www.picturava.shop\/pl\/wp-json\/wp\/v2\/product_brand?post=6417"},{"taxonomy":"product_cat","embeddable":true,"href":"https:\/\/www.picturava.shop\/pl\/wp-json\/wp\/v2\/product_cat?post=6417"},{"taxonomy":"product_tag","embeddable":true,"href":"https:\/\/www.picturava.shop\/pl\/wp-json\/wp\/v2\/product_tag?post=6417"}],"curies":[{"name":"wp","href":"https:\/\/api.w.org\/{rel}","templated":true}]}}