{"id":2765,"date":"2020-05-05T05:46:47","date_gmt":"2020-05-05T05:46:47","guid":{"rendered":"https:\/\/www.endledtvs.com\/?page_id=2765"},"modified":"2026-02-16T22:21:40","modified_gmt":"2026-02-16T22:21:40","slug":"terms-and-conditions-smma","status":"publish","type":"page","link":"https:\/\/www.picturava.shop\/pt\/terms-and-conditions-smma\/","title":{"rendered":"Termos e condi\u00e7\u00f5es"},"content":{"rendered":"<h4 class=\"wp-block-heading\">Welcome to Picturava.shop!<\/h4>\n\n\n\n<p>This website is operated by Picturava.shop, owned by PICTUREIFY, located at ROBBERSTR 34, STUTTGART, 70188, Germany. Throughout the site, the terms &#8220;we,&#8221; &#8220;us,&#8221; and &#8220;our&#8221; refer to Picturava.shop. By accessing or using our website, you agree to comply with the terms and conditions outlined here.<\/p>\n\n\n\n<h4 class=\"wp-block-heading\">1. Acordo sobre as condi\u00e7\u00f5es<\/h4>\n\n\n\n<p>By visiting Picturava.shop or purchasing our products, you engage in our &#8220;Service&#8221; and agree to be bound by the following terms and conditions (&#8220;Terms of Service&#8221; or &#8220;Terms&#8221;), including any additional terms and conditions referenced herein. These Terms apply to all users, including browsers, vendors, customers, and contributors of content.<\/p>\n\n\n\n<p>Leia atentamente as presentes Condi\u00e7\u00f5es antes de utilizar o nosso s\u00edtio Web. Se n\u00e3o concordar com estes Termos, n\u00e3o poder\u00e1 aceder ou utilizar o nosso s\u00edtio Web ou servi\u00e7os.<\/p>\n\n\n\n<h4 class=\"wp-block-heading\">2. Altera\u00e7\u00f5es das condi\u00e7\u00f5es<\/h4>\n\n\n\n<p>Reservamo-nos o direito de atualizar ou modificar estes Termos em qualquer altura. \u00c9 da responsabilidade do utilizador verificar periodicamente se existem altera\u00e7\u00f5es nesta p\u00e1gina. A utiliza\u00e7\u00e3o continuada do s\u00edtio Web pelo utilizador ap\u00f3s quaisquer altera\u00e7\u00f5es constitui a aceita\u00e7\u00e3o dessas altera\u00e7\u00f5es.<\/p>\n\n\n\n<h4 class=\"wp-block-heading\">3. Conta de utilizador e seguran\u00e7a<\/h4>\n\n\n\n<p>Quando se regista no nosso s\u00edtio, recebe uma palavra-passe e uma conta de utilizador. O utilizador \u00e9 respons\u00e1vel por manter a confidencialidade da sua conta e palavra-passe e por todas as actividades que ocorram na sua conta. Notifique-nos imediatamente sobre qualquer utiliza\u00e7\u00e3o n\u00e3o autorizada da sua conta ou qualquer outra viola\u00e7\u00e3o de seguran\u00e7a.<\/p>\n\n\n\n<h4 class=\"wp-block-heading\">4. Utiliza\u00e7\u00e3o do s\u00edtio e do conte\u00fado<\/h4>\n\n\n\n<p>You are granted permission to access and use Picturava.shop and its content solely for personal, non-commercial purposes. You may not reproduce, distribute, or otherwise exploit any content on our site for commercial purposes without our prior written consent.<\/p>\n\n\n\n<p>Reservamo-nos o direito de modificar, eliminar ou acrescentar conte\u00fados a este s\u00edtio sem aviso pr\u00e9vio.<\/p>\n\n\n\n<h4 class=\"wp-block-heading\">5. Propriedade intelectual<\/h4>\n\n\n\n<p>All content on this site, including graphics, images, text, software, and trademarks, is owned by Picturava.shop or its licensors and is protected by copyright and other intellectual property laws. Unauthorized use of this content is strictly prohibited.<\/p>\n\n\n\n<h4 class=\"wp-block-heading\">6. Conte\u00fados gerados pelos utilizadores<\/h4>\n\n\n\n<p>By submitting content to Picturava.shop (e.g., feedback, comments, designs), you grant us a non-exclusive, worldwide, royalty-free license to use, reproduce, modify, and distribute that content in any media. You represent that you have the right to grant this license.<\/p>\n\n\n\n<p>Podemos remover conte\u00fados gerados pelo utilizador que consideremos inadequados ou que violem os presentes Termos.<\/p>\n\n\n\n<h4 class=\"wp-block-heading\">7. Compras e pagamentos<\/h4>\n\n\n\n<p>Ao efetuar uma compra no nosso s\u00edtio, o utilizador concorda em fornecer informa\u00e7\u00f5es de pagamento exactas e completas. O utilizador \u00e9 respons\u00e1vel por todos os encargos incorridos, incluindo os impostos aplic\u00e1veis. Se o pagamento n\u00e3o for recebido, reservamo-nos o direito de cancelar a sua encomenda.<\/p>\n\n\n\n<h4 class=\"wp-block-heading\">8. Expedi\u00e7\u00e3o e entrega<\/h4>\n\n\n\n<p>Quando a encomenda \u00e9 enviada, o risco de perda e o t\u00edtulo passam para o cliente. N\u00e3o nos responsabilizamos por quaisquer atrasos ou problemas que possam ocorrer durante o processo de envio.<\/p>\n\n\n\n<p>No caso dos produtos digitais, a entrega \u00e9 considerada completa quando o produto \u00e9 disponibilizado para transfer\u00eancia ou enviado por correio eletr\u00f3nico.<\/p>\n\n\n\n<h4 class=\"wp-block-heading\">9. Liga\u00e7\u00f5es de terceiros<\/h4>\n\n\n\n<p>O nosso s\u00edtio pode conter liga\u00e7\u00f5es a s\u00edtios Web de terceiros. N\u00e3o somos respons\u00e1veis pelo conte\u00fado ou pr\u00e1ticas desses s\u00edtios Web e n\u00e3o apoiamos nem assumimos qualquer responsabilidade pelas suas ac\u00e7\u00f5es.<\/p>\n\n\n\n<h4 class=\"wp-block-heading\">10. Limita\u00e7\u00e3o da responsabilidade<\/h4>\n\n\n\n<p>Picturava.shop is not liable for any direct, indirect, incidental, or consequential damages arising from your use of our website or services. This includes any errors, interruptions, or loss of data that may occur during your use of our site.<\/p>\n\n\n\n<h4 class=\"wp-block-heading\">11. Indemniza\u00e7\u00e3o<\/h4>\n\n\n\n<p>You agree to indemnify and hold Picturava.shop, its affiliates, and their respective officers, directors, employees, and agents harmless from any claims, damages, or expenses arising from your use of our site or violation of these Terms.<\/p>\n\n\n\n<h4 class=\"wp-block-heading\">12. Rescis\u00e3o<\/h4>\n\n\n\n<p>We reserve the right to terminate your access to Picturava.shop at any time if we believe you have violated these Terms. You will still be responsible for any orders placed before termination.<\/p>\n\n\n\n<h4 class=\"wp-block-heading\">13. Legisla\u00e7\u00e3o aplic\u00e1vel e resolu\u00e7\u00e3o de lit\u00edgios<\/h4>\n\n\n\n<p>Estes Termos s\u00e3o regidos pelas leis do Reino Unido. Quaisquer lit\u00edgios decorrentes ou relacionados com estas Condi\u00e7\u00f5es ser\u00e3o resolvidos nos tribunais localizados em STUTTGART, DE.<\/p>\n\n\n\n<h4 class=\"wp-block-heading\">14. Pol\u00edtica de privacidade<\/h4>\n\n\n\n<p>A sua privacidade \u00e9 importante para n\u00f3s. Consulte a nossa Pol\u00edtica de Privacidade para obter informa\u00e7\u00f5es sobre a forma como recolhemos, utilizamos e protegemos as suas informa\u00e7\u00f5es pessoais.<\/p>\n\n\n\n<h4 class=\"wp-block-heading\">15. Ofertas promocionais<\/h4>\n\n\n\n<p>Picturava.shop may offer promotional deals from time to time. Please note that these offers cannot be combined unless explicitly stated.<\/p>\n\n\n\n<h4 class=\"wp-block-heading\">Contactar-nos<\/h4>\n\n\n\n<p>Se tiver alguma d\u00favida sobre estes Termos, contacte-nos atrav\u00e9s de<\/p>\n\n\n\n<ul class=\"wp-block-list\">\n<li><strong>Correio eletr\u00f3nico:<\/strong> <a>support@picturava.shop<\/a><\/li>\n\n\n\n<li><strong>Telefone:<\/strong> +44 22045429904<\/li>\n\n\n\n<li><strong>Endere\u00e7o:<\/strong> ROBBERSTR 34, STUTTGART, 70188, Alemanha<\/li>\n<\/ul>","protected":false},"excerpt":{"rendered":"<p>Welcome to Picturava.shop! This website is operated by Picturava.shop, owned by PICTUREIFY, located at ROBBERSTR 34, STUTTGART, 70188, Germany. Throughout the site, the terms &#8220;we,&#8221; &#8220;us,&#8221; and &#8220;our&#8221; refer to&#8230;<\/p>","protected":false},"author":1,"featured_media":0,"parent":0,"menu_order":0,"comment_status":"closed","ping_status":"closed","template":"","meta":{"footnotes":""},"class_list":["post-2765","page","type-page","status-publish"],"_links":{"self":[{"href":"https:\/\/www.picturava.shop\/pt\/wp-json\/wp\/v2\/pages\/2765","targetHints":{"allow":["GET"]}}],"collection":[{"href":"https:\/\/www.picturava.shop\/pt\/wp-json\/wp\/v2\/pages"}],"about":[{"href":"https:\/\/www.picturava.shop\/pt\/wp-json\/wp\/v2\/types\/page"}],"author":[{"embeddable":true,"href":"https:\/\/www.picturava.shop\/pt\/wp-json\/wp\/v2\/users\/1"}],"replies":[{"embeddable":true,"href":"https:\/\/www.picturava.shop\/pt\/wp-json\/wp\/v2\/comments?post=2765"}],"version-history":[{"count":8,"href":"https:\/\/www.picturava.shop\/pt\/wp-json\/wp\/v2\/pages\/2765\/revisions"}],"predecessor-version":[{"id":7723,"href":"https:\/\/www.picturava.shop\/pt\/wp-json\/wp\/v2\/pages\/2765\/revisions\/7723"}],"wp:attachment":[{"href":"https:\/\/www.picturava.shop\/pt\/wp-json\/wp\/v2\/media?parent=2765"}],"curies":[{"name":"wp","href":"https:\/\/api.w.org\/{rel}","templated":true}]}}