{"id":2767,"date":"2020-05-05T05:48:48","date_gmt":"2020-05-05T05:48:48","guid":{"rendered":"https:\/\/www.endledtvs.com\/?page_id=2767"},"modified":"2026-02-16T22:21:54","modified_gmt":"2026-02-16T22:21:54","slug":"about-us-smma","status":"publish","type":"page","link":"https:\/\/www.picturava.shop\/pt\/about-us-smma\/","title":{"rendered":"Sobre n\u00f3s"},"content":{"rendered":"<h1 class=\"wp-block-heading has-text-align-center\">Quem somos<\/h1>\n\n\n\n<p>Somos uma ag\u00eancia de marketing de redes sociais que ajuda as pequenas empresas a desenvolver a sua notoriedade da marca e a obter um n\u00famero de novos clientes atrav\u00e9s da constru\u00e7\u00e3o de boas rela\u00e7\u00f5es atrav\u00e9s do envolvimento, obtendo tamb\u00e9m tr\u00e1fego no website atrav\u00e9s do aumento da exposi\u00e7\u00e3o do website (tr\u00e1fego e convers\u00f5es)<\/p>\n\n\n\n<h4 class=\"wp-block-heading\">Miss\u00e3o<\/h4>\n\n\n\n<p>A nossa empresa d\u00e1-lhes a possibilidade de estabelecerem a sua marca e presen\u00e7a online em plataformas onde o seu p\u00fablico-alvo j\u00e1 est\u00e1 a navegar.<\/p>\n\n\n\n<h4 class=\"wp-block-heading\">Vis\u00e3o<\/h4>\n\n\n\n<p>Aumentar os seus seguidores nas redes sociais ajud\u00e1-lo-\u00e1 a aumentar o boca-a-boca e as refer\u00eancias. Os nossos servi\u00e7os de marketing nas redes sociais ajud\u00e1-lo-\u00e3o a aumentar os seus seguidores com pessoas relevantes. Garantimos que os seus seguidores correspondem aos dados demogr\u00e1ficos, interesses e comportamentos dos seus clientes t\u00edpicos.<\/p>\n\n\n\n<p>Quando constr\u00f3i uma liga\u00e7\u00e3o forte atrav\u00e9s do envolvimento com o seu p\u00fablico, \u00e9 mais prov\u00e1vel que este compre a si. Ajudamo-lo a aumentar o envolvimento (gostos, coment\u00e1rios, etc.) nas suas publica\u00e7\u00f5es nas redes sociais. Quanto maior for o envolvimento, mais forte \u00e9 a liga\u00e7\u00e3o com o seu p\u00fablico.<\/p>\n\n\n\n<p>O aumento do tr\u00e1fego do seu s\u00edtio Web influenciar\u00e1 diretamente os contactos e as vendas. \u00c9 por isso que este servi\u00e7o \u00e9 melhor combinado com os nossos servi\u00e7os de publicidade nas redes sociais, onde nos concentramos no desenvolvimento de campanhas de publicidade nas redes sociais que geram elevados volumes de tr\u00e1fego para o seu s\u00edtio Web. Para aumentar as convers\u00f5es, podemos adicionar an\u00fancios sociais de redireccionamento para nos mantermos \u00e0 frente dos visitantes recentes do s\u00edtio Web.<\/p>\n\n\n\n<p><\/p>\n\n\n\n<p><\/p>\n\n\n\n<p>Nome da empresa: ENDLED LTD<br>N\u00famero da empresa: 13249389<\/p>\n\n\n\n<p><strong>TEM UMA PERGUNTA? Contactar-nos<\/strong><\/p>\n\n\n\n<p>Correio eletr\u00f3nico: support@picturava.shop<br>Telefone: +44 22045429904<\/p>\n\n\n\n<p><strong>A nossa localiza\u00e7\u00e3o<\/strong><\/p>\n\n\n\n<p>ENDERE\u00c7O: 71-75 Shelton Street<br>CIDADE: Londres<br>ESTADO: Londres<br>C\u00d3DIGO POSTAL: WC2H 9JQ<br>PA\u00cdS: Reino Unido<\/p>\n\n\n\n<p><\/p>","protected":false},"excerpt":{"rendered":"<p>Who we are We are a Social media marketing agency that helps small businesses to Develop their Brand Awareness, and get a number of new customers by Building Good Relationships&#8230;<\/p>","protected":false},"author":1,"featured_media":0,"parent":0,"menu_order":0,"comment_status":"closed","ping_status":"closed","template":"","meta":{"footnotes":""},"class_list":["post-2767","page","type-page","status-publish"],"_links":{"self":[{"href":"https:\/\/www.picturava.shop\/pt\/wp-json\/wp\/v2\/pages\/2767","targetHints":{"allow":["GET"]}}],"collection":[{"href":"https:\/\/www.picturava.shop\/pt\/wp-json\/wp\/v2\/pages"}],"about":[{"href":"https:\/\/www.picturava.shop\/pt\/wp-json\/wp\/v2\/types\/page"}],"author":[{"embeddable":true,"href":"https:\/\/www.picturava.shop\/pt\/wp-json\/wp\/v2\/users\/1"}],"replies":[{"embeddable":true,"href":"https:\/\/www.picturava.shop\/pt\/wp-json\/wp\/v2\/comments?post=2767"}],"version-history":[{"count":9,"href":"https:\/\/www.picturava.shop\/pt\/wp-json\/wp\/v2\/pages\/2767\/revisions"}],"predecessor-version":[{"id":7721,"href":"https:\/\/www.picturava.shop\/pt\/wp-json\/wp\/v2\/pages\/2767\/revisions\/7721"}],"wp:attachment":[{"href":"https:\/\/www.picturava.shop\/pt\/wp-json\/wp\/v2\/media?parent=2767"}],"curies":[{"name":"wp","href":"https:\/\/api.w.org\/{rel}","templated":true}]}}