{"id":3,"date":"2020-01-10T20:27:36","date_gmt":"2020-01-10T20:27:36","guid":{"rendered":"http:\/\/caychroaz.com\/?page_id=3"},"modified":"2026-02-16T22:21:40","modified_gmt":"2026-02-16T22:21:40","slug":"privacy-policy","status":"publish","type":"page","link":"https:\/\/www.picturava.shop\/pt\/privacy-policy\/","title":{"rendered":"Pol\u00edtica de privacidade"},"content":{"rendered":"<p>Esta pol\u00edtica de privacidade foi compilada para melhor servir aqueles que est\u00e3o preocupados com a forma como as suas \"Informa\u00e7\u00f5es Pessoais Identific\u00e1veis\" (IPI) est\u00e3o a ser utilizadas em linha. As PII, tal como descritas na lei de privacidade e seguran\u00e7a da informa\u00e7\u00e3o dos EUA, s\u00e3o informa\u00e7\u00f5es que podem ser utilizadas isoladamente ou em conjunto com outras informa\u00e7\u00f5es para identificar, contactar ou localizar uma \u00fanica pessoa, ou para identificar um indiv\u00edduo num contexto. Leia atentamente a nossa pol\u00edtica de privacidade para compreender claramente a forma como recolhemos, utilizamos, protegemos ou tratamos as suas Informa\u00e7\u00f5es Pessoais Identific\u00e1veis de acordo com o nosso s\u00edtio Web.<\/p>\n\n\n\n<p><strong>Que informa\u00e7\u00f5es pessoais recolhemos das pessoas que visitam o nosso blogue, s\u00edtio Web ou aplica\u00e7\u00e3o?<\/strong><\/p>\n\n\n\n<p>Ao encomendar ou registar-se no nosso site, conforme o caso, pode ser-lhe pedido que introduza o seu nome, endere\u00e7o de correio eletr\u00f3nico, endere\u00e7o postal, n\u00famero de telefone ou outros dados para o ajudar na sua experi\u00eancia.<\/p>\n\n\n\n<p><strong>Quando \u00e9 que recolhemos informa\u00e7\u00f5es?<\/strong><\/p>\n\n\n\n<p>Recolhemos informa\u00e7\u00f5es do utilizador quando este se regista no nosso site, efectua uma encomenda, subscreve uma newsletter ou introduz informa\u00e7\u00f5es no nosso site.<\/p>\n\n\n\n<p><strong>Como \u00e9 que utilizamos as suas informa\u00e7\u00f5es?<\/strong><\/p>\n\n\n\n<p>Podemos utilizar as informa\u00e7\u00f5es que recolhemos do utilizador quando se regista, faz uma compra, subscreve a nossa newsletter, responde a um inqu\u00e9rito ou a uma comunica\u00e7\u00e3o de marketing, navega no s\u00edtio Web ou utiliza outras funcionalidades do s\u00edtio das seguintes formas<\/p>\n\n\n\n<pre class=\"wp-block-code\"><code>  - Para personalizar a sua experi\u00eancia e para nos permitir fornecer o tipo de conte\u00fado e ofertas de produtos em que est\u00e1 mais interessado.\n  - Para melhorar o nosso s\u00edtio Web, de modo a servi-lo melhor.\n  - Para nos permitir prestar um melhor servi\u00e7o ao utilizador, respondendo aos seus pedidos de assist\u00eancia ao cliente.\n  - Para processar rapidamente as suas transac\u00e7\u00f5es.\n  - Para enviar e-mails peri\u00f3dicos sobre a sua encomenda ou outros produtos e servi\u00e7os.<\/code><\/pre>\n\n\n\n<p><strong>Como \u00e9 que protegemos as suas informa\u00e7\u00f5es?<\/strong><\/p>\n\n\n\n<p>O nosso s\u00edtio Web \u00e9 analisado regularmente para detetar falhas de seguran\u00e7a e vulnerabilidades conhecidas, a fim de tornar a sua visita ao nosso s\u00edtio t\u00e3o segura quanto poss\u00edvel.<\/p>\n\n\n\n<p><strong>Utilizamos a verifica\u00e7\u00e3o regular de malware.<\/strong><\/p>\n\n\n\n<p>As suas informa\u00e7\u00f5es pessoais est\u00e3o contidas em redes seguras e s\u00f3 s\u00e3o acess\u00edveis a um n\u00famero limitado de pessoas que t\u00eam direitos de acesso especiais a esses sistemas e s\u00e3o obrigadas a manter as informa\u00e7\u00f5es confidenciais. Al\u00e9m disso, todas as informa\u00e7\u00f5es sens\u00edveis\/de cr\u00e9dito fornecidas pelo utilizador s\u00e3o encriptadas atrav\u00e9s da tecnologia Secure Socket Layer (SSL).<\/p>\n\n\n\n<p>Implementamos uma variedade de medidas de seguran\u00e7a quando um utilizador faz uma encomenda, introduz, submete ou acede \u00e0s suas informa\u00e7\u00f5es para manter a seguran\u00e7a das suas informa\u00e7\u00f5es pessoais.<\/p>\n\n\n\n<p>Todas as transac\u00e7\u00f5es s\u00e3o processadas atrav\u00e9s de um fornecedor de gateway e n\u00e3o s\u00e3o armazenadas ou processadas nos nossos servidores.<\/p>\n\n\n\n<p><strong>Utilizamos \"cookies\"?<\/strong><\/p>\n\n\n\n<p>Sim. Os cookies s\u00e3o pequenos ficheiros que um site ou o seu fornecedor de servi\u00e7os transfere para o disco r\u00edgido do seu computador atrav\u00e9s do seu browser da Web (se o permitir) que permite que os sistemas do site ou do fornecedor de servi\u00e7os reconhe\u00e7am o seu browser e capturem e recordem determinadas informa\u00e7\u00f5es. Por exemplo, utilizamos cookies para nos ajudar a recordar e processar os artigos no seu carrinho de compras. Tamb\u00e9m s\u00e3o utilizados para nos ajudar a compreender as suas prefer\u00eancias com base na atividade anterior ou atual do s\u00edtio, o que nos permite fornecer-lhe servi\u00e7os melhorados. Tamb\u00e9m utilizamos cookies para nos ajudar a compilar dados agregados sobre o tr\u00e1fego e a intera\u00e7\u00e3o no s\u00edtio, de modo a podermos oferecer melhores experi\u00eancias e ferramentas no futuro.<\/p>\n\n\n\n<p>Utilizamos cookies para:<br>\n      - Ajudar a recordar e a processar os artigos no carrinho de compras.<br>\n      - Compreender e guardar as prefer\u00eancias do utilizador para futuras visitas.<br>\n      - Acompanhar os an\u00fancios.<br>\n      - Compilar dados agregados sobre o tr\u00e1fego e as intera\u00e7\u00f5es do site, a fim de oferecer melhores experi\u00eancias e ferramentas no futuro. Tamb\u00e9m podemos utilizar servi\u00e7os de terceiros de confian\u00e7a que monitorizam estas informa\u00e7\u00f5es em nosso nome.<\/p>\n\n\n\n<p>O utilizador pode optar por que o seu computador o avise sempre que um cookie estiver a ser enviado ou pode optar por desativar todos os cookies. Isto \u00e9 feito atrav\u00e9s das defini\u00e7\u00f5es do seu browser. Uma vez que os browsers s\u00e3o um pouco diferentes, consulte o menu de ajuda do seu browser para saber qual a forma correta de modificar os seus cookies.<\/p>\n\n\n\n<p>Se desativar os cookies, algumas das funcionalidades que tornam a experi\u00eancia do seu s\u00edtio mais eficiente poder\u00e3o n\u00e3o funcionar corretamente.<\/p>\n\n\n\n<p>Divulga\u00e7\u00e3o por terceiros<\/p>\n\n\n\n<p>N\u00e3o vendemos, trocamos ou transferimos de outra forma para terceiros as suas Informa\u00e7\u00f5es Pessoais Identific\u00e1veis.<\/p>\n\n\n\n<p>Liga\u00e7\u00f5es de terceiros<\/p>\n\n\n\n<p>N\u00e3o inclu\u00edmos nem oferecemos produtos ou servi\u00e7os de terceiros no nosso s\u00edtio Web.<\/p>\n\n\n\n<p>Google<\/p>\n\n\n\n<p>Os requisitos de publicidade da Google podem ser resumidos nos Princ\u00edpios de publicidade da Google. Estes princ\u00edpios foram criados para proporcionar uma experi\u00eancia positiva aos utilizadores. https:\/\/support.google.com\/adwordspolicy\/answer\/1316548?hl=en <\/p>\n\n\n\n<p>N\u00e3o activ\u00e1mos o Google AdSense no nosso s\u00edtio, mas poderemos faz\u00ea-lo no futuro.<\/p>\n\n\n\n<p>Lei de Prote\u00e7\u00e3o da Privacidade em Linha da Calif\u00f3rnia<\/p>\n\n\n\n<p>A CalOPPA \u00e9 a primeira lei estatal do pa\u00eds a exigir que os s\u00edtios Web comerciais e os servi\u00e7os em linha publiquem uma pol\u00edtica de privacidade. O alcance da lei vai muito al\u00e9m da Calif\u00f3rnia, exigindo que qualquer pessoa ou empresa nos Estados Unidos (e possivelmente no mundo) que opere s\u00edtios Web que recolham informa\u00e7\u00f5es pessoais identific\u00e1veis de consumidores da Calif\u00f3rnia publique uma pol\u00edtica de privacidade vis\u00edvel no seu s\u00edtio Web, indicando exatamente as informa\u00e7\u00f5es recolhidas e os indiv\u00edduos ou empresas com quem s\u00e3o partilhadas. - Ver mais em: http:\/\/consumercal.org\/california-online-privacy-protection-act-caloppa\/#sthash.0FdRbT51.dpuf<\/p>\n\n\n\n<p>De acordo com a CalOPPA, concordamos com o seguinte:<br>\nOs utilizadores podem visitar o nosso site de forma an\u00f3nima.<br>\nAssim que esta pol\u00edtica de privacidade for criada, acrescentaremos uma hiperliga\u00e7\u00e3o para a mesma na nossa p\u00e1gina inicial ou, no m\u00ednimo, na primeira p\u00e1gina significativa ap\u00f3s entrar no nosso s\u00edtio Web.<br>\nA nossa liga\u00e7\u00e3o \u00e0 Pol\u00edtica de Privacidade inclui a palavra \"Privacidade\" e pode ser facilmente encontrada na p\u00e1gina especificada acima.<\/p>\n\n\n\n<p>O utilizador ser\u00e1 notificado de quaisquer altera\u00e7\u00f5es \u00e0 Pol\u00edtica de Privacidade:<br>\n      - Na nossa p\u00e1gina Pol\u00edtica de privacidade<br>\nPode alterar as suas informa\u00e7\u00f5es pessoais:<br>\n      - Enviando-nos um e-mail<br>\n      - Telefonando-nos<br>\n      - Ao iniciar sess\u00e3o na sua conta<\/p>\n\n\n\n<p><strong>Como \u00e9 que o nosso s\u00edtio lida com os sinais de n\u00e3o rastreio?<br><\/strong> Respeitamos os sinais de N\u00e3o rastrear e N\u00e3o rastrear, plantar cookies ou usar publicidade quando um mecanismo de navegador N\u00e3o rastrear (DNT) estiver em vigor.<\/p>\n\n\n\n<p><strong>O nosso s\u00edtio permite o rastreio comportamental por parte de terceiros?<br><\/strong> Tamb\u00e9m \u00e9 importante notar que n\u00e3o permitimos o rastreio comportamental de terceiros<\/p>\n\n\n\n<p>COPPA (Children Online Privacy Protection Act)<\/p>\n\n\n\n<p>No que diz respeito \u00e0 recolha de informa\u00e7\u00f5es pessoais de crian\u00e7as com menos de 13 anos de idade, a Lei de Prote\u00e7\u00e3o da Privacidade em Linha das Crian\u00e7as (COPPA) coloca os pais no controlo. A Federal Trade Commission, a ag\u00eancia de prote\u00e7\u00e3o do consumidor dos Estados Unidos, aplica a Regra COPPA, que especifica o que os operadores de s\u00edtios Web e servi\u00e7os em linha devem fazer para proteger a privacidade e a seguran\u00e7a das crian\u00e7as em linha.<\/p>\n\n\n\n<p>N\u00e3o comercializamos especificamente para crian\u00e7as com menos de 13 anos de idade.<br>\nPermitimos que terceiros, incluindo redes de an\u00fancios ou plug-ins, recolham informa\u00e7\u00f5es que identificam pessoalmente crian\u00e7as com menos de 13 anos?<\/p>\n\n\n\n<p>Pr\u00e1ticas leais de informa\u00e7\u00e3o<\/p>\n\n\n\n<p>Os Princ\u00edpios de Pr\u00e1ticas de Informa\u00e7\u00e3o Justas constituem a espinha dorsal da legisla\u00e7\u00e3o sobre privacidade nos Estados Unidos e os conceitos que incluem t\u00eam desempenhado um papel significativo no desenvolvimento de leis de prote\u00e7\u00e3o de dados em todo o mundo. Compreender os Princ\u00edpios de Pr\u00e1ticas de Informa\u00e7\u00e3o Justas e a forma como devem ser implementados \u00e9 fundamental para cumprir as v\u00e1rias leis de privacidade que protegem as informa\u00e7\u00f5es pessoais.<\/p>\n\n\n\n<p>Para estarmos em conformidade com as pr\u00e1ticas de informa\u00e7\u00e3o justas, tomaremos as seguintes medidas de resposta, caso ocorra uma viola\u00e7\u00e3o de dados:<br>\nSer\u00e1 notificado por correio eletr\u00f3nico<br>\n      - No prazo de 1 dia \u00fatil<br>\n      - No prazo de 1 dia \u00fatil<\/p>\n\n\n\n<p>Concordamos tamb\u00e9m com o Princ\u00edpio da Repara\u00e7\u00e3o Individual, que exige que os indiv\u00edduos tenham o direito de exercer legalmente direitos execut\u00f3rios contra os colectores e processadores de dados que n\u00e3o cumpram a lei. Este princ\u00edpio exige n\u00e3o s\u00f3 que os indiv\u00edduos tenham direitos execut\u00f3rios contra os utilizadores de dados, mas tamb\u00e9m que os indiv\u00edduos recorram a tribunais ou ag\u00eancias governamentais para investigar e\/ou processar o incumprimento por parte dos processadores de dados.<\/p>","protected":false},"excerpt":{"rendered":"<p>This privacy policy has been compiled to better serve those who are concerned with how their \u2018Personally Identifiable Information\u2019 (PII) is being used online. PII, as described in US privacy&#8230;<\/p>","protected":false},"author":1,"featured_media":0,"parent":0,"menu_order":0,"comment_status":"closed","ping_status":"open","template":"","meta":{"footnotes":""},"class_list":["post-3","page","type-page","status-publish"],"_links":{"self":[{"href":"https:\/\/www.picturava.shop\/pt\/wp-json\/wp\/v2\/pages\/3","targetHints":{"allow":["GET"]}}],"collection":[{"href":"https:\/\/www.picturava.shop\/pt\/wp-json\/wp\/v2\/pages"}],"about":[{"href":"https:\/\/www.picturava.shop\/pt\/wp-json\/wp\/v2\/types\/page"}],"author":[{"embeddable":true,"href":"https:\/\/www.picturava.shop\/pt\/wp-json\/wp\/v2\/users\/1"}],"replies":[{"embeddable":true,"href":"https:\/\/www.picturava.shop\/pt\/wp-json\/wp\/v2\/comments?post=3"}],"version-history":[{"count":1,"href":"https:\/\/www.picturava.shop\/pt\/wp-json\/wp\/v2\/pages\/3\/revisions"}],"predecessor-version":[{"id":5446,"href":"https:\/\/www.picturava.shop\/pt\/wp-json\/wp\/v2\/pages\/3\/revisions\/5446"}],"wp:attachment":[{"href":"https:\/\/www.picturava.shop\/pt\/wp-json\/wp\/v2\/media?parent=3"}],"curies":[{"name":"wp","href":"https:\/\/api.w.org\/{rel}","templated":true}]}}