{"id":2767,"date":"2020-05-05T05:48:48","date_gmt":"2020-05-05T05:48:48","guid":{"rendered":"https:\/\/www.endledtvs.com\/?page_id=2767"},"modified":"2026-02-16T22:21:54","modified_gmt":"2026-02-16T22:21:54","slug":"about-us-smma","status":"publish","type":"page","link":"https:\/\/www.picturava.shop\/sv\/about-us-smma\/","title":{"rendered":"Om oss"},"content":{"rendered":"<h1 class=\"wp-block-heading has-text-align-center\">Vilka vi \u00e4r<\/h1>\n\n\n\n<p>Vi \u00e4r en marknadsf\u00f6ringsbyr\u00e5 f\u00f6r sociala medier som hj\u00e4lper sm\u00e5f\u00f6retag att utveckla sin varum\u00e4rkesk\u00e4nnedom och f\u00e5 ett antal nya kunder genom att bygga goda relationer genom engagemang, \u00e4ven f\u00e5 webbplatstrafik genom att \u00f6ka webbplatsens exponering (trafik och konverteringar)<\/p>\n\n\n\n<h4 class=\"wp-block-heading\">Uppdrag<\/h4>\n\n\n\n<p>V\u00e5rt f\u00f6retag ger dem m\u00f6jlighet att etablera sitt varum\u00e4rke och sin online-n\u00e4rvaro p\u00e5 plattformar d\u00e4r deras m\u00e5lgrupp redan scrollar.<\/p>\n\n\n\n<h4 class=\"wp-block-heading\">Vision<\/h4>\n\n\n\n<p>Om du f\u00e5r fler f\u00f6ljare p\u00e5 sociala n\u00e4tverk kan du \u00f6ka antalet muntliga rekommendationer och h\u00e4nvisningar. V\u00e5ra marknadsf\u00f6ringstj\u00e4nster f\u00f6r sociala medier hj\u00e4lper dig att \u00f6ka antalet f\u00f6ljare bland relevanta personer. Vi ser till att dina f\u00f6ljare matchar dina typiska kunders demografi, intressen och beteenden.<\/p>\n\n\n\n<p>N\u00e4r du skapar en stark relation genom engagemang med din m\u00e5lgrupp \u00e4r det mer sannolikt att de k\u00f6per fr\u00e5n dig. Vi hj\u00e4lper dig att \u00f6ka engagemanget (likes, kommentarer etc.) f\u00f6r dina inl\u00e4gg p\u00e5 sociala medier. Ju mer engagemang du har, desto starkare \u00e4r din koppling till din publik.<\/p>\n\n\n\n<p>\u00d6kad trafik till din webbplats har en direkt inverkan p\u00e5 leads och f\u00f6rs\u00e4ljning. D\u00e4rf\u00f6r passar denna tj\u00e4nst b\u00e4st tillsammans med v\u00e5ra tj\u00e4nster f\u00f6r annonsering i sociala medier, d\u00e4r vi fokuserar p\u00e5 att utveckla annonskampanjer i sociala medier som driver stora trafikvolymer till din webbplats. F\u00f6r att \u00f6ka konverteringen kan vi l\u00e4gga till sociala annonser med retargeting f\u00f6r att h\u00e5lla dig uppdaterad om de senaste webbplatsbes\u00f6karna.<\/p>\n\n\n\n<p><\/p>\n\n\n\n<p><\/p>\n\n\n\n<p>F\u00f6retagets namn: ENDLED LTD<br>F\u00f6retagsnummer: 13249389<\/p>\n\n\n\n<p><strong>HAR DU EN FR\u00c5GA? Kontakta oss<\/strong><\/p>\n\n\n\n<p>E-post: support@picturava.shop<br>Telefon: +44 22045429904<\/p>\n\n\n\n<p><strong>V\u00e5rt l\u00e4ge<\/strong><\/p>\n\n\n\n<p>ADRESSE: 71-75 Shelton Street<br>STAD: London<br>STATE: London<br>POSTNUMMER: WC2H 9JQ<br>LAND: F\u00f6renade kungariket<\/p>\n\n\n\n<p><\/p>","protected":false},"excerpt":{"rendered":"<p>Who we are We are a Social media marketing agency that helps small businesses to Develop their Brand Awareness, and get a number of new customers by Building Good Relationships&#8230;<\/p>","protected":false},"author":1,"featured_media":0,"parent":0,"menu_order":0,"comment_status":"closed","ping_status":"closed","template":"","meta":{"footnotes":""},"class_list":["post-2767","page","type-page","status-publish"],"_links":{"self":[{"href":"https:\/\/www.picturava.shop\/sv\/wp-json\/wp\/v2\/pages\/2767","targetHints":{"allow":["GET"]}}],"collection":[{"href":"https:\/\/www.picturava.shop\/sv\/wp-json\/wp\/v2\/pages"}],"about":[{"href":"https:\/\/www.picturava.shop\/sv\/wp-json\/wp\/v2\/types\/page"}],"author":[{"embeddable":true,"href":"https:\/\/www.picturava.shop\/sv\/wp-json\/wp\/v2\/users\/1"}],"replies":[{"embeddable":true,"href":"https:\/\/www.picturava.shop\/sv\/wp-json\/wp\/v2\/comments?post=2767"}],"version-history":[{"count":9,"href":"https:\/\/www.picturava.shop\/sv\/wp-json\/wp\/v2\/pages\/2767\/revisions"}],"predecessor-version":[{"id":7721,"href":"https:\/\/www.picturava.shop\/sv\/wp-json\/wp\/v2\/pages\/2767\/revisions\/7721"}],"wp:attachment":[{"href":"https:\/\/www.picturava.shop\/sv\/wp-json\/wp\/v2\/media?parent=2767"}],"curies":[{"name":"wp","href":"https:\/\/api.w.org\/{rel}","templated":true}]}}