{"id":4361,"date":"2020-12-25T11:13:57","date_gmt":"2020-12-25T11:13:57","guid":{"rendered":"https:\/\/www.endledtvs.com\/?page_id=4361"},"modified":"2026-02-16T22:21:43","modified_gmt":"2026-02-16T22:21:43","slug":"refund-policy-smma","status":"publish","type":"page","link":"https:\/\/www.picturava.shop\/sv\/refund-policy-smma\/","title":{"rendered":"\u00c5terbetalningspolicy"},"content":{"rendered":"<p>ENDLED LTD erbjuder en blygsam och l\u00e4ttf\u00f6rst\u00e5elig \u00e5terbetalningspolicy. Informationen nedan \u00e4r uppdelad i tre avsnitt - Eng\u00e5ngsinl\u00e4mning, m\u00e5natlig SEO-tj\u00e4nst, ej \u00e5terbetalningsbara poster<\/p>\n\n\n\n<p><strong>ENG\u00c5NGSINL\u00c4MNING:<\/strong><\/p>\n\n\n\n<p>Om du \u00e4r missn\u00f6jd med v\u00e5ra produkter och tj\u00e4nster kommer vi att ge dig en fullst\u00e4ndig \/ delvis \u00e5terbetalning f\u00f6r vissa \"\u00c5terbetalningsbara\"Produkter. Innan du beg\u00e4r \u00e5terbetalning ska du dock se till att du har gjort f\u00f6ljande:<\/p>\n\n\n\n<ul class=\"wp-block-list\">\n<li>Har kontaktat v\u00e5r Helpdesk f\u00f6r att f\u00e5 hj\u00e4lp med dina problem \/ f\u00f6r att hitta en l\u00f6sning p\u00e5 ditt missn\u00f6je.<\/li>\n\n\n\n<li>Skicka in beg\u00e4ran om \u00e5terbetalning inom 14 dagar fr\u00e5n mottagandet av den f\u00f6rsta l\u00e4nkrapporten.<\/li>\n\n\n\n<li>Ange en giltig anledning till kravet p\u00e5 \u00e5terbetalning och ditt missn\u00f6je.<\/li>\n\n\n\n<li>Tillhandah\u00e5llit en giltig rapport mot en obeh\u00f6rig eller bedr\u00e4glig debitering (om n\u00e5gon)<\/li>\n<\/ul>\n\n\n\n<p>Det b\u00f6r noteras att efter k\u00f6p av ENDLED LTD produkter och tj\u00e4nster ges ett meddelande till dig som uppskattar leveransdatumet (arbetsdagar) f\u00f6r l\u00e4nkrapporten. Det ovann\u00e4mnda datumet b\u00f6r endast betraktas som en uppskattning; L\u00e4nkrapporten kan f\u00f6rsenas p\u00e5 grund av tekniska miss\u00f6den, h\u00f6g arbetsvolym eller andra of\u00f6rutsedda faktorer utanf\u00f6r kontroll.<\/p>\n\n\n\n<p>N\u00e4r du har skickat in ett \u00e5terbetalnings\u00e4rende till support@picturava.shop, v\u00e4nligen ha t\u00e5lamod eftersom kundtj\u00e4nstens svarstid kan variera fr\u00e5n 24-72 timmar. Under denna tid kommer du antingen att kontaktas av kundtj\u00e4nsten f\u00f6r att informera om att din \u00e5terbetalning har p\u00e5b\u00f6rjats eller s\u00e5 kommer de att ringa f\u00f6r att samla in mer information om \u00e5terbetalnings\u00e4rendet om de anser att det \u00e4r n\u00f6dv\u00e4ndigt.<\/p>\n\n\n\n<p><strong>M\u00c5NATLIG SEO-TJ\u00c4NST:<\/strong><\/p>\n\n\n\n<p><strong>Avbokning\u00a0<\/strong>-ENDLED LTD Monthly Service kan avbrytas n\u00e4r som helst genom att kontakta kundtj\u00e4nst och informera dem om detsamma.<\/p>\n\n\n\n<p>N\u00e4r du har l\u00e4mnat in en avbokningsbiljett till support@picturava.shop, v\u00e4nligen ha t\u00e5lamod eftersom kundtj\u00e4nstens svarstid kan variera fr\u00e5n 24-48 timmar. Under denna tid kommer du antingen att kontaktas av kundtj\u00e4nsten f\u00f6r att informera om att din avbokning har lyckats eller s\u00e5 kommer de att ringa f\u00f6r att samla in mer information om avboknings\u00e4rendet om de anser att det \u00e4r n\u00f6dv\u00e4ndigt.<\/p>\n\n\n\n<p><strong>\u00c5terbetalning\u00a0<\/strong>- Om du \u00e4r missn\u00f6jd med ENDLED LTD Monthly SEO-kampanj, kommer vi att ge dig en fullst\u00e4ndig eller delvis \u00e5terbetalning av den senaste fakturerade m\u00e5nadsavgiften f\u00f6rutsatt att du har:<\/p>\n\n\n\n<ul class=\"wp-block-list\">\n<li>Kontaktat v\u00e5r kundtj\u00e4nst f\u00f6r att f\u00e5 hj\u00e4lp med dina problem \/ f\u00f6r att hitta en l\u00f6sning p\u00e5 ditt missn\u00f6je.<\/li>\n\n\n\n<li>Skicka in beg\u00e4ran om \u00e5terbetalning inom 14 dagar fr\u00e5n mottagandet av den f\u00f6rsta l\u00e4nkrapporten.<\/li>\n\n\n\n<li>Ange en giltig anledning till kravet p\u00e5 \u00e5terbetalning och ditt missn\u00f6je.<\/li>\n\n\n\n<li>Tillhandah\u00e5llit en giltig rapport mot en obeh\u00f6rig eller bedr\u00e4glig debitering (om n\u00e5gon)<\/li>\n<\/ul>\n\n\n\n<p><strong>OBS:&nbsp;<\/strong>En beg\u00e4ran om \u00e5terbetalning av m\u00e5natlig SEO-tj\u00e4nst kommer endast att initieras f\u00f6r den aktuella m\u00e5nadens \u00f6ppna projekt; ingen \u00e5terbetalning kommer att sanktioneras f\u00f6r f\u00f6reg\u00e5ende m\u00e5nad om inte det faktiska \u00e5terbetalningskravet l\u00e4mnades in inom tidsramen 14 dagar f\u00f6re.<\/p>\n\n\n\n<p><strong>EJ \u00c5TERBETALNINGSBARA ANM\u00c4LNINGAR\/UNDANTAG:<\/strong><\/p>\n\n\n\n<p>picturava.shop (\u00e4ven k\u00e4nd som ENDLED LTD) kan, men \u00e4r inte skyldig att, uppfylla beg\u00e4ran om \u00e5terbetalningskrav av f\u00f6ljande sk\u00e4l:<\/p>\n\n\n\n<p><strong>UTEBLIVEN LEVERANS AV PRODUKTEN&nbsp;<\/strong>- P\u00e5 grund av tekniska sk\u00e4l med e-posttj\u00e4nst eller tredje parts data\u00f6verf\u00f6ringstj\u00e4nster fick du inte leveransmeddelandet fr\u00e5n picturava.shop, och \u00e5terbetalningskrav kan inte l\u00e4mnas in utan korrekt bevis p\u00e5 att du inte fick slutprodukten. Om ett s\u00e5dant problem uppst\u00e5r, v\u00e4nligen kontakta kundtj\u00e4nst f\u00f6r att h\u00e4mta din slutprodukt med f\u00f6ljande bevis:<\/p>\n\n\n\n<ul class=\"wp-block-list\">\n<li>ID f\u00f6r betalningstransaktion<\/li>\n\n\n\n<li>Best\u00e4llningsnummer<\/li>\n\n\n\n<li>Ett bevis p\u00e5 e-postrapporten<\/li>\n<\/ul>\n\n\n\n<p><strong>PROBLEM MED NEDLADDNING&nbsp;<\/strong>- Om du p\u00e5 grund av tekniska sk\u00e4l hos Internetleverant\u00f6rer eller tredjepartsleverant\u00f6rer av datatj\u00e4nster inte kan ladda ner de slutliga projektrapporterna eller exempeldata, kan du inte l\u00e4mna in ett \u00e5terbetalningskrav. picturava.shop rekommenderar att du kontaktar kundtj\u00e4nsten s\u00e5 att de kan v\u00e4gleda dig genom de m\u00f6jliga l\u00f6sningarna f\u00f6r att ladda ner den slutliga projektrapporten. Dessa typer av problem \u00e4r vanligtvis p\u00e5 klientsidan s\u00e5 ingen \u00e5terbetalning \u00e4r till\u00e4mplig.<\/p>\n\n\n\n<p><strong>IRREPARABLA DEFEKTER MED RAPPORTER OCH DATA&nbsp;<\/strong>- Produkterna och tj\u00e4nsterna kontrolleras noggrant av picturava.shop innan de sl\u00e4pps, men ov\u00e4ntade fel kan \u00e4nd\u00e5 uppst\u00e5 fr\u00e5n tid till annan. I h\u00e4ndelse av s\u00e5dana miss\u00f6den, v\u00e4nligen skicka ett support\u00e4rende om hj\u00e4lp. Situationen kommer att v\u00e4gas och om den anses vara l\u00e4mplig av picturava.shop, kommer en \u00e5terbetalningspolicy att initieras.<\/p>\n\n\n\n<p><strong>PRODUKT SOM INTE MOTSVARAR BESKRIVNINGEN&nbsp;<\/strong>- F\u00f6rfr\u00e5gningar i f\u00f6ljande kategori behandlas fr\u00e5n fall till fall och \u00e4r f\u00f6rem\u00e5l f\u00f6r godk\u00e4nnande av picturava.shop. F\u00f6r att undvika att s\u00e5dana anspr\u00e5k uppst\u00e5r ber picturava.shop kunder att kontrollera gratisprover (video\u00f6versikter, demol\u00e4nkar, sk\u00e4rmdumpar, produktprover etc.) av enskilda produkter \/ tj\u00e4nster innan de g\u00f6r en slutlig aff\u00e4r.<\/p>\n\n\n\n<p><strong>Ytterligare artiklar\/tj\u00e4nster som inte kan \u00e5terbetalas\/\u00e5terbetalas:<\/strong><\/p>\n\n\n\n<ol class=\"wp-block-list\">\n<li>Alla typer av off-page SEO-kampanjer \/ Link Building \/Disavow-paket \/ Enterprise SEO-paket, Link Placement-relaterade tj\u00e4nster.<\/li>\n\n\n\n<li>Digitalt inneh\u00e5ll s\u00e5som artiklar, blogginneh\u00e5ll, pressmeddelanden och copywriting.<\/li>\n\n\n\n<li>Digitala tj\u00e4nster f\u00f6r inbound marketing, t.ex. e-b\u00f6cker, dokument, infografik, video och annat informativt inneh\u00e5ll.<\/li>\n\n\n\n<li>Dom\u00e4nregistrering och relaterade kostnader som WHOIS-skydd, privata namnservrar, dedikerad IP-kostnad.<\/li>\n\n\n\n<li>Projektbaserade kostnader f\u00f6r strategiska planer f\u00f6r e-handel och e-marknadsf\u00f6ring, sociala medier och hantering av online-rykte.<\/li>\n\n\n\n<li>Uppl\u00e4ggningsavgift f\u00f6r Pay-Per-Click-kampanjer (PPC), administrationsavgift, anv\u00e4nda Adwords-koder, re-targeting och eMarketing-kampanjer Kostnader.<\/li>\n\n\n\n<li>Online Reputation Management, PR, Featured news Syndication och Content Distribution-tj\u00e4nster.<\/li>\n<\/ol>\n\n\n\n<p><strong>OBS:&nbsp;<\/strong><em>V\u00e4nligen l\u00e4s denna \u00e5terbetalningspolicy f\u00f6r v\u00e5r tj\u00e4nst noggrant innan du k\u00f6per v\u00e5ra tj\u00e4nster eller anv\u00e4nder v\u00e5r webbplats eller n\u00e5gon tredje parts marknadsplats (er), relaterad till v\u00e5rt f\u00f6retagsnamn. P\u00e5 grund av den sj\u00e4lvs\u00e4kerhet och f\u00f6rtroende vi har i v\u00e5r arbetsstil, erbjuder vi en fullst\u00e4ndig pengarna-tillbaka-garanti. Denna \u00e5terbetalningspolicy g\u00e4ller endast f\u00f6r kunder som har k\u00f6pt v\u00e5ra produkter\/tj\u00e4nster med sina ursprungliga faktureringsuppgifter, kontaktuppgifter och projektuppgifter.<\/em><\/p>\n\n\n\n<p><em>Om du \u00e4r missn\u00f6jd med v\u00e5ra tj\u00e4nster, v\u00e4nligen kontakta support@picturava.shop f\u00f6r hj\u00e4lp. Vi kommer att f\u00f6rs\u00f6ka ta reda p\u00e5 och begr\u00e4nsa dina sk\u00e4l till missn\u00f6je och kommer att \u00e5terbetala v\u00e5ra grundl\u00e4ggande avgifter f\u00f6r off-page-optimering.<\/em><\/p>\n\n\n\n<p><em>Alla \u00e5terbetalningar kommer att skickas via samma betalningss\u00e4tt som anv\u00e4nds av kunden. Det b\u00f6r noteras att pengarna-tillbaka-garantin aldrig erbjuds f\u00f6r off-page-arbete (l\u00e4nkbyggnadsprojekt, marknadsf\u00f6ring p\u00e5 sociala medier, inkommande marknadsf\u00f6ring, inneh\u00e5llsutveckling och PPC-kampanjer.<\/em><\/p>\n\n\n\n<p><strong>H\u00e4vning av avtal<\/strong><\/p>\n\n\n\n<p>Om du prenumererar p\u00e5 ENDLED LTD:s produkter och tj\u00e4nster kommer avtalet att upph\u00f6ra n\u00e4r allt som anges i avtalet har uppfyllts. Kontraktet kan ocks\u00e5 avslutas i f\u00f6rtid om det finns n\u00e5got brott i kontraktet och endera parten beslutar att avbryta det. Avtalet kan ocks\u00e5 upph\u00f6ra genom ett \u00f6msesidigt samtycke fr\u00e5n b\u00e5da parter eller n\u00e4r det blir sv\u00e5rt att fullg\u00f6ra de skyldigheter som anges i avtalet p\u00e5 grund av katastrofer orsakade av m\u00e4nniskor (krig, upplopp, terroristhandlingar etc.) eller naturkatastrofer (som orkan, jordb\u00e4vning, \u00f6versv\u00e4mning etc.). H\u00e4vningen av avtalet ska dock inte p\u00e5verka eller inverka menligt p\u00e5 de r\u00e4ttigheter som tillkommer de andra ber\u00f6rda parterna med anledning av h\u00e4vningen eller att n\u00e5gon av de best\u00e4mmelser som uttryckligen n\u00e4mns f\u00f6r att \u00f6verleva eller underf\u00f6rst\u00e5tt \u00f6verleva h\u00e4vningen kvarst\u00e5r.  Alla avtal kan s\u00e4gas upp med 30 dagars varsel efter de f\u00f6rsta 30 dagarna av avtalsperioden.<\/p>\n\n\n\n<p>Avbokningar kan g\u00f6ras genom att kontakta support@picturava.shop Vid avbokning kommer ditt konto att raderas permanent. ENDLED LTD \u00e4r inte juridiskt bundet att betj\u00e4na alla; det kan v\u00e4lja att betj\u00e4na en klient efter eget gottfinnande.<\/p>","protected":false},"excerpt":{"rendered":"<p>ENDLED LTD offers a modest and easy to comprehend refund policy. The information hereafter is split into three sections \u2013 One Time Submission, Monthly SEO Service, Non-Refundable Entries ONE TIME&#8230;<\/p>","protected":false},"author":1,"featured_media":0,"parent":0,"menu_order":0,"comment_status":"closed","ping_status":"closed","template":"","meta":{"footnotes":""},"class_list":["post-4361","page","type-page","status-publish"],"_links":{"self":[{"href":"https:\/\/www.picturava.shop\/sv\/wp-json\/wp\/v2\/pages\/4361","targetHints":{"allow":["GET"]}}],"collection":[{"href":"https:\/\/www.picturava.shop\/sv\/wp-json\/wp\/v2\/pages"}],"about":[{"href":"https:\/\/www.picturava.shop\/sv\/wp-json\/wp\/v2\/types\/page"}],"author":[{"embeddable":true,"href":"https:\/\/www.picturava.shop\/sv\/wp-json\/wp\/v2\/users\/1"}],"replies":[{"embeddable":true,"href":"https:\/\/www.picturava.shop\/sv\/wp-json\/wp\/v2\/comments?post=4361"}],"version-history":[{"count":9,"href":"https:\/\/www.picturava.shop\/sv\/wp-json\/wp\/v2\/pages\/4361\/revisions"}],"predecessor-version":[{"id":7724,"href":"https:\/\/www.picturava.shop\/sv\/wp-json\/wp\/v2\/pages\/4361\/revisions\/7724"}],"wp:attachment":[{"href":"https:\/\/www.picturava.shop\/sv\/wp-json\/wp\/v2\/media?parent=4361"}],"curies":[{"name":"wp","href":"https:\/\/api.w.org\/{rel}","templated":true}]}}