{"id":6417,"date":"2023-12-22T05:02:48","date_gmt":"2023-12-22T05:02:48","guid":{"rendered":"https:\/\/www.pictureify.shop\/?post_type=product&#038;p=6417"},"modified":"2024-01-24T20:56:22","modified_gmt":"2024-01-24T20:56:22","slug":"12-month-supports","status":"publish","type":"product","link":"https:\/\/www.picturava.shop\/sv\/produkt\/12-month-supports\/","title":{"rendered":"UTVECKLING AV WEBBPLATSER"},"content":{"rendered":"<div id=\"fws_65b179308540a\" data-column-margin=\"default\" data-midnight=\"light\" data-top-percent=\"10%\" data-bottom-percent=\"10%\" class=\"wpb_row vc_row-fluid vc_row full-width-section  vc_row-o-equal-height vc_row-flex  vc_row-o-content-top parallax_section\" style=\"padding-top: calc(100vw * 0.10);padding-bottom: calc(100vw * 0.10)\">\n<div class=\"row-bg-wrap\" data-bg-animation=\"none\" data-bg-overlay=\"true\">\n<div class=\"inner-wrap using-image\">\n<div class=\"row-bg using-image using-bg-color\" data-parallax-speed=\"fast\" style=\"background-image: url(https:\/\/source.unsplash.com\/collection\/190727\/daily);background-position: center center;background-color: #1e1e1e\"><\/div>\n<\/div>\n<div class=\"row-bg-overlay\" style=\"background: #0069ff;background: linear-gradient(45deg,#0069ff 0%,#ff3a6f 100%)\"><\/div>\n<\/div>\n<div class=\"row_col_wrap_12 col span_12 light left\">\n<div class=\"vc_col-sm-6 wpb_column column_container vc_column_container col has-animation no-extra-padding inherit_tablet inherit_phone\" data-t-w-inherits=\"default\" data-bg-cover=\"\" data-padding-pos=\"all\" data-has-bg-color=\"false\" data-bg-color=\"\" data-bg-opacity=\"1\" data-hover-bg=\"\" data-hover-bg-opacity=\"1\" data-animation=\"fade-in-from-bottom\" data-delay=\"0\">\n<div class=\"vc_column-inner\">\n<div class=\"column-bg-overlay-wrap\" data-bg-animation=\"none\">\n<div class=\"column-bg-overlay\"><\/div>\n<\/div>\n<div class=\"wpb_wrapper\">\n<h2 style=\"font-size: 88px;line-height: 97px;text-align: left;font-family:Roboto;font-weight:700;font-style:normal\" class=\"vc_custom_heading\">Vi erbjuder fantastiska tj\u00e4nster<\/h2>\n<\/p>\n<\/div>\n<\/div>\n<\/div>\n<div class=\"vc_col-sm-6 wpb_column column_container vc_column_container col no-extra-padding inherit_tablet inherit_phone\" data-t-w-inherits=\"default\" data-bg-cover=\"\" data-padding-pos=\"all\" data-has-bg-color=\"false\" data-bg-color=\"\" data-bg-opacity=\"1\" data-hover-bg=\"\" data-hover-bg-opacity=\"1\" data-animation=\"\" data-delay=\"0\">\n<div class=\"vc_column-inner\">\n<div class=\"column-bg-overlay-wrap\" data-bg-animation=\"none\">\n<div class=\"column-bg-overlay\"><\/div>\n<\/div>\n<div class=\"wpb_wrapper\">\n<div id=\"fws_65b1793085ede\" data-midnight=\"\" data-column-margin=\"default\" class=\"wpb_row vc_row-fluid vc_row inner_row standard_section\" style=\"padding-top: 0px;padding-bottom: 0px\">\n<div class=\"row-bg-wrap\">\n<div class=\"row-bg\"><\/div>\n<\/div>\n<div class=\"row_col_wrap_12_inner col span_12  left\">\n<div class=\"vc_col-sm-6 wpb_column column_container vc_column_container col child_column has-animation no-extra-padding inherit_tablet inherit_phone\" data-t-w-inherits=\"default\" data-bg-cover=\"\" data-padding-pos=\"all\" data-has-bg-color=\"false\" data-bg-color=\"\" data-bg-opacity=\"1\" data-hover-bg=\"\" data-hover-bg-opacity=\"1\" data-animation=\"fade-in\" data-delay=\"0\">\n<div class=\"vc_column-inner\">\n<div class=\"column-bg-overlay-wrap\" data-bg-animation=\"none\">\n<div class=\"column-bg-overlay\"><\/div>\n<\/div>\n<div class=\"wpb_wrapper\">\n<div class=\"nectar_icon_wrap\" data-style=\"default\" data-draw=\"\" data-border-thickness=\"2px\" data-padding=\"0px\" data-color=\"white\" style=\"margin-top: 20px\">\n<div class=\"nectar_icon\"><i style=\"font-size: 50px;line-height: 50px;height: 50px;width: 50px\" class=\"iconsmind-Diamond\"><\/i><\/div>\n<\/div>\n<div class=\"wpb_text_column wpb_content_element  wpb_animate_when_almost_visible wpb_fadeInUp fadeInUp vc_custom_1627332613043\">\n<div class=\"wpb_wrapper\">\n<h4>PAY-PER-CLICK-ANNONSERING (PPC)<\/h4>\n<\/p>\n<\/div>\n<\/div>\n<p style=\"text-align: left\" class=\"vc_custom_heading wpb_animate_when_almost_visible wpb_fadeInUp fadeInUp vc_custom_1627332583674\">PPC-annonser \u00e4r betalda annonser som visas h\u00f6gst upp i s\u00f6kresultaten.<\/p>\n<div class=\"nectar_icon_wrap\" data-style=\"default\" data-draw=\"\" data-border-thickness=\"2px\" data-padding=\"0px\" data-color=\"white\" style=\"margin-top: 30px\">\n<div class=\"nectar_icon\"><i style=\"font-size: 50px;line-height: 50px;height: 50px;width: 50px\" class=\"iconsmind-Helicopter\"><\/i><\/div>\n<\/div>\n<div class=\"wpb_text_column wpb_content_element  wpb_animate_when_almost_visible wpb_fadeInUp fadeInUp vc_custom_1627332757436\">\n<div class=\"wpb_wrapper\">\n<h4>5-DAGARS PENGARNA-TILLBAKA-GARANTI<\/h4>\n<\/p>\n<\/div>\n<\/div>\n<p style=\"text-align: left\" class=\"vc_custom_heading wpb_animate_when_almost_visible wpb_fadeInUp fadeInUp vc_custom_1627332730461\">Om du anser att v\u00e5ra tj\u00e4nster inte passar dig kommer vi att ge dig full \u00e5terbetalning.<\/p>\n<\/p>\n<\/div>\n<\/div>\n<\/div>\n<div class=\"vc_col-sm-6 wpb_column column_container vc_column_container col child_column has-animation no-extra-padding inherit_tablet inherit_phone\" data-t-w-inherits=\"default\" data-bg-cover=\"\" data-padding-pos=\"all\" data-has-bg-color=\"false\" data-bg-color=\"\" data-bg-opacity=\"1\" data-hover-bg=\"\" data-hover-bg-opacity=\"1\" data-animation=\"fade-in\" data-delay=\"0\">\n<div class=\"vc_column-inner\">\n<div class=\"column-bg-overlay-wrap\" data-bg-animation=\"none\">\n<div class=\"column-bg-overlay\"><\/div>\n<\/div>\n<div class=\"wpb_wrapper\">\n<div class=\"nectar_icon_wrap\" data-style=\"default\" data-draw=\"\" data-border-thickness=\"2px\" data-padding=\"0px\" data-color=\"white\" style=\"margin-top: 20px\">\n<div class=\"nectar_icon\"><i style=\"font-size: 50px;line-height: 50px;height: 50px;width: 50px\" class=\"iconsmind-Gear-2\"><\/i><\/div>\n<\/div>\n<div class=\"wpb_text_column wpb_content_element  wpb_animate_when_almost_visible wpb_fadeInUp fadeInUp vc_custom_1627332664119\">\n<div class=\"wpb_wrapper\">\n<h4>S\u00d6KMOTOROPTIMERING (SEO)<\/h4>\n<\/p>\n<\/div>\n<\/div>\n<p style=\"text-align: left\" class=\"vc_custom_heading wpb_animate_when_almost_visible wpb_fadeInUp fadeInUp vc_custom_1627332637890\">SEO \u00e4r processen f\u00f6r att f\u00f6rb\u00e4ttra din webbplats ranking i s\u00f6kresultaten.<\/p>\n<div class=\"nectar_icon_wrap\" data-style=\"default\" data-draw=\"\" data-border-thickness=\"2px\" data-padding=\"0px\" data-color=\"white\" style=\"margin-top: 30px\">\n<div class=\"nectar_icon\"><i style=\"font-size: 50px;line-height: 50px;height: 50px;width: 50px\" class=\"iconsmind-Life-Jacket\"><\/i><\/div>\n<\/div>\n<div class=\"wpb_text_column wpb_content_element  wpb_animate_when_almost_visible wpb_fadeInUp fadeInUp vc_custom_1627332709205\">\n<div class=\"wpb_wrapper\">\n<h4>S\u00c4KER OCH TRYGG BETALNING<\/h4>\n<\/p>\n<\/div>\n<\/div>\n<p style=\"text-align: left\" class=\"vc_custom_heading wpb_animate_when_almost_visible wpb_fadeInUp fadeInUp vc_custom_1627332686445\">S\u00e4kra betalningar - inga komplicerade faktureringsprocesser kr\u00e4vs.<\/p>\n<\/p>\n<\/div>\n<\/div>\n<\/div>\n<\/div>\n<\/div>\n<\/div>\n<\/div>\n<\/div>\n<\/div>\n<\/div>\n<div id=\"fws_65b1793087a1c\" data-column-margin=\"default\" data-midnight=\"light\" data-top-percent=\"10%\" data-bottom-percent=\"10%\" class=\"wpb_row vc_row-fluid vc_row full-width-section standard_section\" style=\"padding-top: calc(100vw * 0.10);padding-bottom: calc(100vw * 0.10)\">\n<div class=\"row-bg-wrap\" data-bg-animation=\"none\" data-bg-overlay=\"true\">\n<div class=\"inner-wrap using-image\">\n<div class=\"row-bg using-image\" style=\"background-image: url(https:\/\/source.unsplash.com\/collection\/217569\/daily);background-position: center center\"><\/div>\n<\/div>\n<div class=\"row-bg-overlay\" style=\"background-color:#2b4bff\"><\/div>\n<\/div>\n<div class=\"row_col_wrap_12 col span_12 light left\">\n<div class=\"vc_col-sm-12 wpb_column column_container vc_column_container col no-extra-padding inherit_tablet inherit_phone\" data-t-w-inherits=\"default\" data-bg-cover=\"\" data-padding-pos=\"all\" data-has-bg-color=\"false\" data-bg-color=\"\" data-bg-opacity=\"1\" data-hover-bg=\"\" data-hover-bg-opacity=\"1\" data-animation=\"\" data-delay=\"0\">\n<div class=\"vc_column-inner\">\n<div class=\"column-bg-overlay-wrap\" data-bg-animation=\"none\">\n<div class=\"column-bg-overlay\"><\/div>\n<\/div>\n<div class=\"wpb_wrapper\">\n<div id=\"fws_65b1793087ffe\" data-midnight=\"\" data-column-margin=\"default\" class=\"wpb_row vc_row-fluid vc_row inner_row standard_section\" style=\"padding-top: 0px;padding-bottom: 0px\">\n<div class=\"row-bg-wrap\">\n<div class=\"row-bg\"><\/div>\n<\/div>\n<div class=\"row_col_wrap_12_inner col span_12  left\">\n<div class=\"vc_col-sm-12 wpb_column column_container vc_column_container col child_column centered-text has-animation no-extra-padding inherit_tablet inherit_phone\" data-t-w-inherits=\"default\" data-bg-cover=\"\" data-padding-pos=\"all\" data-has-bg-color=\"false\" data-bg-color=\"\" data-bg-opacity=\"1\" data-hover-bg=\"\" data-hover-bg-opacity=\"1\" data-animation=\"fade-in-from-bottom\" data-delay=\"0\">\n<div class=\"vc_column-inner\">\n<div class=\"column-bg-overlay-wrap\" data-bg-animation=\"none\">\n<div class=\"column-bg-overlay\"><\/div>\n<\/div>\n<div class=\"wpb_wrapper\">\n<div class=\"wpb_text_column wpb_content_element  wpb_animate_when_almost_visible wpb_fadeIn fadeIn\">\n<div class=\"wpb_wrapper\">\n<h4>Se f\u00f6r att tro<\/h4>\n<\/p>\n<\/div>\n<\/div>\n<h2 style=\"font-size: 48px;text-align: center\" class=\"vc_custom_heading\">Vi har alla funktioner<\/h2>\n<\/p>\n<\/div>\n<\/div>\n<\/div>\n<\/div>\n<\/div>\n<div id=\"fws_65b17930888a0\" data-midnight=\"\" data-column-margin=\"default\" class=\"wpb_row vc_row-fluid vc_row inner_row standard_section\" style=\"padding-top: 20px;padding-bottom: 0px\">\n<div class=\"row-bg-wrap\">\n<div class=\"row-bg\"><\/div>\n<\/div>\n<div class=\"row_col_wrap_12_inner col span_12  left\">\n<div class=\"vc_col-sm-4 wpb_column column_container vc_column_container col child_column centered-text has-animation padding-3-percent inherit_tablet inherit_phone\" data-t-w-inherits=\"default\" data-bg-cover=\"\" data-padding-pos=\"all\" data-has-bg-color=\"false\" data-bg-color=\"\" data-bg-opacity=\"1\" data-hover-bg=\"\" data-hover-bg-opacity=\"1\" data-animation=\"fade-in-from-bottom\" data-delay=\"0\">\n<div class=\"vc_column-inner\">\n<div class=\"column-bg-overlay-wrap\" data-bg-animation=\"none\">\n<div class=\"column-bg-overlay\"><\/div>\n<\/div>\n<div class=\"wpb_wrapper\">\n<div class=\"nectar_icon_wrap\" data-style=\"default\" data-draw=\"\" data-border-thickness=\"2px\" data-padding=\"20px\" data-color=\"white\">\n<div class=\"nectar_icon\"><i style=\"font-size: 50px;line-height: 50px;height: 50px;width: 50px\" class=\"iconsmind-Statistic\"><\/i><\/div>\n<\/div>\n<div class=\"wpb_text_column wpb_content_element  wpb_animate_when_almost_visible wpb_fadeInUp fadeInUp\">\n<div class=\"wpb_wrapper\">\n<h4>Utveckling av webbplatser<\/h4>\n<\/p>\n<\/div>\n<\/div>\n<div class=\"wpb_text_column wpb_content_element  wpb_animate_when_almost_visible wpb_fadeInUp fadeInUp vc_custom_1627332890283\">\n<div class=\"wpb_wrapper\">\n<p>Mallar eller skr\u00e4ddarsydda webbplatser<\/p>\n<\/p>\n<\/div>\n<\/div>\n<\/div>\n<\/div>\n<\/div>\n<div class=\"vc_col-sm-4 wpb_column column_container vc_column_container col child_column centered-text has-animation padding-3-percent inherit_tablet inherit_phone\" data-t-w-inherits=\"default\" data-bg-cover=\"\" data-padding-pos=\"all\" data-has-bg-color=\"false\" data-bg-color=\"\" data-bg-opacity=\"1\" data-hover-bg=\"\" data-hover-bg-opacity=\"1\" data-animation=\"fade-in-from-bottom\" data-delay=\"0\">\n<div class=\"vc_column-inner\">\n<div class=\"column-bg-overlay-wrap\" data-bg-animation=\"none\">\n<div class=\"column-bg-overlay\"><\/div>\n<\/div>\n<div class=\"wpb_wrapper\">\n<div class=\"nectar_icon_wrap\" data-style=\"default\" data-draw=\"\" data-border-thickness=\"2px\" data-padding=\"20px\" data-color=\"white\">\n<div class=\"nectar_icon\"><i style=\"font-size: 50px;line-height: 50px;height: 50px;width: 50px\" class=\"iconsmind-Pricing\"><\/i><\/div>\n<\/div>\n<div class=\"wpb_text_column wpb_content_element  wpb_animate_when_almost_visible wpb_fadeInUp fadeInUp\">\n<div class=\"wpb_wrapper\">\n<h4>Fullst\u00e4ndigt marknadsf\u00f6ringspaket<\/h4>\n<\/p>\n<\/div>\n<\/div>\n<div class=\"wpb_text_column wpb_content_element  wpb_animate_when_almost_visible wpb_fadeInUp fadeInUp vc_custom_1485216419423\">\n<div class=\"wpb_wrapper\">\n<p>L\u00e5ngt borta, bakom ordbergen, l\u00e5ngt fr\u00e5n l\u00e4nderna Vokalia och Consonantia, d\u00e4r lever de blinda texterna<\/p>\n<\/p>\n<\/div>\n<\/div>\n<\/div>\n<\/div>\n<\/div>\n<div class=\"vc_col-sm-4 wpb_column column_container vc_column_container col child_column centered-text has-animation padding-3-percent inherit_tablet inherit_phone\" data-t-w-inherits=\"default\" data-bg-cover=\"\" data-padding-pos=\"all\" data-has-bg-color=\"false\" data-bg-color=\"\" data-bg-opacity=\"1\" data-hover-bg=\"\" data-hover-bg-opacity=\"1\" data-animation=\"fade-in-from-bottom\" data-delay=\"0\">\n<div class=\"vc_column-inner\">\n<div class=\"column-bg-overlay-wrap\" data-bg-animation=\"none\">\n<div class=\"column-bg-overlay\"><\/div>\n<\/div>\n<div class=\"wpb_wrapper\">\n<div class=\"nectar_icon_wrap\" data-style=\"default\" data-draw=\"\" data-border-thickness=\"2px\" data-padding=\"20px\" data-color=\"white\">\n<div class=\"nectar_icon\"><i style=\"font-size: 50px;line-height: 50px;height: 50px;width: 50px\" class=\"iconsmind-Finger-DragFourSides\"><\/i><\/div>\n<\/div>\n<div class=\"wpb_text_column wpb_content_element  wpb_animate_when_almost_visible wpb_fadeInUp fadeInUp\">\n<div class=\"wpb_wrapper\">\n<h4>S\u00f6kmotoroptimering (SEO)<\/h4>\n<\/p>\n<\/div>\n<\/div>\n<div class=\"wpb_text_column wpb_content_element  wpb_animate_when_almost_visible wpb_fadeInUp fadeInUp vc_custom_1627333092042\">\n<div class=\"wpb_wrapper\">\n<p>Optimering av din webbplats<\/p>\n<\/p>\n<\/div>\n<\/div>\n<\/div>\n<\/div>\n<\/div>\n<\/div>\n<\/div>\n<\/div>\n<\/div>\n<\/div>\n<\/div>\n<\/div>\n<div id=\"fws_65b179308a676\" data-column-margin=\"default\" data-midnight=\"dark\" data-top-percent=\"7%\" data-bottom-percent=\"6%\" class=\"wpb_row vc_row-fluid vc_row full-width-content standard_section\" style=\"padding-top: calc(100vw * 0.07);padding-bottom: calc(100vw * 0.06)\">\n<div class=\"row-bg-wrap\" data-bg-animation=\"none\" data-bg-overlay=\"false\">\n<div class=\"inner-wrap\">\n<div class=\"row-bg using-bg-color\" style=\"background-color: #ffffff\"><\/div>\n<\/div>\n<div class=\"row-bg-overlay\"><\/div>\n<\/div>\n<div class=\"row_col_wrap_12 col span_12 dark left\">\n<div class=\"vc_col-sm-12 wpb_column column_container vc_column_container col no-extra-padding inherit_tablet inherit_phone\" data-t-w-inherits=\"default\" data-bg-cover=\"\" data-padding-pos=\"all\" data-has-bg-color=\"false\" data-bg-color=\"\" data-bg-opacity=\"1\" data-hover-bg=\"\" data-hover-bg-opacity=\"1\" data-animation=\"\" data-delay=\"0\">\n<div class=\"vc_column-inner\">\n<div class=\"column-bg-overlay-wrap\" data-bg-animation=\"none\">\n<div class=\"column-bg-overlay\"><\/div>\n<\/div>\n<div class=\"wpb_wrapper\">\n<div class=\"col span_12 testimonial_slider\" data-color=\"accent-color-dark\" data-rating-color=\"accent-color\" data-add-border=\"\" data-autorotate=\"\" data-style=\"multiple_visible\">\n<div class=\"slides\">\n<div class=\"flickity-viewport\">\n<div class=\"flickity-slider\">\n<blockquote>\n<div data-shadow=\"\" class=\"image-icon\">&#8220;<\/div>\n<p>\"PICTUREIFY-teamet \u00e4r underbara. De skapade v\u00e5r webbplats och hanterar v\u00e5ra sociala medier. Jag rekommenderar dem varmt. V\u00e5r webbplats f\u00e5r b\u00e4ttre placering \u00e4n den n\u00e5gonsin har gjort och v\u00e5ra Facebook-sidvisningar har \u00f6kat. Jag skulle inte anv\u00e4nda n\u00e5gon annan. \" <span class=\"bottom-arrow\"><\/span><\/p>\n<p><span class=\"testimonial-name\">Paul<\/span><span class=\"title\">VD - OYLIAMO Designer<\/span><\/p>\n<\/blockquote>\n<\/div>\n<\/div>\n<\/div>\n<\/div>\n<\/div>\n<\/div>\n<\/div>\n<\/div>\n<\/div>\n<div id=\"fws_65b179308b084\" data-column-margin=\"default\" data-midnight=\"dark\" class=\"wpb_row vc_row-fluid vc_row full-width-section standard_section\" style=\"padding-top: 100px;padding-bottom: 100px\">\n<div class=\"row-bg-wrap\" data-bg-animation=\"none\" data-bg-overlay=\"false\">\n<div class=\"inner-wrap\">\n<div class=\"row-bg using-bg-color\" style=\"background-color: #f7f7f7\"><\/div>\n<\/div>\n<div class=\"row-bg-overlay\"><\/div>\n<\/div>\n<div class=\"row_col_wrap_12 col span_12 dark left\">\n<div class=\"vc_col-sm-12 wpb_column column_container vc_column_container col no-extra-padding inherit_tablet inherit_phone\" data-t-w-inherits=\"default\" data-bg-cover=\"\" data-padding-pos=\"all\" data-has-bg-color=\"false\" data-bg-color=\"\" data-bg-opacity=\"1\" data-hover-bg=\"\" data-hover-bg-opacity=\"1\" data-animation=\"\" data-delay=\"0\">\n<div class=\"vc_column-inner\">\n<div class=\"column-bg-overlay-wrap\" data-bg-animation=\"none\">\n<div class=\"column-bg-overlay\"><\/div>\n<\/div>\n<div class=\"wpb_wrapper\">\n<div class=\"wpb_text_column wpb_content_element\">\n<div class=\"wpb_wrapper\">\n<h2>VANLIGA FR\u00c5GOR<\/h2>\n<\/p>\n<\/div>\n<\/div>\n<div class=\"toggles\" data-style=\"minimal\">\n<div class=\"toggle default\" data-inner-wrap=\"true\">\n<h3><a href=\"#\"><i class=\"icon-plus-sign\"><\/i>Jag bor i Storbritannien eller USA, kommer denna digitala marknadsf\u00f6ring att fungera?<\/a><\/h3>\n<div>\n<div class=\"inner-toggle-wrap\">\n<div class=\"wpb_text_column wpb_content_element\">\n<div class=\"wpb_wrapper\">\n<p>Ja, det g\u00f6r vi. V\u00e5r tj\u00e4nst \u00e4r tillg\u00e4nglig \u00f6ver hela v\u00e4rlden f\u00f6r alla.<\/p>\n<\/p>\n<\/div>\n<\/div>\n<\/div>\n<\/div>\n<\/div>\n<div class=\"toggle default\" data-inner-wrap=\"true\">\n<h3><a href=\"#\"><i class=\"icon-plus-sign\"><\/i>Vilka betalningsmetoder finns tillg\u00e4ngliga?<\/a><\/h3>\n<div>\n<div class=\"inner-toggle-wrap\">\n<div class=\"wpb_text_column wpb_content_element\">\n<div class=\"wpb_wrapper\">\n<p>Du kan betala med ditt betal- eller kreditkort.<\/p>\n<\/p>\n<\/div>\n<\/div>\n<\/div>\n<\/div>\n<\/div>\n<\/div>\n<\/div>\n<\/div>\n<\/div>\n<\/div>\n<\/div>\n<div id=\"fws_65b179308bc27\" data-column-margin=\"default\" data-midnight=\"dark\" class=\"wpb_row vc_row-fluid vc_row standard_section\" style=\"padding-top: 0px;padding-bottom: 0px\">\n<div class=\"row-bg-wrap\" data-bg-animation=\"none\" data-bg-overlay=\"false\">\n<div class=\"inner-wrap\">\n<div class=\"row-bg\"><\/div>\n<\/div>\n<div class=\"row-bg-overlay\"><\/div>\n<\/div>\n<div class=\"row_col_wrap_12 col span_12 dark left\">\n<div class=\"vc_col-sm-12 wpb_column column_container vc_column_container col no-extra-padding inherit_tablet inherit_phone\" data-t-w-inherits=\"default\" data-bg-cover=\"\" data-padding-pos=\"all\" data-has-bg-color=\"false\" data-bg-color=\"\" data-bg-opacity=\"1\" data-hover-bg=\"\" data-hover-bg-opacity=\"1\" data-animation=\"\" data-delay=\"0\">\n<div class=\"vc_column-inner\">\n<div class=\"column-bg-overlay-wrap\" data-bg-animation=\"none\">\n<div class=\"column-bg-overlay\"><\/div>\n<\/div>\n<div class=\"wpb_wrapper\"><\/div>\n<\/div>\n<\/div>\n<\/div>\n<\/div>","protected":false},"excerpt":{"rendered":"<p>We Offer Awesome Services PAY-PER-CLICK ADVERTISING (PPC) PPC ads are paid advertisements that appear at the top of the search results. 5-DAY MONEY-BACK GUARANTEE If you feel our services is&#8230;<\/p>","protected":false},"featured_media":5043,"comment_status":"closed","ping_status":"closed","template":"","meta":[],"product_brand":[],"product_cat":[15],"product_tag":[],"class_list":{"0":"post-6417","1":"product","2":"type-product","3":"status-publish","4":"has-post-thumbnail","6":"product_cat-smma","8":"first","9":"instock","10":"shipping-taxable","11":"purchasable","12":"product-type-simple"},"_links":{"self":[{"href":"https:\/\/www.picturava.shop\/sv\/wp-json\/wp\/v2\/product\/6417","targetHints":{"allow":["GET"]}}],"collection":[{"href":"https:\/\/www.picturava.shop\/sv\/wp-json\/wp\/v2\/product"}],"about":[{"href":"https:\/\/www.picturava.shop\/sv\/wp-json\/wp\/v2\/types\/product"}],"replies":[{"embeddable":true,"href":"https:\/\/www.picturava.shop\/sv\/wp-json\/wp\/v2\/comments?post=6417"}],"wp:featuredmedia":[{"embeddable":true,"href":"https:\/\/www.picturava.shop\/sv\/wp-json\/wp\/v2\/media\/5043"}],"wp:attachment":[{"href":"https:\/\/www.picturava.shop\/sv\/wp-json\/wp\/v2\/media?parent=6417"}],"wp:term":[{"taxonomy":"product_brand","embeddable":true,"href":"https:\/\/www.picturava.shop\/sv\/wp-json\/wp\/v2\/product_brand?post=6417"},{"taxonomy":"product_cat","embeddable":true,"href":"https:\/\/www.picturava.shop\/sv\/wp-json\/wp\/v2\/product_cat?post=6417"},{"taxonomy":"product_tag","embeddable":true,"href":"https:\/\/www.picturava.shop\/sv\/wp-json\/wp\/v2\/product_tag?post=6417"}],"curies":[{"name":"wp","href":"https:\/\/api.w.org\/{rel}","templated":true}]}}